{"id":6205,"date":"2022-03-29T19:15:11","date_gmt":"2022-03-29T17:15:11","guid":{"rendered":"https:\/\/www.musicalmollet.com\/?post_type=product&#038;p=6205"},"modified":"2022-03-29T19:15:13","modified_gmt":"2022-03-29T17:15:13","slug":"canas-saxo-alto-vandoren-2-1-2-sr2125","status":"publish","type":"product","link":"https:\/\/www.musicalmollet.com\/index.php\/producto\/canas-saxo-alto-vandoren-2-1-2-sr2125\/","title":{"rendered":"Ca\u00f1as Saxo Alto Vandoren 2 1\/2 SR2125"},"content":{"rendered":"<section class=\"product-first-section-left\">\n<div class=\"djv-product-images\">\n<div class=\"images-container\">\n<div class=\"product-cover\"><\/div>\n<\/div>\n<\/div>\n<\/section>\n<section class=\"product-first-section-right\">\n<div id=\"product-information-name\">\n<h1>Ca\u00f1a Vandoren Saxo Alto N\u00ba2 1\/2 Tradicional<\/h1>\n<\/div>\n<div id=\"product-reference\"><label>Ref.: <\/label> <strong> SR2125 <\/strong><\/div>\n<div id=\"product-manufacturer\"><a id=\"manufacturer_logo\" href=\"https:\/\/www.musimaster.com\/vandoren-m-500\"> <img decoding=\"async\" src=\"https:\/\/cdn2.musimaster.com\/img\/m\/500.jpg\" \/> <\/a><\/div>\n<div id=\"product-description-short\">\n<p>Las ca\u00f1as m\u00e1s tocadas por los m\u00fasicos profesionales. Con una superioridad demostrada a lo largo de los a\u00f1os.<\/p>\n<ul>\n<li>Para todo tipo de m\u00fasica<\/li>\n<li>Excelente respuesta en todos los registros<\/li>\n<li>Caja de 10 ca\u00f1as<\/li>\n<li>Sonido con cuerpo y brillo<\/li>\n<\/ul>\n<\/div>\n<\/section>\n","protected":false},"excerpt":{"rendered":"<p>CAJA DE 10 CA\u00d1AS<\/p>\n","protected":false},"featured_media":6206,"comment_status":"closed","ping_status":"closed","template":"","meta":{"om_disable_all_campaigns":false},"product_cat":[90],"product_tag":[266],"class_list":["post-6205","product","type-product","status-publish","has-post-thumbnail","hentry","product_cat-canyas-saxo-alto","product_tag-accesorios-viento"],"aioseo_notices":[],"_links":{"self":[{"href":"https:\/\/www.musicalmollet.com\/index.php\/wp-json\/wp\/v2\/product\/6205","targetHints":{"allow":["GET"]}}],"collection":[{"href":"https:\/\/www.musicalmollet.com\/index.php\/wp-json\/wp\/v2\/product"}],"about":[{"href":"https:\/\/www.musicalmollet.com\/index.php\/wp-json\/wp\/v2\/types\/product"}],"replies":[{"embeddable":true,"href":"https:\/\/www.musicalmollet.com\/index.php\/wp-json\/wp\/v2\/comments?post=6205"}],"wp:featuredmedia":[{"embeddable":true,"href":"https:\/\/www.musicalmollet.com\/index.php\/wp-json\/wp\/v2\/media\/6206"}],"wp:attachment":[{"href":"https:\/\/www.musicalmollet.com\/index.php\/wp-json\/wp\/v2\/media?parent=6205"}],"wp:term":[{"taxonomy":"product_cat","embeddable":true,"href":"https:\/\/www.musicalmollet.com\/index.php\/wp-json\/wp\/v2\/product_cat?post=6205"},{"taxonomy":"product_tag","embeddable":true,"href":"https:\/\/www.musicalmollet.com\/index.php\/wp-json\/wp\/v2\/product_tag?post=6205"}],"curies":[{"name":"wp","href":"https:\/\/api.w.org\/{rel}","templated":true}]}}