{"id":6214,"date":"2022-03-30T12:10:44","date_gmt":"2022-03-30T10:10:44","guid":{"rendered":"https:\/\/www.musicalmollet.com\/?post_type=product&#038;p=6214"},"modified":"2022-04-01T11:16:36","modified_gmt":"2022-04-01T09:16:36","slug":"mazas-vibrafono-inaki-sebastian-vcs3","status":"publish","type":"product","link":"https:\/\/www.musicalmollet.com\/index.php\/producto\/mazas-vibrafono-inaki-sebastian-vcs3\/","title":{"rendered":"Mazas Vibr\u00e1fono I\u00f1aki Sebastian VCS3 Concert Medium"},"content":{"rendered":"<ul class=\"nav nav-tabs tab_lg \" role=\"tablist\">\n<li class=\"nav-item\"><a class=\"nav-link\" role=\"tab\" href=\"https:\/\/ticomusica.es\/mazas\/3837-maza-vibrafono-inaki-sebastian-vcs3-concert-medium-3905114.html#product-details\" data-toggle=\"tab\" aria-controls=\"product-details\">Detalles del producto<\/a><\/li>\n<\/ul>\n<div class=\"tab-content \">\n<div id=\"description\" class=\"tab-pane active \" role=\"tabpanel\">\n<div class=\"tab-pane-body\">\n<div class=\"product-description\">\n<div class=\"style_content\">\n<p>Modelo profesional de uso generalizado, sonidos redondos, grandes, con ataque claro y preciso por la tensi\u00f3n de la lana. Son baquetas que funcionan excepcionalmente bien en toda la tesitura del instrumento, tambi\u00e9n en todo el rango de la marimba. Referencia general muy apropiada para tocar infinidad de obras y con una fant\u00e1stica relaci\u00f3n calidad \/ precio. Modelo especialmente recomendado.<\/p>\n<p>&nbsp;<\/p>\n<p>Mayor cantidad y proyecci\u00f3n de sonido, por eso, es especialmente recomendado para tocar en grandes ensembles, orquesta sinf\u00f3nica, banda sinf\u00f3nica, etc&#8230;<\/p>\n<p>&nbsp;<\/p>\n<p>Mango de rat\u00e1n \/ Longitud: 39 cm<\/p>\n<p>Di\u00e1metro: +\/- 9,5 mm<\/p>\n<p>Cabeza Interior: termopl\u00e1stico m\u00e1s grande de dureza media. Modelo general<\/p>\n<p>Tensi\u00f3n lana: muy apretada, para tener un ataque muy claro y preciso<\/p>\n<p>Peso: +\/- 38-39 gr<\/p>\n<\/div>\n<\/div>\n<\/div>\n<\/div>\n<\/div>\n","protected":false},"excerpt":{"rendered":"<p>Conjunto de 4 mazas Ref. 3905114<\/p>\n","protected":false},"featured_media":6217,"comment_status":"closed","ping_status":"closed","template":"","meta":{"om_disable_all_campaigns":false},"product_cat":[120],"product_tag":[194],"class_list":["post-6214","product","type-product","status-publish","has-post-thumbnail","hentry","product_cat-baquetas-mazas-claves-etc","product_tag-maza"],"aioseo_notices":[],"_links":{"self":[{"href":"https:\/\/www.musicalmollet.com\/index.php\/wp-json\/wp\/v2\/product\/6214","targetHints":{"allow":["GET"]}}],"collection":[{"href":"https:\/\/www.musicalmollet.com\/index.php\/wp-json\/wp\/v2\/product"}],"about":[{"href":"https:\/\/www.musicalmollet.com\/index.php\/wp-json\/wp\/v2\/types\/product"}],"replies":[{"embeddable":true,"href":"https:\/\/www.musicalmollet.com\/index.php\/wp-json\/wp\/v2\/comments?post=6214"}],"wp:featuredmedia":[{"embeddable":true,"href":"https:\/\/www.musicalmollet.com\/index.php\/wp-json\/wp\/v2\/media\/6217"}],"wp:attachment":[{"href":"https:\/\/www.musicalmollet.com\/index.php\/wp-json\/wp\/v2\/media?parent=6214"}],"wp:term":[{"taxonomy":"product_cat","embeddable":true,"href":"https:\/\/www.musicalmollet.com\/index.php\/wp-json\/wp\/v2\/product_cat?post=6214"},{"taxonomy":"product_tag","embeddable":true,"href":"https:\/\/www.musicalmollet.com\/index.php\/wp-json\/wp\/v2\/product_tag?post=6214"}],"curies":[{"name":"wp","href":"https:\/\/api.w.org\/{rel}","templated":true}]}}