{"id":6276,"date":"2022-05-10T12:45:21","date_gmt":"2022-05-10T10:45:21","guid":{"rendered":"https:\/\/www.musicalmollet.com\/?post_type=product&#038;p=6276"},"modified":"2022-05-11T18:04:08","modified_gmt":"2022-05-11T16:04:08","slug":"clavijero-guitarra-acustica-electrica-yellow-ez1721c","status":"publish","type":"product","link":"https:\/\/www.musicalmollet.com\/index.php\/producto\/clavijero-guitarra-acustica-electrica-yellow-ez1721c\/","title":{"rendered":"Clavijero guitarra Acustica\/Electrica Yellow EZ1721C 3 + 3"},"content":{"rendered":"<div class=\"row\">\n<div class=\"col-xs-12 col-sm-12\"><a class=\"margtop-10 margbot-10 inblock\" title=\"Todos los productos de este fabricante\" href=\"https:\/\/alfasoni.com\/marca\/yellow-parts\"><img decoding=\"async\" class=\"imglog\" src=\"https:\/\/alfasoni.com\/img\/m\/122-manuf_img.jpg\" alt=\"YELLOW PARTS\" \/><\/a><\/p>\n<div class=\"mk-campaign\"><\/div>\n<\/div>\n<\/div>\n<div id=\"short_description_block\">\n<div id=\"short_description_content\" class=\"rte\">Clavijas cromadas de afinaci\u00f3n para guitarras ac\u00fasticas. Disposici\u00f3n 3+3<\/div>\n<\/div>\n","protected":false},"excerpt":{"rendered":"<p>Clavijas cromadas de afinaci\u00f3n para guitarras ac\u00fasticas. Disposici\u00f3n 3+3<\/p>\n","protected":false},"featured_media":6277,"comment_status":"closed","ping_status":"closed","template":"","meta":{"om_disable_all_campaigns":false},"product_cat":[76],"product_tag":[],"class_list":["post-6276","product","type-product","status-publish","has-post-thumbnail","hentry","product_cat-clavijeros"],"aioseo_notices":[],"_links":{"self":[{"href":"https:\/\/www.musicalmollet.com\/index.php\/wp-json\/wp\/v2\/product\/6276","targetHints":{"allow":["GET"]}}],"collection":[{"href":"https:\/\/www.musicalmollet.com\/index.php\/wp-json\/wp\/v2\/product"}],"about":[{"href":"https:\/\/www.musicalmollet.com\/index.php\/wp-json\/wp\/v2\/types\/product"}],"replies":[{"embeddable":true,"href":"https:\/\/www.musicalmollet.com\/index.php\/wp-json\/wp\/v2\/comments?post=6276"}],"wp:featuredmedia":[{"embeddable":true,"href":"https:\/\/www.musicalmollet.com\/index.php\/wp-json\/wp\/v2\/media\/6277"}],"wp:attachment":[{"href":"https:\/\/www.musicalmollet.com\/index.php\/wp-json\/wp\/v2\/media?parent=6276"}],"wp:term":[{"taxonomy":"product_cat","embeddable":true,"href":"https:\/\/www.musicalmollet.com\/index.php\/wp-json\/wp\/v2\/product_cat?post=6276"},{"taxonomy":"product_tag","embeddable":true,"href":"https:\/\/www.musicalmollet.com\/index.php\/wp-json\/wp\/v2\/product_tag?post=6276"}],"curies":[{"name":"wp","href":"https:\/\/api.w.org\/{rel}","templated":true}]}}