{"id":6308,"date":"2022-10-25T19:31:22","date_gmt":"2022-10-25T17:31:22","guid":{"rendered":"https:\/\/www.musicalmollet.com\/?post_type=product&#038;p=6308"},"modified":"2024-04-09T13:20:26","modified_gmt":"2024-04-09T11:20:26","slug":"pie-de-caja-jinbao-mod-1102b","status":"publish","type":"product","link":"https:\/\/www.musicalmollet.com\/index.php\/producto\/pie-de-caja-jinbao-mod-1102b\/","title":{"rendered":"Pie de Caja Jinbao mod. 1102B"},"content":{"rendered":"<div class=\"page-title-wrapper product\">\n<h1 class=\"page-title\"><span class=\"base\" data-ui-id=\"page-title-wrapper\">SOPORTE DE CAJA JINBAO 1102B<\/span><\/h1>\n<\/div>\n<div class=\"product attribute sku sku2\">\n<p><strong class=\"type\">SKU<\/strong><\/p>\n<div class=\"value\">1102B<\/div>\n<\/div>\n<div class=\"product-add-form\"><\/div>\n<div class=\"product-info-price\">\n<div class=\"price-box price-final_price\" data-role=\"priceBox\" data-product-id=\"1063\" data-price-box=\"product-id-1063\">\n<div class=\"price-pvp\">PVPR: 55,00<\/div>\n<div class=\"semaforo_product_wrapper d-flex align-items-center py-3\">\n<ul class=\"semaforo_product d-flex test status_508 productID_1063 mr-3\">\n<li><\/li>\n<li><\/li>\n<li><\/li>\n<\/ul>\n<p><span class=\"status_txt\">En existencia<\/span><\/p>\n<\/div>\n<\/div>\n<\/div>\n<div class=\"product attribute description description2\">\n<div class=\"value\">\n<p>Para cajas de 12\u201d a 14\u201d. Cestas ajustables.<\/p>\n<p>1102B.<\/p>\n<p>Di\u00e1metro tubos: 25\/22 mm.<\/p>\n<p>Rango de altura: 410\/600 mm.<\/p>\n<p>&nbsp;<\/p>\n<p>&nbsp;<\/p>\n<p>&nbsp;<\/p>\n<\/div>\n<\/div>\n<div class=\"product-social-links\">\n<div class=\"product-addto-links\" data-role=\"add-to-links\"><\/div>\n<div class=\"addthis_inline_share_toolbox\" data-url=\"https:\/\/www.enriquekeller.com\/es\/soporte-caja-jinbao-1102b-es.html\" data-title=\"SOPORTE DE CAJA JINBAO 1102B\" data-description=\"SOPORTE DE CAJA JINBAO 1102B \u00a0\">\n<div id=\"atstbx2\" class=\"at-resp-share-element at-style-responsive addthis-smartlayers addthis-animated at4-show\" role=\"region\" aria-labelledby=\"at-6e5df0d8-0b84-4157-80ca-73029d0a9815\">\n<p><span id=\"at-6e5df0d8-0b84-4157-80ca-73029d0a9815\" class=\"at4-visually-hidden\">AddThis Sharing Buttons<\/span><\/p>\n<div class=\"at-share-btn-elements\"><a class=\"at-icon-wrapper at-share-btn at-svc-facebook\" tabindex=\"0\" role=\"button\"><span class=\"at4-visually-hidden\">Share to Facebook<\/span><\/a><\/div>\n<\/div>\n<\/div>\n<\/div>\n<p><a class=\"at-icon-wrapper at-share-btn at-svc-twitter\" tabindex=\"0\" role=\"button\"><span class=\"at4-visually-hidden\">Share to Twitter<\/span><\/a><a class=\"at-icon-wrapper at-share-btn at-svc-print\" tabindex=\"0\" role=\"button\"><span class=\"at4-visually-hidden\">Share to Imprimir<\/span><\/a><a class=\"at-icon-wrapper at-share-btn at-svc-email\" tabindex=\"0\" role=\"button\"><span class=\"at4-visually-hidden\">Share to Correo<\/span><\/a><a class=\"at-icon-wrapper at-share-btn at-svc-compact\" tabindex=\"0\" role=\"button\"><span class=\"at4-visually-hidden\">Share to M\u00e1s&#8230;<\/span><\/a><\/p>\n<div class=\"product-info-main\">\n<div class=\"product-social-links\"><\/div>\n<\/div>\n<div class=\"clearer\"><\/div>\n<div class=\"product info detailed \">\n<div class=\"product data items \" role=\"tablist\">\n<div id=\"tab-label-news-content\" class=\"data item title active\" tabindex=\"0\" role=\"tab\" aria-labeledby=\"tab-label-news-content-title\" data-role=\"collapsible\" data-collapsible=\"true\" aria-controls=\"news-content\" aria-selected=\"false\" aria-expanded=\"true\"><a id=\"tab-label-news-content-title\" class=\"data switch\" tabindex=\"-1\" href=\"https:\/\/www.enriquekeller.com\/es\/soporte-caja-jinbao-1102b-es.html#news-content\" data-toggle=\"switch\"> Nuevos art\u00edculos <\/a><\/div>\n<div id=\"news-content\" class=\"data item content\" role=\"tabpanel\" data-role=\"content\" aria-labelledby=\"tab-label-news-content\" aria-hidden=\"false\">\n<h2>Novedades<\/h2>\n<p>&nbsp;<\/p>\n<div class=\"products wrapper grid columns4 products-grid \">\n<ol class=\"filterproducts products list items product-items \">\n<li class=\"item product product-item nth-child-2np1 nth-child-3np1 nth-child-4np1 nth-child-5np1 nth-child-6np1 nth-child-7np1 nth-child-8np1\">\n<div class=\"product-item-info type1\" data-container=\"product-grid\">\n<div class=\"product photo product-item-photo\"><a tabindex=\"-1\" href=\"https:\/\/www.enriquekeller.com\/es\/guitarra-clasica-admira-a45-satinada-es.html\"> <img loading=\"lazy\" decoding=\"async\" class=\"product-image-photo default_image \" src=\"https:\/\/www.enriquekeller.com\/media\/catalog\/product\/cache\/4b5a824b17b49a443cff9dfcef912a4b\/a\/d\/adm45s_1.png\" alt=\"\" width=\"212\" height=\"263\" \/> <\/a><\/div>\n<div class=\"product details product-item-details\">\n<p><strong class=\"product name product-item-name\"> <a class=\"product-item-link\" href=\"https:\/\/www.enriquekeller.com\/es\/guitarra-clasica-admira-a45-satinada-es.html\"> GUITARRA CL\u00c1SICA ADMIRA A45 SERIE ARTESAN\u00cdA SATINADA <\/a> <\/strong><\/p>\n<div class=\"product-reviews-summary short\">\n<div class=\"rating-summary\">\n<p><span class=\"label\">Rating:<\/span><\/p>\n<div class=\"rating-result\" title=\"0%\">0%<\/div>\n<\/div>\n<\/div>\n<div class=\"price-box price-final_price\" data-role=\"priceBox\" data-product-id=\"12356\" data-price-box=\"product-id-12356\">\n<div class=\"price_sku\">SKU: ADM45S<\/div>\n<div class=\"price-pvp\">PVPR: 595,00 \u20ac<\/div>\n<div class=\"semaforo_product_wrapper d-flex align-items-center py-3\">\n<ul class=\"semaforo_product d-flex test status_506 productID_12356 mr-3\">\n<li><\/li>\n<li><\/li>\n<li><\/li>\n<\/ul>\n<p><span class=\"status_txt\">Pocas existencias<\/span><\/p>\n<\/div>\n<\/div>\n<div class=\"product-item-inner\">\n<div class=\"product actions product-item-actions\">\n<div class=\"actions-primary\"><\/div>\n<\/div>\n<\/div>\n<\/div>\n<\/div>\n<\/li>\n<li class=\"item product product-item nth-child-2n\">\n<div class=\"product-item-info type1\" data-container=\"product-grid\">\n<div class=\"product photo product-item-photo\"><a tabindex=\"-1\" href=\"https:\/\/www.enriquekeller.com\/es\/teclado-ek-37-teclas-negro.html\"> <img loading=\"lazy\" decoding=\"async\" class=\"product-image-photo default_image \" src=\"https:\/\/www.enriquekeller.com\/media\/catalog\/product\/cache\/4b5a824b17b49a443cff9dfcef912a4b\/e\/k\/ekt37bk.png\" alt=\"\" width=\"212\" height=\"263\" \/> <\/a><\/div>\n<div class=\"product details product-item-details\">\n<p><strong class=\"product name product-item-name\"> <a class=\"product-item-link\" href=\"https:\/\/www.enriquekeller.com\/es\/teclado-ek-37-teclas-negro.html\"> TECLADO EK NEGRO EKT37BK <\/a> <\/strong><\/p>\n<div class=\"product-reviews-summary short\">\n<div class=\"rating-summary\">\n<p><span class=\"label\">Rating:<\/span><\/p>\n<div class=\"rating-result\" title=\"0%\">0%<\/div>\n<\/div>\n<\/div>\n<div class=\"price-box price-final_price\" data-role=\"priceBox\" data-product-id=\"12123\" data-price-box=\"product-id-12123\">\n<div class=\"price_sku\">SKU: EKT37BK<\/div>\n<div class=\"price-pvp\">PVPR: 75,00 \u20ac<\/div>\n<div class=\"semaforo_product_wrapper d-flex align-items-center py-3\">\n<ul class=\"semaforo_product d-flex test status_508 productID_12123 mr-3\">\n<li><\/li>\n<li><\/li>\n<li><\/li>\n<\/ul>\n<p><span class=\"status_txt\">En existencia<\/span><\/p>\n<\/div>\n<\/div>\n<div class=\"product-item-inner\">\n<div class=\"product actions product-item-actions\">\n<div class=\"actions-primary\"><\/div>\n<\/div>\n<\/div>\n<\/div>\n<\/div>\n<\/li>\n<li class=\"item product product-item nth-child-2np1 nth-child-3n\">\n<div class=\"product-item-info type1\" data-container=\"product-grid\">\n<div class=\"product photo product-item-photo\"><a tabindex=\"-1\" href=\"https:\/\/www.enriquekeller.com\/es\/guitarra-clasica-admira-triana-ecf.html\"> <img loading=\"lazy\" decoding=\"async\" class=\"product-image-photo default_image \" src=\"https:\/\/www.enriquekeller.com\/media\/catalog\/product\/cache\/4b5a824b17b49a443cff9dfcef912a4b\/t\/r\/triana-ecf.jpg\" alt=\"\" width=\"212\" height=\"263\" \/> <\/a><\/div>\n<div class=\"product details product-item-details\">\n<p><strong class=\"product name product-item-name\"> <a class=\"product-item-link\" href=\"https:\/\/www.enriquekeller.com\/es\/guitarra-clasica-admira-triana-ecf.html\"> GUITARRA CL\u00c1SICA ADMIRA TRIANA SERIE FLAMENCO ELECTRIFICADA CUTAWAY FISHMAN <\/a> <\/strong><\/p>\n<div class=\"product-reviews-summary short\">\n<div class=\"rating-summary\">\n<p><span class=\"label\">Rating:<\/span><\/p>\n<div class=\"rating-result\" title=\"0%\">0%<\/div>\n<\/div>\n<\/div>\n<div class=\"price-box price-final_price\" data-role=\"priceBox\" data-product-id=\"12105\" data-price-box=\"product-id-12105\">\n<div class=\"price_sku\">SKU: ADM0840ECF<\/div>\n<div class=\"price-pvp\">PVPR: 325,00 \u20ac<\/div>\n<div class=\"semaforo_product_wrapper d-flex align-items-center py-3\">\n<ul class=\"semaforo_product d-flex test status_508 productID_12105 mr-3\">\n<li><\/li>\n<li><\/li>\n<li><\/li>\n<\/ul>\n<p><span class=\"status_txt\">En existencia<\/span><\/p>\n<\/div>\n<\/div>\n<div class=\"product-item-inner\">\n<div class=\"product actions product-item-actions\">\n<div class=\"actions-primary\"><\/div>\n<\/div>\n<\/div>\n<\/div>\n<\/div>\n<\/li>\n<li class=\"item product product-item nth-child-2n nth-child-3np1 nth-child-4n\">\n<div class=\"product-item-info type1\" data-container=\"product-grid\">\n<div class=\"product photo product-item-photo\"><a tabindex=\"-1\" href=\"https:\/\/www.enriquekeller.com\/es\/juego-de cuerdas-admira-acustica-011-052-es.html\"> <img loading=\"lazy\" decoding=\"async\" class=\"product-image-photo default_image \" src=\"https:\/\/www.enriquekeller.com\/media\/catalog\/product\/cache\/4b5a824b17b49a443cff9dfcef912a4b\/c\/a\/ca500ac.png\" alt=\"\" width=\"212\" height=\"263\" \/> <\/a><\/div>\n<div class=\"product details product-item-details\">\n<p><strong class=\"product name product-item-name\"> <a class=\"product-item-link\" href=\"https:\/\/www.enriquekeller.com\/es\/juego-de cuerdas-admira-acustica-011-052-es.html\"> JUEGO DE CUERDAS ADMIRA PARA GUITARRA AC\u00daSTICA 011-052 <\/a> <\/strong><\/p>\n<div class=\"product-reviews-summary short\">\n<div class=\"rating-summary\">\n<p><span class=\"label\">Rating:<\/span><\/p>\n<div class=\"rating-result\" title=\"0%\">0%<\/div>\n<\/div>\n<\/div>\n<div class=\"price-box price-final_price\" data-role=\"priceBox\" data-product-id=\"11936\" data-price-box=\"product-id-11936\">\n<div class=\"price_sku\">SKU: CA500AC<\/div>\n<div class=\"price-pvp\">PVPR: 8,90 \u20ac<\/div>\n<div class=\"semaforo_product_wrapper d-flex align-items-center py-3\">\n<ul class=\"semaforo_product d-flex test status_508 productID_11936 mr-3\">\n<li><\/li>\n<li><\/li>\n<li><\/li>\n<\/ul>\n<p><span class=\"status_txt\">En existencia<\/span><\/p>\n<\/div>\n<\/div>\n<div class=\"product-item-inner\">\n<div class=\"product actions product-item-actions\">\n<div class=\"actions-primary\"><\/div>\n<\/div>\n<\/div>\n<\/div>\n<\/div>\n<\/li>\n<\/ol>\n<\/div>\n<p>&nbsp;<\/p>\n<\/div>\n<div id=\"tab-label-description3\" class=\"data item title\" tabindex=\"0\" role=\"tab\" aria-labeledby=\"tab-label-description3-title\" data-role=\"collapsible\" data-collapsible=\"true\" aria-controls=\"description3\" aria-selected=\"false\" aria-expanded=\"false\"><a id=\"tab-label-description3-title\" class=\"data switch\" tabindex=\"-1\" href=\"https:\/\/www.enriquekeller.com\/es\/soporte-caja-jinbao-1102b-es.html#description3\" data-toggle=\"switch\"> Detalles <\/a><\/div>\n<\/div>\n<\/div>\n","protected":false},"excerpt":{"rendered":"<p>SOPORTE DE CAJA JINBAO 1102B SKU 1102B PVPR: 55,00 En existencia Para cajas de 12\u201d a 14\u201d. Cestas ajustables. 1102B. Di\u00e1metro tubos: 25\/22 mm. Rango de altura: 410\/600 mm. &nbsp; &nbsp; &nbsp; AddThis Sharing Buttons Share to Facebook Share to TwitterShare to ImprimirShare to CorreoShare to M\u00e1s&#8230; Nuevos art\u00edculos Novedades &nbsp; GUITARRA CL\u00c1SICA ADMIRA A45 [&hellip;]<\/p>\n","protected":false},"featured_media":6309,"comment_status":"closed","ping_status":"closed","template":"","meta":{"om_disable_all_campaigns":false},"product_cat":[308],"product_tag":[264],"class_list":["post-6308","product","type-product","status-publish","has-post-thumbnail","hentry","product_cat-pie-de-caja","product_tag-accesorios-de-bateria"],"aioseo_notices":[],"_links":{"self":[{"href":"https:\/\/www.musicalmollet.com\/index.php\/wp-json\/wp\/v2\/product\/6308","targetHints":{"allow":["GET"]}}],"collection":[{"href":"https:\/\/www.musicalmollet.com\/index.php\/wp-json\/wp\/v2\/product"}],"about":[{"href":"https:\/\/www.musicalmollet.com\/index.php\/wp-json\/wp\/v2\/types\/product"}],"replies":[{"embeddable":true,"href":"https:\/\/www.musicalmollet.com\/index.php\/wp-json\/wp\/v2\/comments?post=6308"}],"wp:featuredmedia":[{"embeddable":true,"href":"https:\/\/www.musicalmollet.com\/index.php\/wp-json\/wp\/v2\/media\/6309"}],"wp:attachment":[{"href":"https:\/\/www.musicalmollet.com\/index.php\/wp-json\/wp\/v2\/media?parent=6308"}],"wp:term":[{"taxonomy":"product_cat","embeddable":true,"href":"https:\/\/www.musicalmollet.com\/index.php\/wp-json\/wp\/v2\/product_cat?post=6308"},{"taxonomy":"product_tag","embeddable":true,"href":"https:\/\/www.musicalmollet.com\/index.php\/wp-json\/wp\/v2\/product_tag?post=6308"}],"curies":[{"name":"wp","href":"https:\/\/api.w.org\/{rel}","templated":true}]}}