{"id":6325,"date":"2022-05-20T13:00:11","date_gmt":"2022-05-20T11:00:11","guid":{"rendered":"https:\/\/www.musicalmollet.com\/?post_type=product&#038;p=6325"},"modified":"2022-05-20T13:00:12","modified_gmt":"2022-05-20T11:00:12","slug":"hot-rods-promark-lightning-l-rods","status":"publish","type":"product","link":"https:\/\/www.musicalmollet.com\/index.php\/producto\/hot-rods-promark-lightning-l-rods\/","title":{"rendered":"Hot Rods Promark Lightning L-Rods"},"content":{"rendered":"<p>Mejor ataque. Sonido brillante en los platos. Mayor diametro para m\u00e1s durabilidad volumen y proyecci\u00f3n extra.<br \/>\nLos Promark Cool Rods est\u00e1n dise\u00f1ados para producir un sonido m\u00e1s delicado que el modelo standard. Hechos con varillas de abedul seleccionado, tienen una excelente consistencia. Produce un sonido entre las escobillas de acero y las baquetas y son perfectos para situaciones en la que el sonido producido por unas baquetas es demasiado alto.<\/p>\n<p>9 varillas de madera<\/p>\n","protected":false},"excerpt":{"rendered":"<p>Mejor ataque. Sonido brillante en los platos. Mayor diametro para m\u00e1s durabilidad volumen y proyecci\u00f3n extra. Los Promark Cool Rods est\u00e1n dise\u00f1ados para producir un sonido m\u00e1s delicado que el modelo standard. Hechos con varillas de abedul seleccionado, tienen una excelente consistencia. Produce un sonido entre las escobillas de acero y las baquetas y son [&hellip;]<\/p>\n","protected":false},"featured_media":6326,"comment_status":"closed","ping_status":"closed","template":"","meta":{"om_disable_all_campaigns":false},"product_cat":[120],"product_tag":[264],"class_list":["post-6325","product","type-product","status-publish","has-post-thumbnail","hentry","product_cat-baquetas-mazas-claves-etc","product_tag-accesorios-de-bateria"],"aioseo_notices":[],"_links":{"self":[{"href":"https:\/\/www.musicalmollet.com\/index.php\/wp-json\/wp\/v2\/product\/6325","targetHints":{"allow":["GET"]}}],"collection":[{"href":"https:\/\/www.musicalmollet.com\/index.php\/wp-json\/wp\/v2\/product"}],"about":[{"href":"https:\/\/www.musicalmollet.com\/index.php\/wp-json\/wp\/v2\/types\/product"}],"replies":[{"embeddable":true,"href":"https:\/\/www.musicalmollet.com\/index.php\/wp-json\/wp\/v2\/comments?post=6325"}],"wp:featuredmedia":[{"embeddable":true,"href":"https:\/\/www.musicalmollet.com\/index.php\/wp-json\/wp\/v2\/media\/6326"}],"wp:attachment":[{"href":"https:\/\/www.musicalmollet.com\/index.php\/wp-json\/wp\/v2\/media?parent=6325"}],"wp:term":[{"taxonomy":"product_cat","embeddable":true,"href":"https:\/\/www.musicalmollet.com\/index.php\/wp-json\/wp\/v2\/product_cat?post=6325"},{"taxonomy":"product_tag","embeddable":true,"href":"https:\/\/www.musicalmollet.com\/index.php\/wp-json\/wp\/v2\/product_tag?post=6325"}],"curies":[{"name":"wp","href":"https:\/\/api.w.org\/{rel}","templated":true}]}}