{"id":6416,"date":"2022-06-09T18:41:09","date_gmt":"2022-06-09T16:41:09","guid":{"rendered":"https:\/\/www.musicalmollet.com\/?post_type=product&#038;p=6416"},"modified":"2022-06-09T18:41:12","modified_gmt":"2022-06-09T16:41:12","slug":"escobillon-saxo-tenor-h-w-pad-saver","status":"publish","type":"product","link":"https:\/\/www.musicalmollet.com\/index.php\/producto\/escobillon-saxo-tenor-h-w-pad-saver\/","title":{"rendered":"Escobill\u00f3n Saxo Tenor H.W. PAD-SAVER"},"content":{"rendered":"<div class=\"quick-info-icon\"><\/div>\n<div class=\"quick-info-header\">\n<h3>Caracter\u00edsticas principales<\/h3>\n<\/div>\n<div class=\"quick-info-content\">\n<ul class=\"list\">\n<li>Ideal para limpiar el interior Pads de su saxof\u00f3n<\/li>\n<li>Hisopos de microfibra para la limpieza de polvo y arena<\/li>\n<li>Igual de eficaz cuando se usa en seco o en h\u00famedo<\/li>\n<li>Mango sin marcas para conservar el saxof\u00f3n Finish..<\/li>\n<li>El cepillo flexible llega a las \u00e1reas inc\u00f3modas<\/li>\n<\/ul>\n<\/div>\n","protected":false},"excerpt":{"rendered":"<p>Caracter\u00edsticas principales Ideal para limpiar el interior Pads de su saxof\u00f3n Hisopos de microfibra para la limpieza de polvo y arena Igual de eficaz cuando se usa en seco o en h\u00famedo Mango sin marcas para conservar el saxof\u00f3n Finish.. El cepillo flexible llega a las \u00e1reas inc\u00f3modas<\/p>\n","protected":false},"featured_media":6417,"comment_status":"closed","ping_status":"closed","template":"","meta":{"om_disable_all_campaigns":false},"product_cat":[92],"product_tag":[266],"class_list":["post-6416","product","type-product","status-publish","has-post-thumbnail","hentry","product_cat-escobillones-saxo","product_tag-accesorios-viento"],"aioseo_notices":[],"_links":{"self":[{"href":"https:\/\/www.musicalmollet.com\/index.php\/wp-json\/wp\/v2\/product\/6416","targetHints":{"allow":["GET"]}}],"collection":[{"href":"https:\/\/www.musicalmollet.com\/index.php\/wp-json\/wp\/v2\/product"}],"about":[{"href":"https:\/\/www.musicalmollet.com\/index.php\/wp-json\/wp\/v2\/types\/product"}],"replies":[{"embeddable":true,"href":"https:\/\/www.musicalmollet.com\/index.php\/wp-json\/wp\/v2\/comments?post=6416"}],"wp:featuredmedia":[{"embeddable":true,"href":"https:\/\/www.musicalmollet.com\/index.php\/wp-json\/wp\/v2\/media\/6417"}],"wp:attachment":[{"href":"https:\/\/www.musicalmollet.com\/index.php\/wp-json\/wp\/v2\/media?parent=6416"}],"wp:term":[{"taxonomy":"product_cat","embeddable":true,"href":"https:\/\/www.musicalmollet.com\/index.php\/wp-json\/wp\/v2\/product_cat?post=6416"},{"taxonomy":"product_tag","embeddable":true,"href":"https:\/\/www.musicalmollet.com\/index.php\/wp-json\/wp\/v2\/product_tag?post=6416"}],"curies":[{"name":"wp","href":"https:\/\/api.w.org\/{rel}","templated":true}]}}