{"id":6568,"date":"2026-02-07T13:23:48","date_gmt":"2026-02-07T12:23:48","guid":{"rendered":"https:\/\/www.musicalmollet.com\/?post_type=product&#038;p=6568"},"modified":"2026-02-12T19:35:37","modified_gmt":"2026-02-12T18:35:37","slug":"amplificador-de-guitarra-vox-vx-15-gt","status":"publish","type":"product","link":"https:\/\/www.musicalmollet.com\/index.php\/producto\/amplificador-de-guitarra-vox-vx-15-gt\/","title":{"rendered":"Amplificador de Guitarra Vox VX 15 GT"},"content":{"rendered":"<div id=\"description\" class=\"data item content\" role=\"tabpanel\" aria-labelledby=\"tab-label-description\" data-role=\"content\" aria-hidden=\"false\">\n<div class=\"product attribute description\">\n<div class=\"value\">Amplificador combo para guitarra.<br \/>\n&#8216;Una actualizaci\u00f3n del popular VXI, el VX15 GT naci\u00f3 del deseo de abrir nuevas posibilidades para los amplificadores de guitarra. Un dise\u00f1o que es casi irrazonablemente ligero, una estructura interna cuidadosamente calculada para el sonido \u00f3ptimo, realistas y listos para el escenario impulsados por la tecnolog\u00eda de modelado. Al revertir las ideas existentes de amplificadores de guitarra, el VX15 GT te permitir\u00e1 disfrutar de tocar la guitarra en cualquier escena musical. Un total de 11 modelos de amplificador, pulidos m\u00e1s que nunca. Una selecci\u00f3n completa de ocho tipos de efectos. Estructura interna dise\u00f1ada para una excelente respuesta ac\u00fastica, con un cuerpo sellado ultraligero hecho de ABS y un dise\u00f1o bass-reflex.&#8217;<\/div>\n<\/div>\n<\/div>\n","protected":false},"excerpt":{"rendered":"<h4>!!ATENCI\u00d3N !! \u00daLTIMO CON ESTE PRECIO<\/h4>\n","protected":false},"featured_media":5699,"comment_status":"closed","ping_status":"closed","template":"","meta":{"om_disable_all_campaigns":false},"product_cat":[19],"product_tag":[156],"class_list":["post-6568","product","type-product","status-publish","has-post-thumbnail","hentry","product_cat-amplificadoresguitarra","product_tag-amplificadores"],"aioseo_notices":[],"_links":{"self":[{"href":"https:\/\/www.musicalmollet.com\/index.php\/wp-json\/wp\/v2\/product\/6568","targetHints":{"allow":["GET"]}}],"collection":[{"href":"https:\/\/www.musicalmollet.com\/index.php\/wp-json\/wp\/v2\/product"}],"about":[{"href":"https:\/\/www.musicalmollet.com\/index.php\/wp-json\/wp\/v2\/types\/product"}],"replies":[{"embeddable":true,"href":"https:\/\/www.musicalmollet.com\/index.php\/wp-json\/wp\/v2\/comments?post=6568"}],"wp:featuredmedia":[{"embeddable":true,"href":"https:\/\/www.musicalmollet.com\/index.php\/wp-json\/wp\/v2\/media\/5699"}],"wp:attachment":[{"href":"https:\/\/www.musicalmollet.com\/index.php\/wp-json\/wp\/v2\/media?parent=6568"}],"wp:term":[{"taxonomy":"product_cat","embeddable":true,"href":"https:\/\/www.musicalmollet.com\/index.php\/wp-json\/wp\/v2\/product_cat?post=6568"},{"taxonomy":"product_tag","embeddable":true,"href":"https:\/\/www.musicalmollet.com\/index.php\/wp-json\/wp\/v2\/product_tag?post=6568"}],"curies":[{"name":"wp","href":"https:\/\/api.w.org\/{rel}","templated":true}]}}