{"id":6580,"date":"2022-08-09T20:12:27","date_gmt":"2022-08-09T18:12:27","guid":{"rendered":"https:\/\/www.musicalmollet.com\/?post_type=product&#038;p=6580"},"modified":"2022-08-09T20:12:29","modified_gmt":"2022-08-09T18:12:29","slug":"cana-de-gralla-jonas-tipo-basico-color-lila","status":"publish","type":"product","link":"https:\/\/www.musicalmollet.com\/index.php\/producto\/cana-de-gralla-jonas-tipo-basico-color-lila\/","title":{"rendered":"Ca\u00f1a de Gralla Jonas tipo b\u00e1sico color lila"},"content":{"rendered":"<p>.- Ca\u00f1a de Gralla &#8211; Jonas tipo b\u00e1sico<\/p>\n","protected":false},"excerpt":{"rendered":"<p>.- Ca\u00f1a de Gralla &#8211; Jonas tipo b\u00e1sico<\/p>\n","protected":false},"featured_media":6581,"comment_status":"closed","ping_status":"closed","template":"","meta":{"om_disable_all_campaigns":false},"product_cat":[390],"product_tag":[266],"class_list":["post-6580","product","type-product","status-publish","has-post-thumbnail","hentry","product_cat-canas-de-gralla","product_tag-accesorios-viento"],"aioseo_notices":[],"_links":{"self":[{"href":"https:\/\/www.musicalmollet.com\/index.php\/wp-json\/wp\/v2\/product\/6580","targetHints":{"allow":["GET"]}}],"collection":[{"href":"https:\/\/www.musicalmollet.com\/index.php\/wp-json\/wp\/v2\/product"}],"about":[{"href":"https:\/\/www.musicalmollet.com\/index.php\/wp-json\/wp\/v2\/types\/product"}],"replies":[{"embeddable":true,"href":"https:\/\/www.musicalmollet.com\/index.php\/wp-json\/wp\/v2\/comments?post=6580"}],"wp:featuredmedia":[{"embeddable":true,"href":"https:\/\/www.musicalmollet.com\/index.php\/wp-json\/wp\/v2\/media\/6581"}],"wp:attachment":[{"href":"https:\/\/www.musicalmollet.com\/index.php\/wp-json\/wp\/v2\/media?parent=6580"}],"wp:term":[{"taxonomy":"product_cat","embeddable":true,"href":"https:\/\/www.musicalmollet.com\/index.php\/wp-json\/wp\/v2\/product_cat?post=6580"},{"taxonomy":"product_tag","embeddable":true,"href":"https:\/\/www.musicalmollet.com\/index.php\/wp-json\/wp\/v2\/product_tag?post=6580"}],"curies":[{"name":"wp","href":"https:\/\/api.w.org\/{rel}","templated":true}]}}