{"id":6613,"date":"2022-08-25T18:24:35","date_gmt":"2022-08-25T16:24:35","guid":{"rendered":"https:\/\/www.musicalmollet.com\/?post_type=product&#038;p=6613"},"modified":"2022-08-25T18:29:19","modified_gmt":"2022-08-25T16:29:19","slug":"pack-guitarra-electrica-aria-pro-ii-mini-amplificador-blackstar-debut-10e","status":"publish","type":"product","link":"https:\/\/www.musicalmollet.com\/index.php\/producto\/pack-guitarra-electrica-aria-pro-ii-mini-amplificador-blackstar-debut-10e\/","title":{"rendered":"Pack Guitarra el\u00e9ctrica Aria Pro II Mini + Amplificador Blackstar Debut 10E"},"content":{"rendered":"<h1 class=\"page-heading\">Amplificador Blackstar Debut 10E<\/h1>\n<div class=\"row\">\n<div class=\"col-12 col-xl-8\">\n<div class=\"product-out-of-stock\"><\/div>\n<div id=\"product-description-short-8077\" class=\"product-description-short sm-bottom\">\n<p>El amplificador Blackstar Debut 10E es un ampli de pr\u00e1cticas simple de usar, pero que incorpora la tecnolog\u00eda patentada ISF as\u00ed como un Delay con Echo de cinta para darle espacialidad a tu sonido.<\/p>\n<p>GUITARRA ARIA PRO II MINI COLOR SUMBURT STG MINI<\/p>\n<p>Cuerpo Macizo<\/p>\n<p>Mastil: Arce<\/p>\n<p>Diapas\u00f3n: Palosanto<\/p>\n<p>Pastillas : 3 Single\u00a0 OS-1<\/p>\n<p>&nbsp;<\/p>\n<\/div>\n<\/div>\n<\/div>\n","protected":false},"excerpt":{"rendered":"<p><img loading=\"lazy\" decoding=\"async\" class=\"aligncenter size-medium wp-image-6618\" src=\"https:\/\/www.musicalmollet.com\/wp-content\/uploads\/Amplificador-Blackstar-Debut-10E-1-277x300.jpg\" alt=\"\" width=\"277\" height=\"300\" srcset=\"https:\/\/www.musicalmollet.com\/wp-content\/uploads\/Amplificador-Blackstar-Debut-10E-1-277x300.jpg 277w, https:\/\/www.musicalmollet.com\/wp-content\/uploads\/Amplificador-Blackstar-Debut-10E-1-600x650.jpg 600w, https:\/\/www.musicalmollet.com\/wp-content\/uploads\/Amplificador-Blackstar-Debut-10E-1.jpg 700w\" sizes=\"auto, (max-width: 277px) 100vw, 277px\" \/>SE INCLUYE : FUNDA-CORREA-AFINADOR-CABLE<\/p>\n<p>!!ATENCION!! SOLO 1 UNIDAD<img loading=\"lazy\" decoding=\"async\" class=\"aligncenter size-medium wp-image-6614\" src=\"https:\/\/www.musicalmollet.com\/wp-content\/uploads\/Correa-guitarra-Ortola-102C-1-300x300.jpg\" alt=\"\" width=\"300\" height=\"300\" srcset=\"https:\/\/www.musicalmollet.com\/wp-content\/uploads\/Correa-guitarra-Ortola-102C-1.jpg 300w, https:\/\/www.musicalmollet.com\/wp-content\/uploads\/Correa-guitarra-Ortola-102C-1-150x150.jpg 150w, https:\/\/www.musicalmollet.com\/wp-content\/uploads\/Correa-guitarra-Ortola-102C-1-100x100.jpg 100w\" sizes=\"auto, (max-width: 300px) 100vw, 300px\" \/><img loading=\"lazy\" decoding=\"async\" class=\"aligncenter size-medium wp-image-6472\" src=\"https:\/\/www.musicalmollet.com\/wp-content\/uploads\/Funda-guitarra-cadete-EK-FGCC10BK-1-300x300.png\" alt=\"\" width=\"300\" height=\"300\" srcset=\"https:\/\/www.musicalmollet.com\/wp-content\/uploads\/Funda-guitarra-cadete-EK-FGCC10BK-1-300x300.png 300w, https:\/\/www.musicalmollet.com\/wp-content\/uploads\/Funda-guitarra-cadete-EK-FGCC10BK-1-150x150.png 150w, https:\/\/www.musicalmollet.com\/wp-content\/uploads\/Funda-guitarra-cadete-EK-FGCC10BK-1-100x100.png 100w, https:\/\/www.musicalmollet.com\/wp-content\/uploads\/Funda-guitarra-cadete-EK-FGCC10BK-1.png 600w\" sizes=\"auto, (max-width: 300px) 100vw, 300px\" \/><img loading=\"lazy\" decoding=\"async\" class=\"aligncenter size-full wp-image-6615\" src=\"https:\/\/www.musicalmollet.com\/wp-content\/uploads\/Afinador-Admira-AT-01A-2.jpg\" alt=\"\" width=\"212\" height=\"251\" \/><\/p>\n","protected":false},"featured_media":6616,"comment_status":"closed","ping_status":"closed","template":"","meta":{"om_disable_all_campaigns":false},"product_cat":[43],"product_tag":[71],"class_list":["post-6613","product","type-product","status-publish","has-post-thumbnail","hentry","product_cat-guitarra-electrica","product_tag-guitarra"],"aioseo_notices":[],"_links":{"self":[{"href":"https:\/\/www.musicalmollet.com\/index.php\/wp-json\/wp\/v2\/product\/6613","targetHints":{"allow":["GET"]}}],"collection":[{"href":"https:\/\/www.musicalmollet.com\/index.php\/wp-json\/wp\/v2\/product"}],"about":[{"href":"https:\/\/www.musicalmollet.com\/index.php\/wp-json\/wp\/v2\/types\/product"}],"replies":[{"embeddable":true,"href":"https:\/\/www.musicalmollet.com\/index.php\/wp-json\/wp\/v2\/comments?post=6613"}],"wp:featuredmedia":[{"embeddable":true,"href":"https:\/\/www.musicalmollet.com\/index.php\/wp-json\/wp\/v2\/media\/6616"}],"wp:attachment":[{"href":"https:\/\/www.musicalmollet.com\/index.php\/wp-json\/wp\/v2\/media?parent=6613"}],"wp:term":[{"taxonomy":"product_cat","embeddable":true,"href":"https:\/\/www.musicalmollet.com\/index.php\/wp-json\/wp\/v2\/product_cat?post=6613"},{"taxonomy":"product_tag","embeddable":true,"href":"https:\/\/www.musicalmollet.com\/index.php\/wp-json\/wp\/v2\/product_tag?post=6613"}],"curies":[{"name":"wp","href":"https:\/\/api.w.org\/{rel}","templated":true}]}}