{"id":6675,"date":"2024-02-28T11:40:47","date_gmt":"2024-02-28T10:40:47","guid":{"rendered":"https:\/\/www.musicalmollet.com\/?post_type=product&#038;p=6675"},"modified":"2024-02-29T13:17:18","modified_gmt":"2024-02-29T12:17:18","slug":"amplificador-guitarra-vox-pathfinder-10-10w","status":"publish","type":"product","link":"https:\/\/www.musicalmollet.com\/index.php\/producto\/amplificador-guitarra-vox-pathfinder-10-10w\/","title":{"rendered":"Amplificador Guitarra Vox Pathfinder 10 10W"},"content":{"rendered":"<div id=\"productOverview_feature_div\" class=\"celwidget\" data-feature-name=\"productOverview\" data-csa-c-type=\"widget\" data-csa-c-content-id=\"productOverview\" data-csa-c-slot-id=\"productOverview_feature_div\" data-csa-c-asin=\"B0000WS0RI\" data-csa-c-is-in-initial-active-row=\"false\" data-csa-c-id=\"45cyke-vkfkxj-1n4lq-lp76d4\" data-cel-widget=\"productOverview_feature_div\">\n<div class=\"a-section a-spacing-small a-spacing-top-small\">\n<h3 class=\"a-spacing-none a-spacing-top-base\">Detalles del producto<\/h3>\n<table class=\"a-normal a-spacing-none a-spacing-top-base\">\n<tbody>\n<tr class=\"a-spacing-none a-spacing-top-small po-brand\">\n<td class=\"a-span4\"><span class=\"a-size-small a-text-bold\">Marca<\/span><\/td>\n<td class=\"a-span6\"><span class=\"a-size-base a-color-tertiary\">Vox<\/span><\/td>\n<\/tr>\n<tr class=\"a-spacing-none a-spacing-top-small po-output_wattage\">\n<td class=\"a-span4\"><span class=\"a-size-small a-text-bold\">Potencia de salida<\/span><\/td>\n<td class=\"a-span6\"><span class=\"a-size-base a-color-tertiary\">10 Vatios<\/span><\/td>\n<\/tr>\n<tr class=\"a-spacing-none a-spacing-top-small po-item_dimensions\">\n<td class=\"a-span4\"><span class=\"a-size-small a-text-bold\">Dimensiones del producto: largo x ancho x alto<\/span><\/td>\n<td class=\"a-span6\"><span class=\"a-size-base a-color-tertiary\">43.2 x 20.3 x 30.5 cent\u00edmetros<\/span><\/td>\n<\/tr>\n<tr class=\"a-spacing-none a-spacing-top-small po-item_weight\">\n<td class=\"a-span4\"><span class=\"a-size-small a-text-bold\">Peso del producto<\/span><\/td>\n<td class=\"a-span6\"><span class=\"a-size-base a-color-tertiary\">1 Libras<\/span><\/td>\n<\/tr>\n<tr class=\"a-spacing-none a-spacing-top-small po-model_name\">\n<td class=\"a-span4\"><span class=\"a-size-small a-text-bold\">Nombre del modelo<\/span><\/td>\n<td class=\"a-span6\"><span class=\"a-size-base a-color-tertiary\">Pathfinder<\/span><\/td>\n<\/tr>\n<tr class=\"a-spacing-none a-spacing-top-small po-speaker_size\">\n<td class=\"a-span4\"><span class=\"a-size-small a-text-bold\">Tama\u00f1o de altavoz<\/span><\/td>\n<td class=\"a-span6\"><span class=\"a-size-base a-color-tertiary\">16.51 Cent\u00edmetros<\/span><\/td>\n<\/tr>\n<\/tbody>\n<\/table>\n<\/div>\n<\/div>\n<div id=\"featurebullets_feature_div\" class=\"celwidget\" data-feature-name=\"featurebullets\" data-csa-c-type=\"widget\" data-csa-c-content-id=\"featurebullets\" data-csa-c-slot-id=\"featurebullets_feature_div\" data-csa-c-asin=\"B0000WS0RI\" data-csa-c-is-in-initial-active-row=\"false\" data-csa-c-id=\"jktngm-xv2uma-iehfg2-yrwh59\" data-cel-widget=\"featurebullets_feature_div\">\n<div id=\"feature-bullets\" class=\"a-section a-spacing-medium a-spacing-top-small\">\n<div id=\"pov2FeatureBulletsExpander\" class=\"a-row a-expander-container a-spacing-base a-spacing-top-base a-expander-partial-collapse-container\" data-a-expander-collapsed-height=\"104\">\n<div id=\"pov2FeatureBulletsExpanderContent\" class=\"a-expander-content a-expander-partial-collapse-content\" aria-expanded=\"false\">\n<ul class=\"a-unordered-list a-vertical a-spacing-none\">\n<li class=\"a-spacing-small\"><span class=\"a-list-item a-size-base\"> Amplificador combo para guitarra amplificador vox de 10 vatios de potencia, 1 altavoz de 6 <\/span><\/li>\n<li class=\"a-spacing-small\"><span class=\"a-list-item a-size-base\"> Materiales de alta calidad <\/span><\/li>\n<li class=\"a-spacing-small\"><span class=\"a-list-item a-size-base\"> Salida de auriculares, distorsi\u00f3n y tr\u00e9molo <\/span><\/li>\n<\/ul>\n<\/div>\n<\/div>\n<\/div>\n<\/div>\n","protected":false},"excerpt":{"rendered":"<p>Detalles del producto Marca Vox Potencia de salida 10 Vatios Dimensiones del producto: largo x ancho x alto 43.2 x 20.3 x 30.5 cent\u00edmetros Peso del producto 1 Libras Nombre del modelo Pathfinder Tama\u00f1o de altavoz 16.51 Cent\u00edmetros Amplificador combo para guitarra amplificador vox de 10 vatios de potencia, 1 altavoz de 6 Materiales de [&hellip;]<\/p>\n","protected":false},"featured_media":6676,"comment_status":"closed","ping_status":"closed","template":"","meta":{"om_disable_all_campaigns":false},"product_cat":[19],"product_tag":[156],"class_list":["post-6675","product","type-product","status-publish","has-post-thumbnail","hentry","product_cat-amplificadoresguitarra","product_tag-amplificadores"],"aioseo_notices":[],"_links":{"self":[{"href":"https:\/\/www.musicalmollet.com\/index.php\/wp-json\/wp\/v2\/product\/6675","targetHints":{"allow":["GET"]}}],"collection":[{"href":"https:\/\/www.musicalmollet.com\/index.php\/wp-json\/wp\/v2\/product"}],"about":[{"href":"https:\/\/www.musicalmollet.com\/index.php\/wp-json\/wp\/v2\/types\/product"}],"replies":[{"embeddable":true,"href":"https:\/\/www.musicalmollet.com\/index.php\/wp-json\/wp\/v2\/comments?post=6675"}],"wp:featuredmedia":[{"embeddable":true,"href":"https:\/\/www.musicalmollet.com\/index.php\/wp-json\/wp\/v2\/media\/6676"}],"wp:attachment":[{"href":"https:\/\/www.musicalmollet.com\/index.php\/wp-json\/wp\/v2\/media?parent=6675"}],"wp:term":[{"taxonomy":"product_cat","embeddable":true,"href":"https:\/\/www.musicalmollet.com\/index.php\/wp-json\/wp\/v2\/product_cat?post=6675"},{"taxonomy":"product_tag","embeddable":true,"href":"https:\/\/www.musicalmollet.com\/index.php\/wp-json\/wp\/v2\/product_tag?post=6675"}],"curies":[{"name":"wp","href":"https:\/\/api.w.org\/{rel}","templated":true}]}}