{"id":6710,"date":"2022-10-22T11:44:14","date_gmt":"2022-10-22T09:44:14","guid":{"rendered":"https:\/\/www.musicalmollet.com\/?post_type=product&#038;p=6710"},"modified":"2022-10-22T11:44:16","modified_gmt":"2022-10-22T09:44:16","slug":"banqueta-bateria-infantil-db0335","status":"publish","type":"product","link":"https:\/\/www.musicalmollet.com\/index.php\/producto\/banqueta-bateria-infantil-db0335\/","title":{"rendered":"Banqueta bateria infantil DB0335"},"content":{"rendered":"<h1>[5797] Banqueta Bateria Infantil Db0335<\/h1>\n<form action=\"\/shop\/cart\/update\" method=\"POST\">\n<div class=\"js_product js_main_product\">\n<div class=\"availability_messages o_not_editable\">\n<div class=\"availability_message_12576 text-warning mt16\"><i class=\"fa fa-exclamation-triangle\" title=\"Alerta\" aria-label=\"Alerta\"><\/i> 2 ud. disponible<\/div>\n<\/div>\n<div id=\"product_option_block\"><\/div>\n<\/div>\n<\/form>\n<hr \/>\n<div id=\"product_full_description\" class=\"oe_structure mt16\">\n<p>Banquetas para bater\u00edas infantiles. Altura m\u00e1xima: 42cm. Altura m\u00ednima: 33cm. DB Percussion.<\/p>\n<\/div>\n<div class=\"js_show_barcode_variant\">\n<p class=\"text-muted\"><i class=\"fa fa-barcode mr-2\"><\/i> <span class=\"oe_product_variant_barcode\">8435258235003<\/span><\/p>\n<\/div>\n","protected":false},"excerpt":{"rendered":"<p>[5797] Banqueta Bateria Infantil Db0335 2 ud. disponible Banquetas para bater\u00edas infantiles. Altura m\u00e1xima: 42cm. Altura m\u00ednima: 33cm. DB Percussion. 8435258235003<\/p>\n","protected":false},"featured_media":6711,"comment_status":"closed","ping_status":"closed","template":"","meta":{"om_disable_all_campaigns":false},"product_cat":[263],"product_tag":[264],"class_list":["post-6710","product","type-product","status-publish","has-post-thumbnail","hentry","product_cat-asientos-de-bateria","product_tag-accesorios-de-bateria"],"aioseo_notices":[],"_links":{"self":[{"href":"https:\/\/www.musicalmollet.com\/index.php\/wp-json\/wp\/v2\/product\/6710","targetHints":{"allow":["GET"]}}],"collection":[{"href":"https:\/\/www.musicalmollet.com\/index.php\/wp-json\/wp\/v2\/product"}],"about":[{"href":"https:\/\/www.musicalmollet.com\/index.php\/wp-json\/wp\/v2\/types\/product"}],"replies":[{"embeddable":true,"href":"https:\/\/www.musicalmollet.com\/index.php\/wp-json\/wp\/v2\/comments?post=6710"}],"wp:featuredmedia":[{"embeddable":true,"href":"https:\/\/www.musicalmollet.com\/index.php\/wp-json\/wp\/v2\/media\/6711"}],"wp:attachment":[{"href":"https:\/\/www.musicalmollet.com\/index.php\/wp-json\/wp\/v2\/media?parent=6710"}],"wp:term":[{"taxonomy":"product_cat","embeddable":true,"href":"https:\/\/www.musicalmollet.com\/index.php\/wp-json\/wp\/v2\/product_cat?post=6710"},{"taxonomy":"product_tag","embeddable":true,"href":"https:\/\/www.musicalmollet.com\/index.php\/wp-json\/wp\/v2\/product_tag?post=6710"}],"curies":[{"name":"wp","href":"https:\/\/api.w.org\/{rel}","templated":true}]}}