{"id":6719,"date":"2025-07-30T17:51:35","date_gmt":"2025-07-30T15:51:35","guid":{"rendered":"https:\/\/www.musicalmollet.com\/?post_type=product&#038;p=6719"},"modified":"2025-07-30T19:35:33","modified_gmt":"2025-07-30T17:35:33","slug":"violin-gliga-genial-i-1-2","status":"publish","type":"product","link":"https:\/\/www.musicalmollet.com\/index.php\/producto\/violin-gliga-genial-i-1-2\/","title":{"rendered":"Violin Gliga Genial I 1\/2"},"content":{"rendered":"<h1>Viol\u00edn Gliga Genial I con estuche negro<\/h1>\n<p id=\"product_reference\"><label>Referencia <\/label> <span class=\"editable\">COVIGLGEI12NK<\/span><\/p>\n<div id=\"short_description_block\">\n<div id=\"short_description_content\" class=\"rte align_justify\">\n<p>Viol\u00edn Gliga Genial I fabricado con maderas de los Montes C\u00e1rpatos, madera que en su momento us\u00f3 Antonio Stradivari. Estuche negro. Cuerdas Thomastik Alphayue.<\/p>\n<\/div>\n<\/div>\n<p><span id=\"bajo_pedido\">Consultar disponibilidad<\/span><\/p>\n<div id=\"oosHook\"><\/div>\n<div class=\"pb-right-column col-xs-12\">\n<form id=\"buy_block\" action=\"https:\/\/vallestrade.com\/carrito\" method=\"post\">\n<div class=\"box-info-product\">\n<div class=\"content_prices clearfix\">\n<div>\n<p class=\"our_price_display\"><span id=\"our_price_display\" class=\"price\">332,98 \u20ac<\/span> (IVA incluido)<\/p>\n<\/div>\n<div class=\"clear\"><\/div>\n<\/div>\n<div class=\"product_attributes clearfix\">\n<div id=\"attributes\">\n<div class=\"clearfix\"><\/div>\n<fieldset class=\"attribute_fieldset\"><label class=\"attribute_label\" for=\"group_6\">Medidas\u00a0<\/label><\/fieldset>\n<\/div>\n<\/div>\n<\/div>\n<\/form>\n<\/div>\n","protected":false},"excerpt":{"rendered":"<p>Viol\u00edn Gliga Genial I con estuche negro Referencia COVIGLGEI12NK Viol\u00edn Gliga Genial I fabricado con maderas de los Montes C\u00e1rpatos, madera que en su momento us\u00f3 Antonio Stradivari. Estuche negro. Cuerdas Thomastik Alphayue. Consultar disponibilidad 332,98 \u20ac (IVA incluido) Medidas\u00a0<\/p>\n","protected":false},"featured_media":6720,"comment_status":"closed","ping_status":"closed","template":"","meta":{"om_disable_all_campaigns":false},"product_cat":[68],"product_tag":[149],"class_list":["post-6719","product","type-product","status-publish","has-post-thumbnail","hentry","product_cat-violines","product_tag-violin"],"aioseo_notices":[],"_links":{"self":[{"href":"https:\/\/www.musicalmollet.com\/index.php\/wp-json\/wp\/v2\/product\/6719","targetHints":{"allow":["GET"]}}],"collection":[{"href":"https:\/\/www.musicalmollet.com\/index.php\/wp-json\/wp\/v2\/product"}],"about":[{"href":"https:\/\/www.musicalmollet.com\/index.php\/wp-json\/wp\/v2\/types\/product"}],"replies":[{"embeddable":true,"href":"https:\/\/www.musicalmollet.com\/index.php\/wp-json\/wp\/v2\/comments?post=6719"}],"wp:featuredmedia":[{"embeddable":true,"href":"https:\/\/www.musicalmollet.com\/index.php\/wp-json\/wp\/v2\/media\/6720"}],"wp:attachment":[{"href":"https:\/\/www.musicalmollet.com\/index.php\/wp-json\/wp\/v2\/media?parent=6719"}],"wp:term":[{"taxonomy":"product_cat","embeddable":true,"href":"https:\/\/www.musicalmollet.com\/index.php\/wp-json\/wp\/v2\/product_cat?post=6719"},{"taxonomy":"product_tag","embeddable":true,"href":"https:\/\/www.musicalmollet.com\/index.php\/wp-json\/wp\/v2\/product_tag?post=6719"}],"curies":[{"name":"wp","href":"https:\/\/api.w.org\/{rel}","templated":true}]}}