{"id":675,"date":"2025-02-05T09:35:32","date_gmt":"2025-02-05T08:35:32","guid":{"rendered":"http:\/\/www.musicalmollet.com\/wordpress\/?post_type=product&#038;p=675"},"modified":"2025-02-05T11:20:28","modified_gmt":"2025-02-05T10:20:28","slug":"aprende-a-tocar-el-ukelele","status":"publish","type":"product","link":"https:\/\/www.musicalmollet.com\/index.php\/producto\/aprende-a-tocar-el-ukelele\/","title":{"rendered":"APRENDE A TOCAR EL UKELELE"},"content":{"rendered":"<p>Aprende a tocar el ukelele + CD. M\u00e9todo f\u00e1cil y progresivo por Bettelli, Roberto portada del Libro: Aprende a tocar el ukelele + CD. M\u00e9todo f\u00e1cil y progresivo cd ISBN: 978-88-63883-06-0 Editorial: Volont\u00e8 &amp; Co. A\u00f1o de la edici\u00f3n: 2013 Traductor: Manuel Zapata Encuadernaci\u00f3n: R\u00fastica Formato: 23&#215;15 P\u00e1ginas: 60 Idiomas: Castellano Tipo: M\u00c9TODO\/EJERCICIOS (incluye CD)<\/p>\n","protected":false},"excerpt":{"rendered":"<p>Aprende a tocar el ukelele + CD. M\u00e9todo f\u00e1cil y progresivo por Bettelli, Roberto portada del Libro: Aprende a tocar el ukelele + CD. M\u00e9todo f\u00e1cil y progresivo cd ISBN: 978-88-63883-06-0 Editorial: Volont\u00e8 &amp; Co. A\u00f1o de la edici\u00f3n: 2013 Traductor: Manuel Zapata Encuadernaci\u00f3n: R\u00fastica Formato: 23&#215;15 P\u00e1ginas: 60 Idiomas: Castellano Tipo: M\u00c9TODO\/EJERCICIOS (incluye CD)<\/p>\n","protected":false},"featured_media":676,"comment_status":"open","ping_status":"closed","template":"","meta":{"om_disable_all_campaigns":false},"product_cat":[49],"product_tag":[185],"class_list":["post-675","product","type-product","status-publish","has-post-thumbnail","hentry","product_cat-libreria-y-metodos","product_tag-libreria"],"aioseo_notices":[],"_links":{"self":[{"href":"https:\/\/www.musicalmollet.com\/index.php\/wp-json\/wp\/v2\/product\/675","targetHints":{"allow":["GET"]}}],"collection":[{"href":"https:\/\/www.musicalmollet.com\/index.php\/wp-json\/wp\/v2\/product"}],"about":[{"href":"https:\/\/www.musicalmollet.com\/index.php\/wp-json\/wp\/v2\/types\/product"}],"replies":[{"embeddable":true,"href":"https:\/\/www.musicalmollet.com\/index.php\/wp-json\/wp\/v2\/comments?post=675"}],"wp:featuredmedia":[{"embeddable":true,"href":"https:\/\/www.musicalmollet.com\/index.php\/wp-json\/wp\/v2\/media\/676"}],"wp:attachment":[{"href":"https:\/\/www.musicalmollet.com\/index.php\/wp-json\/wp\/v2\/media?parent=675"}],"wp:term":[{"taxonomy":"product_cat","embeddable":true,"href":"https:\/\/www.musicalmollet.com\/index.php\/wp-json\/wp\/v2\/product_cat?post=675"},{"taxonomy":"product_tag","embeddable":true,"href":"https:\/\/www.musicalmollet.com\/index.php\/wp-json\/wp\/v2\/product_tag?post=675"}],"curies":[{"name":"wp","href":"https:\/\/api.w.org\/{rel}","templated":true}]}}