{"id":6812,"date":"2023-05-16T12:02:42","date_gmt":"2023-05-16T10:02:42","guid":{"rendered":"https:\/\/www.musicalmollet.com\/?post_type=product&#038;p=6812"},"modified":"2023-05-16T11:41:33","modified_gmt":"2023-05-16T09:41:33","slug":"correa-batukada-ortola-ref-739-l","status":"publish","type":"product","link":"https:\/\/www.musicalmollet.com\/index.php\/producto\/correa-batukada-ortola-ref-739-l\/","title":{"rendered":"Correa Batukada Ortola Ref. 739-L"},"content":{"rendered":"<p>Correas de nylon negra acolchadas batucada. Con cierre de seguridad y cierre velcro. Dos mosquet\u00f3nes met\u00e1licos y correderas. Largo cintura: m\u00ednimo 103cm-m\u00e1ximo 120cm. Para timbas, surdos, repeniques, tambores, etc.<\/p>\n","protected":false},"excerpt":{"rendered":"<p>Correas de nylon negra acolchadas batucada. Con cierre de seguridad y cierre velcro. Dos mosquet\u00f3nes met\u00e1licos y correderas. Largo cintura: m\u00ednimo 103cm-m\u00e1ximo 120cm. Para timbas, surdos, repeniques, tambores, etc.<\/p>\n","protected":false},"featured_media":6813,"comment_status":"closed","ping_status":"closed","template":"","meta":{"om_disable_all_campaigns":false},"product_cat":[296],"product_tag":[297],"class_list":["post-6812","product","type-product","status-publish","has-post-thumbnail","hentry","product_cat-correas-y-bandoleras","product_tag-correas"],"aioseo_notices":[],"_links":{"self":[{"href":"https:\/\/www.musicalmollet.com\/index.php\/wp-json\/wp\/v2\/product\/6812","targetHints":{"allow":["GET"]}}],"collection":[{"href":"https:\/\/www.musicalmollet.com\/index.php\/wp-json\/wp\/v2\/product"}],"about":[{"href":"https:\/\/www.musicalmollet.com\/index.php\/wp-json\/wp\/v2\/types\/product"}],"replies":[{"embeddable":true,"href":"https:\/\/www.musicalmollet.com\/index.php\/wp-json\/wp\/v2\/comments?post=6812"}],"wp:featuredmedia":[{"embeddable":true,"href":"https:\/\/www.musicalmollet.com\/index.php\/wp-json\/wp\/v2\/media\/6813"}],"wp:attachment":[{"href":"https:\/\/www.musicalmollet.com\/index.php\/wp-json\/wp\/v2\/media?parent=6812"}],"wp:term":[{"taxonomy":"product_cat","embeddable":true,"href":"https:\/\/www.musicalmollet.com\/index.php\/wp-json\/wp\/v2\/product_cat?post=6812"},{"taxonomy":"product_tag","embeddable":true,"href":"https:\/\/www.musicalmollet.com\/index.php\/wp-json\/wp\/v2\/product_tag?post=6812"}],"curies":[{"name":"wp","href":"https:\/\/api.w.org\/{rel}","templated":true}]}}