{"id":6823,"date":"2022-11-26T12:11:40","date_gmt":"2022-11-26T11:11:40","guid":{"rendered":"https:\/\/www.musicalmollet.com\/?post_type=product&#038;p=6823"},"modified":"2022-11-26T12:11:41","modified_gmt":"2022-11-26T11:11:41","slug":"maracas-naturales-tycson-tmw-n","status":"publish","type":"product","link":"https:\/\/www.musicalmollet.com\/index.php\/producto\/maracas-naturales-tycson-tmw-n\/","title":{"rendered":"Maracas Naturales Tycson TMW-N"},"content":{"rendered":"<h1 class=\"a-size-base-plus a-text-bold\">Sobre este art\u00edculo<\/h1>\n<ul class=\"a-unordered-list a-vertical a-spacing-mini\">\n<li><span class=\"a-list-item\"> Conchas y asas hechas de madera de roble de Siam <\/span><\/li>\n<li><span class=\"a-list-item\"> Cabezas de tama\u00f1o completo que producir Sharp, Full sonidos ideal para cualquier situaci\u00f3n musical <\/span><\/li>\n<li><span class=\"a-list-item\"> Se venden en pares <\/span><\/li>\n<\/ul>\n","protected":false},"excerpt":{"rendered":"<p>Sobre este art\u00edculo Conchas y asas hechas de madera de roble de Siam Cabezas de tama\u00f1o completo que producir Sharp, Full sonidos ideal para cualquier situaci\u00f3n musical Se venden en pares<\/p>\n","protected":false},"featured_media":6824,"comment_status":"closed","ping_status":"closed","template":"","meta":{"om_disable_all_campaigns":false},"product_cat":[126],"product_tag":[193],"class_list":["post-6823","product","type-product","status-publish","has-post-thumbnail","hentry","product_cat-maracas","product_tag-percusion"],"aioseo_notices":[],"_links":{"self":[{"href":"https:\/\/www.musicalmollet.com\/index.php\/wp-json\/wp\/v2\/product\/6823","targetHints":{"allow":["GET"]}}],"collection":[{"href":"https:\/\/www.musicalmollet.com\/index.php\/wp-json\/wp\/v2\/product"}],"about":[{"href":"https:\/\/www.musicalmollet.com\/index.php\/wp-json\/wp\/v2\/types\/product"}],"replies":[{"embeddable":true,"href":"https:\/\/www.musicalmollet.com\/index.php\/wp-json\/wp\/v2\/comments?post=6823"}],"wp:featuredmedia":[{"embeddable":true,"href":"https:\/\/www.musicalmollet.com\/index.php\/wp-json\/wp\/v2\/media\/6824"}],"wp:attachment":[{"href":"https:\/\/www.musicalmollet.com\/index.php\/wp-json\/wp\/v2\/media?parent=6823"}],"wp:term":[{"taxonomy":"product_cat","embeddable":true,"href":"https:\/\/www.musicalmollet.com\/index.php\/wp-json\/wp\/v2\/product_cat?post=6823"},{"taxonomy":"product_tag","embeddable":true,"href":"https:\/\/www.musicalmollet.com\/index.php\/wp-json\/wp\/v2\/product_tag?post=6823"}],"curies":[{"name":"wp","href":"https:\/\/api.w.org\/{rel}","templated":true}]}}