{"id":6866,"date":"2022-12-02T20:36:30","date_gmt":"2022-12-02T19:36:30","guid":{"rendered":"https:\/\/www.musicalmollet.com\/?post_type=product&#038;p=6866"},"modified":"2022-12-02T20:36:30","modified_gmt":"2022-12-02T19:36:30","slug":"guitarra-electrica-eko-strato-s-300","status":"publish","type":"product","link":"https:\/\/www.musicalmollet.com\/index.php\/producto\/guitarra-electrica-eko-strato-s-300\/","title":{"rendered":"Guitarra El\u00e9ctrica Eko Strato s 300"},"content":{"rendered":"<div class=\"elementor-element elementor-element-fb429cb elementor-widget elementor-widget-woocommerce-product-short-description\" data-id=\"fb429cb\" data-element_type=\"widget\" data-widget_type=\"woocommerce-product-short-description.default\">\n<div class=\"elementor-widget-container\">\n<div class=\"woocommerce-product-details__short-description\">\n<h3><strong>Caracter\u00edsticas guitarra el\u00e9ctrica rojo met\u00e1lico Eko S300<\/strong><\/h3>\n<p><strong>Clavijero:\u00a0<\/strong>Die Cast<\/p>\n<p><strong>N\u00ba Cuerdas:\u00a0<\/strong>6<\/p>\n<p><strong>Cuerpo:\u00a0<\/strong>Tilo<\/p>\n<p><strong>Diapas\u00f3n:\u00a0<\/strong>Roupan\u00e1<\/p>\n<p><strong>Trastes:\u00a0<\/strong>22<\/p>\n<p><strong>M\u00e1stil:\u00a0<\/strong>Arce<\/p>\n<p><strong>Golpeador:\u00a0<\/strong>Blanco<\/p>\n<p><strong>Configuraci\u00f3n pastillas:\u00a0<\/strong> S-S-S<\/p>\n<p><strong>Puente:\u00a0<\/strong>Tr\u00e9molo tradicional<\/p>\n<p><strong>Acabado pala:\u00a0<\/strong>Natural<\/p>\n<p><strong>Herrajes:\u00a0<\/strong>Cromado<\/p>\n<p><strong>Longitud de escala:\u00a0<\/strong>25 1\/2\u2033<\/p>\n<\/div>\n<\/div>\n<\/div>\n","protected":false},"excerpt":{"rendered":"<p>Caracter\u00edsticas guitarra el\u00e9ctrica rojo met\u00e1lico Eko S300 Clavijero:\u00a0Die Cast N\u00ba Cuerdas:\u00a06 Cuerpo:\u00a0Tilo Diapas\u00f3n:\u00a0Roupan\u00e1 Trastes:\u00a022 M\u00e1stil:\u00a0Arce Golpeador:\u00a0Blanco Configuraci\u00f3n pastillas:\u00a0 S-S-S Puente:\u00a0Tr\u00e9molo tradicional Acabado pala:\u00a0Natural Herrajes:\u00a0Cromado Longitud de escala:\u00a025 1\/2\u2033<\/p>\n","protected":false},"featured_media":6867,"comment_status":"closed","ping_status":"closed","template":"","meta":{"om_disable_all_campaigns":false},"product_cat":[43],"product_tag":[71],"class_list":["post-6866","product","type-product","status-publish","has-post-thumbnail","hentry","product_cat-guitarra-electrica","product_tag-guitarra"],"aioseo_notices":[],"_links":{"self":[{"href":"https:\/\/www.musicalmollet.com\/index.php\/wp-json\/wp\/v2\/product\/6866","targetHints":{"allow":["GET"]}}],"collection":[{"href":"https:\/\/www.musicalmollet.com\/index.php\/wp-json\/wp\/v2\/product"}],"about":[{"href":"https:\/\/www.musicalmollet.com\/index.php\/wp-json\/wp\/v2\/types\/product"}],"replies":[{"embeddable":true,"href":"https:\/\/www.musicalmollet.com\/index.php\/wp-json\/wp\/v2\/comments?post=6866"}],"wp:featuredmedia":[{"embeddable":true,"href":"https:\/\/www.musicalmollet.com\/index.php\/wp-json\/wp\/v2\/media\/6867"}],"wp:attachment":[{"href":"https:\/\/www.musicalmollet.com\/index.php\/wp-json\/wp\/v2\/media?parent=6866"}],"wp:term":[{"taxonomy":"product_cat","embeddable":true,"href":"https:\/\/www.musicalmollet.com\/index.php\/wp-json\/wp\/v2\/product_cat?post=6866"},{"taxonomy":"product_tag","embeddable":true,"href":"https:\/\/www.musicalmollet.com\/index.php\/wp-json\/wp\/v2\/product_tag?post=6866"}],"curies":[{"name":"wp","href":"https:\/\/api.w.org\/{rel}","templated":true}]}}