{"id":6870,"date":"2022-12-03T12:22:15","date_gmt":"2022-12-03T11:22:15","guid":{"rendered":"https:\/\/www.musicalmollet.com\/?post_type=product&#038;p=6870"},"modified":"2022-12-03T12:22:16","modified_gmt":"2022-12-03T11:22:16","slug":"soporte-para-porteria-de-bateria-stagg-acl-a","status":"publish","type":"product","link":"https:\/\/www.musicalmollet.com\/index.php\/producto\/soporte-para-porteria-de-bateria-stagg-acl-a\/","title":{"rendered":"Soporte para porteria de Bater\u00eda Stagg ACL-A"},"content":{"rendered":"<p>Enganche esquina porter\u00eda de bater\u00eda<\/p>\n<p>Mod. Stagg\u00a0 ACL-A<\/p>\n","protected":false},"excerpt":{"rendered":"<p>Enganche esquina porter\u00eda de bater\u00eda Mod. Stagg\u00a0 ACL-A<\/p>\n","protected":false},"featured_media":6872,"comment_status":"closed","ping_status":"closed","template":"","meta":{"om_disable_all_campaigns":false},"product_cat":[304],"product_tag":[264],"class_list":["post-6870","product","type-product","status-publish","has-post-thumbnail","hentry","product_cat-pies-de-plato","product_tag-accesorios-de-bateria"],"aioseo_notices":[],"_links":{"self":[{"href":"https:\/\/www.musicalmollet.com\/index.php\/wp-json\/wp\/v2\/product\/6870","targetHints":{"allow":["GET"]}}],"collection":[{"href":"https:\/\/www.musicalmollet.com\/index.php\/wp-json\/wp\/v2\/product"}],"about":[{"href":"https:\/\/www.musicalmollet.com\/index.php\/wp-json\/wp\/v2\/types\/product"}],"replies":[{"embeddable":true,"href":"https:\/\/www.musicalmollet.com\/index.php\/wp-json\/wp\/v2\/comments?post=6870"}],"wp:featuredmedia":[{"embeddable":true,"href":"https:\/\/www.musicalmollet.com\/index.php\/wp-json\/wp\/v2\/media\/6872"}],"wp:attachment":[{"href":"https:\/\/www.musicalmollet.com\/index.php\/wp-json\/wp\/v2\/media?parent=6870"}],"wp:term":[{"taxonomy":"product_cat","embeddable":true,"href":"https:\/\/www.musicalmollet.com\/index.php\/wp-json\/wp\/v2\/product_cat?post=6870"},{"taxonomy":"product_tag","embeddable":true,"href":"https:\/\/www.musicalmollet.com\/index.php\/wp-json\/wp\/v2\/product_tag?post=6870"}],"curies":[{"name":"wp","href":"https:\/\/api.w.org\/{rel}","templated":true}]}}