{"id":692,"date":"2025-06-11T09:51:52","date_gmt":"2025-06-11T07:51:52","guid":{"rendered":"http:\/\/www.musicalmollet.com\/wordpress\/?post_type=product&#038;p=692"},"modified":"2025-06-11T12:57:02","modified_gmt":"2025-06-11T10:57:02","slug":"cantautores-antologia-piano-guit-vocal","status":"publish","type":"product","link":"https:\/\/www.musicalmollet.com\/index.php\/producto\/cantautores-antologia-piano-guit-vocal\/","title":{"rendered":"CANTAUTORES ANTOLOGIA PIANO-GUIT-VOCAL"},"content":{"rendered":"<p>Antolog\u00eda de partituras Piano, Voz con acordes de Guitarra de las canciones de los cantautores espa\u00f1oles. &#8212; T\u00edtulos: Joaqu\u00edn Sabina &#8211; 19 D\u00edas Y 500 Noches &#8211; Alex Ubago &#8211; A Gritos De Esperanza &#8211; Luis Eduardo Aute &#8211; Al Alba &#8211; Joan Manuel Serrat &#8211; Balada De Oto\u00f1o &#8211; Paco Ortega &#8211; Cala\u00edto &#8211; Inma Serrano &#8211; Cantos De Sirena &#8211; Joan Bautista Humet &#8211; Clara &#8211; Pedro Guerra &#8211; Contaminame &#8211; Luis Eduardo Aute &#8211; De Alguna Manera &#8211; Alberto Cortez &#8211; En Un Rinc\u00f3n Del Alma &#8211; Alvaro Peire &#8211; Francis &#8211; Jarabe De Palo &#8211; La Flaca &#8211; Caf\u00e9 Quijano &#8211; La Lola &#8211; Alejandro Sanz &#8211; No Es Lo Mismo &#8211; Victor Manuel, Ana Belen &#8211; No Se Por Que Te Quiero &#8211; Antonio Vega &#8211; Oc\u00e9ano De Sol &#8211; Hilario Camacho &#8211; Oye Ni\u00f1a &#8211; Ismael Serrano &#8211; Papa, Cuentame Otra Vez &#8211; Joaqu\u00edn Sabina, Antonio Flores &#8211; Pongamos Que Hablo De Madrid &#8211; Jos\u00e9 Manuel Soto &#8211; Por Ella &#8211; Manolo Tena &#8211; Por Tu Amor &#8211; David Demar\u00eda &#8211; Precisamente Ahora &#8211; Hilario Camacho &#8211; R\u00edndete &#8211; Alejandro Sanz &#8211; Se Le Apag\u00f3 La Luz &#8211; Antonio Flores &#8211; Siete Vidas &#8211; Victor Manuel &#8211; Soy Un Coraz\u00f3n Tendido Al Sol &#8211; Mikel Erentxun &#8211; Suelta Las Riendas De Mi Coraz\u00f3n &#8211; Jos\u00e9 Luis Perales &#8211; Un Velero Llamado Libertad &#8211; Alex Ubago &#8211; \u00bfQue Pides T\u00fa?<\/p>\n","protected":false},"excerpt":{"rendered":"<p>Antolog\u00eda de partituras Piano, Voz con acordes de Guitarra de las canciones de los cantautores espa\u00f1oles. &#8212; T\u00edtulos: Joaqu\u00edn Sabina &#8211; 19 D\u00edas Y 500 Noches &#8211; Alex Ubago &#8211; A Gritos De Esperanza &#8211; Luis Eduardo Aute &#8211; Al Alba &#8211; Joan Manuel Serrat &#8211; Balada De Oto\u00f1o &#8211; Paco Ortega &#8211; Cala\u00edto &#8211; [&hellip;]<\/p>\n","protected":false},"featured_media":693,"comment_status":"open","ping_status":"closed","template":"","meta":{"om_disable_all_campaigns":false},"product_cat":[49],"product_tag":[185],"class_list":["post-692","product","type-product","status-publish","has-post-thumbnail","hentry","product_cat-libreria-y-metodos","product_tag-libreria"],"aioseo_notices":[],"_links":{"self":[{"href":"https:\/\/www.musicalmollet.com\/index.php\/wp-json\/wp\/v2\/product\/692","targetHints":{"allow":["GET"]}}],"collection":[{"href":"https:\/\/www.musicalmollet.com\/index.php\/wp-json\/wp\/v2\/product"}],"about":[{"href":"https:\/\/www.musicalmollet.com\/index.php\/wp-json\/wp\/v2\/types\/product"}],"replies":[{"embeddable":true,"href":"https:\/\/www.musicalmollet.com\/index.php\/wp-json\/wp\/v2\/comments?post=692"}],"wp:featuredmedia":[{"embeddable":true,"href":"https:\/\/www.musicalmollet.com\/index.php\/wp-json\/wp\/v2\/media\/693"}],"wp:attachment":[{"href":"https:\/\/www.musicalmollet.com\/index.php\/wp-json\/wp\/v2\/media?parent=692"}],"wp:term":[{"taxonomy":"product_cat","embeddable":true,"href":"https:\/\/www.musicalmollet.com\/index.php\/wp-json\/wp\/v2\/product_cat?post=692"},{"taxonomy":"product_tag","embeddable":true,"href":"https:\/\/www.musicalmollet.com\/index.php\/wp-json\/wp\/v2\/product_tag?post=692"}],"curies":[{"name":"wp","href":"https:\/\/api.w.org\/{rel}","templated":true}]}}