{"id":6930,"date":"2024-01-24T12:40:48","date_gmt":"2024-01-24T11:40:48","guid":{"rendered":"https:\/\/www.musicalmollet.com\/?post_type=product&#038;p=6930"},"modified":"2024-01-24T12:58:05","modified_gmt":"2024-01-24T11:58:05","slug":"pedal-boss-super-octave-oc-3","status":"publish","type":"product","link":"https:\/\/www.musicalmollet.com\/index.php\/producto\/pedal-boss-super-octave-oc-3\/","title":{"rendered":"Pedal Boss Super Octave OC-3"},"content":{"rendered":"<div class=\"quick-info-content\">\n<ul class=\"list\">\n<li>Pase de tonos OC-2 de la vieja escuela en el modo Vintage a voces modernas en Poly<\/li>\n<li>A\u00f1ada a\u00fan m\u00e1s profundidad a su m\u00fasica con su perilla de aumento de octava<\/li>\n<li>Seleccione qu\u00e9 notas armonizar utilizando el control Variable Range<\/li>\n<li>Interruptor selector de guitarra\/bajo para optimizaci\u00f3n instrumental<\/li>\n<\/ul>\n<\/div>\n","protected":false},"excerpt":{"rendered":"<p>Pase de tonos OC-2 de la vieja escuela en el modo Vintage a voces modernas en Poly A\u00f1ada a\u00fan m\u00e1s profundidad a su m\u00fasica con su perilla de aumento de octava Seleccione qu\u00e9 notas armonizar utilizando el control Variable Range Interruptor selector de guitarra\/bajo para optimizaci\u00f3n instrumental<\/p>\n","protected":false},"featured_media":6931,"comment_status":"closed","ping_status":"closed","template":"","meta":{"om_disable_all_campaigns":false},"product_cat":[57],"product_tag":[191],"class_list":["post-6930","product","type-product","status-publish","has-post-thumbnail","hentry","product_cat-pedales-de-efectos","product_tag-pedal"],"aioseo_notices":[],"_links":{"self":[{"href":"https:\/\/www.musicalmollet.com\/index.php\/wp-json\/wp\/v2\/product\/6930","targetHints":{"allow":["GET"]}}],"collection":[{"href":"https:\/\/www.musicalmollet.com\/index.php\/wp-json\/wp\/v2\/product"}],"about":[{"href":"https:\/\/www.musicalmollet.com\/index.php\/wp-json\/wp\/v2\/types\/product"}],"replies":[{"embeddable":true,"href":"https:\/\/www.musicalmollet.com\/index.php\/wp-json\/wp\/v2\/comments?post=6930"}],"wp:featuredmedia":[{"embeddable":true,"href":"https:\/\/www.musicalmollet.com\/index.php\/wp-json\/wp\/v2\/media\/6931"}],"wp:attachment":[{"href":"https:\/\/www.musicalmollet.com\/index.php\/wp-json\/wp\/v2\/media?parent=6930"}],"wp:term":[{"taxonomy":"product_cat","embeddable":true,"href":"https:\/\/www.musicalmollet.com\/index.php\/wp-json\/wp\/v2\/product_cat?post=6930"},{"taxonomy":"product_tag","embeddable":true,"href":"https:\/\/www.musicalmollet.com\/index.php\/wp-json\/wp\/v2\/product_tag?post=6930"}],"curies":[{"name":"wp","href":"https:\/\/api.w.org\/{rel}","templated":true}]}}