{"id":6968,"date":"2022-12-29T18:19:25","date_gmt":"2022-12-29T17:19:25","guid":{"rendered":"https:\/\/www.musicalmollet.com\/?post_type=product&#038;p=6968"},"modified":"2022-12-29T18:27:41","modified_gmt":"2022-12-29T17:27:41","slug":"ukelele-soprano-octopus-uk205-pks-negro","status":"publish","type":"product","link":"https:\/\/www.musicalmollet.com\/index.php\/producto\/ukelele-soprano-octopus-uk205-pks-negro\/","title":{"rendered":"Ukelele Soprano Octopus UK205- PKS Rosa"},"content":{"rendered":"<p>UK.OCT.UK-200 ROSA Ukelele de madera de nato ( tipo caoba ) de tama\u00f1o soprano con clavijero de m\u00e1xima calidad y precisi\u00f3n. El Puente y el diapas\u00f3n son de palisandro s\u00f3lido. Los ukeleles octopus vienen equipados con cuerdas de nylon y van con funda incluida .<\/p>\n<p>Color ROSA<\/p>\n","protected":false},"excerpt":{"rendered":"<p>UK.OCT.UK-200 ROSA Ukelele de madera de nato ( tipo caoba ) de tama\u00f1o soprano con clavijero de m\u00e1xima calidad y precisi\u00f3n. El Puente y el diapas\u00f3n son de palisandro s\u00f3lido. Los ukeleles octopus vienen equipados con cuerdas de nylon y van con funda incluida . Color ROSA<\/p>\n","protected":false},"featured_media":2440,"comment_status":"closed","ping_status":"closed","template":"","meta":{"om_disable_all_campaigns":false},"product_cat":[67],"product_tag":[172],"class_list":["post-6968","product","type-product","status-publish","has-post-thumbnail","hentry","product_cat-ukeleles","product_tag-ukelele"],"aioseo_notices":[],"_links":{"self":[{"href":"https:\/\/www.musicalmollet.com\/index.php\/wp-json\/wp\/v2\/product\/6968","targetHints":{"allow":["GET"]}}],"collection":[{"href":"https:\/\/www.musicalmollet.com\/index.php\/wp-json\/wp\/v2\/product"}],"about":[{"href":"https:\/\/www.musicalmollet.com\/index.php\/wp-json\/wp\/v2\/types\/product"}],"replies":[{"embeddable":true,"href":"https:\/\/www.musicalmollet.com\/index.php\/wp-json\/wp\/v2\/comments?post=6968"}],"wp:featuredmedia":[{"embeddable":true,"href":"https:\/\/www.musicalmollet.com\/index.php\/wp-json\/wp\/v2\/media\/2440"}],"wp:attachment":[{"href":"https:\/\/www.musicalmollet.com\/index.php\/wp-json\/wp\/v2\/media?parent=6968"}],"wp:term":[{"taxonomy":"product_cat","embeddable":true,"href":"https:\/\/www.musicalmollet.com\/index.php\/wp-json\/wp\/v2\/product_cat?post=6968"},{"taxonomy":"product_tag","embeddable":true,"href":"https:\/\/www.musicalmollet.com\/index.php\/wp-json\/wp\/v2\/product_tag?post=6968"}],"curies":[{"name":"wp","href":"https:\/\/api.w.org\/{rel}","templated":true}]}}