{"id":699,"date":"2016-05-06T09:56:37","date_gmt":"2016-05-06T15:56:37","guid":{"rendered":"http:\/\/www.musicalmollet.com\/wordpress\/?post_type=product&#038;p=699"},"modified":"2016-05-06T09:56:37","modified_gmt":"2016-05-06T15:56:37","slug":"como-sonar-el-saxofon-vol-1","status":"publish","type":"product","link":"https:\/\/www.musicalmollet.com\/index.php\/producto\/como-sonar-el-saxofon-vol-1\/","title":{"rendered":"COMO SONAR EL SAXOFON VOL 1"},"content":{"rendered":"<p>Como sonar el saxof\u00f3n es una colecci\u00f3n de materiales did\u00e1cticos, distribuida en cuatro cuadernos, correspondientes a los cuatro cursos de Grado Elemental. Estos libros responden a la distribuci\u00f3n temporal de unos contenidos y a la aplicaci\u00f3n de un m\u00e9todo, teniendo en cuenta las fuentes pedag\u00f3gica y epistemol\u00f3gica. Por otra parte, el profesor ha de desarrollar su psicolog\u00eda y su did\u00e1ctica para acercar estos materiales al alumno. Adem\u00e1s, utiliza las posibilidades que las nuevas tecnolog\u00edas nos ofrecen para desarrollar la motivaci\u00f3n, el o\u00eddo y la creatividad musical.<\/p>\n","protected":false},"excerpt":{"rendered":"<p>Como sonar el saxof\u00f3n es una colecci\u00f3n de materiales did\u00e1cticos, distribuida en cuatro cuadernos, correspondientes a los cuatro cursos de Grado Elemental. Estos libros responden a la distribuci\u00f3n temporal de unos contenidos y a la aplicaci\u00f3n de un m\u00e9todo, teniendo en cuenta las fuentes pedag\u00f3gica y epistemol\u00f3gica. Por otra parte, el profesor ha de desarrollar [&hellip;]<\/p>\n","protected":false},"featured_media":0,"comment_status":"open","ping_status":"closed","template":"","meta":{"om_disable_all_campaigns":false},"product_cat":[49],"product_tag":[185],"class_list":["post-699","product","type-product","status-publish","hentry","product_cat-libreria-y-metodos","product_tag-libreria"],"aioseo_notices":[],"_links":{"self":[{"href":"https:\/\/www.musicalmollet.com\/index.php\/wp-json\/wp\/v2\/product\/699","targetHints":{"allow":["GET"]}}],"collection":[{"href":"https:\/\/www.musicalmollet.com\/index.php\/wp-json\/wp\/v2\/product"}],"about":[{"href":"https:\/\/www.musicalmollet.com\/index.php\/wp-json\/wp\/v2\/types\/product"}],"replies":[{"embeddable":true,"href":"https:\/\/www.musicalmollet.com\/index.php\/wp-json\/wp\/v2\/comments?post=699"}],"wp:attachment":[{"href":"https:\/\/www.musicalmollet.com\/index.php\/wp-json\/wp\/v2\/media?parent=699"}],"wp:term":[{"taxonomy":"product_cat","embeddable":true,"href":"https:\/\/www.musicalmollet.com\/index.php\/wp-json\/wp\/v2\/product_cat?post=699"},{"taxonomy":"product_tag","embeddable":true,"href":"https:\/\/www.musicalmollet.com\/index.php\/wp-json\/wp\/v2\/product_tag?post=699"}],"curies":[{"name":"wp","href":"https:\/\/api.w.org\/{rel}","templated":true}]}}