{"id":7008,"date":"2026-02-07T20:31:13","date_gmt":"2026-02-07T19:31:13","guid":{"rendered":"https:\/\/www.musicalmollet.com\/?post_type=product&#038;p=7008"},"modified":"2026-02-12T19:35:04","modified_gmt":"2026-02-12T18:35:04","slug":"guitarra-electrica-cort-x100-opbk-2","status":"publish","type":"product","link":"https:\/\/www.musicalmollet.com\/index.php\/producto\/guitarra-electrica-cort-x100-opbk-2\/","title":{"rendered":"Guitarra Fender Electroac\u00fastica Newporter player natural"},"content":{"rendered":"<div class=\"text-original js-prod-text-original\">\n<h2 class=\"fx-headline fx-headline--3 fx-space-bottom--m\">Guitarra electroac\u00fastica<\/h2>\n<ul class=\"fx-list product-text__list\">\n<li class=\"fx-list__item list-item fx-list__item--circle\"><span class=\"fx-text fx-text--plus list-item__text\">Newporter Player Series<\/span><\/li>\n<li class=\"fx-list__item list-item fx-list__item--circle\"><span class=\"fx-text fx-text--plus list-item__text\">Con cutaway<\/span><\/li>\n<li class=\"fx-list__item list-item fx-list__item--circle\"><span class=\"fx-text fx-text--plus list-item__text\">Refuerzos escalopeados<\/span><\/li>\n<li class=\"fx-list__item list-item fx-list__item--circle\"><span class=\"fx-text fx-text--plus list-item__text\">Aros y fondo de caoba<\/span><\/li>\n<li class=\"fx-list__item list-item fx-list__item--circle\"><span class=\"fx-text fx-text--plus list-item__text\">Tapa de p\u00edcea maciza<\/span><\/li>\n<li class=\"fx-list__item list-item fx-list__item--circle\"><span class=\"fx-text fx-text--plus list-item__text\">M\u00e1stil de caoba con perfil c\u00f3nico delgado en forma de &#8216;C&#8217;<\/span><\/li>\n<li class=\"fx-list__item list-item fx-list__item--circle\"><span class=\"fx-text fx-text--plus list-item__text\">Diapas\u00f3n de nogal<\/span><\/li>\n<li class=\"fx-list__item list-item fx-list__item--circle\"><span class=\"fx-text fx-text--plus list-item__text\">Inlays de puntos blancos<\/span><\/li>\n<li class=\"fx-list__item list-item fx-list__item--circle\"><span class=\"fx-text fx-text--plus list-item__text\">20 trastes<\/span><\/li>\n<li class=\"fx-list__item list-item fx-list__item--circle\"><span class=\"fx-text fx-text--plus list-item__text\">Cejilla GraphTech nubone<\/span><\/li>\n<li class=\"fx-list__item list-item fx-list__item--circle\"><span class=\"fx-text fx-text--plus list-item__text\">Anchura de cejilla de 43 mm (1,69&#8243;)<\/span><\/li>\n<li class=\"fx-list__item list-item fx-list__item--circle\"><span class=\"fx-text fx-text--plus list-item__text\">Escala de 650 mm (25,6&#8243;)<\/span><\/li>\n<li class=\"fx-list__item list-item fx-list__item--circle\"><span class=\"fx-text fx-text--plus list-item__text\">Material del puente de nogal<\/span><\/li>\n<li class=\"fx-list__item list-item fx-list__item--circle\"><span class=\"fx-text fx-text--plus list-item__text\">Golpeador dorado<\/span><\/li>\n<li class=\"fx-list__item list-item fx-list__item--circle\"><span class=\"fx-text fx-text--plus list-item__text\">Pastilla con preamplificador Fender\/Fishman CD-1<\/span><\/li>\n<li class=\"fx-list__item list-item fx-list__item--circle\"><span class=\"fx-text fx-text--plus list-item__text\">Clavijas de afinaci\u00f3n de n\u00edquel selladas<\/span><\/li>\n<li class=\"fx-list__item list-item fx-list__item--circle\"><span class=\"fx-text fx-text--plus list-item__text\">Color: Natural<\/span><\/li>\n<li class=\"fx-list__item list-item fx-list__item--circle\"><span class=\"fx-text fx-text--plus list-item__text\">Cuerdas de f\u00e1brica Fender 880L Dura-Tone .012 &#8211; .052\u00a0 ref. 097-0743-021<\/span><\/li>\n<\/ul>\n<\/div>\n","protected":false},"excerpt":{"rendered":"<p>Guitarra electroac\u00fastica Newporter Player Series Con cutaway Refuerzos escalopeados Aros y fondo de caoba Tapa de p\u00edcea maciza M\u00e1stil de caoba con perfil c\u00f3nico delgado en forma de &#8216;C&#8217; Diapas\u00f3n de nogal Inlays de puntos blancos 20 trastes Cejilla GraphTech nubone Anchura de cejilla de 43 mm (1,69&#8243;) Escala de 650 mm (25,6&#8243;) Material del [&hellip;]<\/p>\n","protected":false},"featured_media":7009,"comment_status":"closed","ping_status":"closed","template":"","meta":{"om_disable_all_campaigns":false},"product_cat":[41],"product_tag":[71],"class_list":["post-7008","product","type-product","status-publish","has-post-thumbnail","hentry","product_cat-guitarras-acusticas","product_tag-guitarra"],"aioseo_notices":[],"_links":{"self":[{"href":"https:\/\/www.musicalmollet.com\/index.php\/wp-json\/wp\/v2\/product\/7008","targetHints":{"allow":["GET"]}}],"collection":[{"href":"https:\/\/www.musicalmollet.com\/index.php\/wp-json\/wp\/v2\/product"}],"about":[{"href":"https:\/\/www.musicalmollet.com\/index.php\/wp-json\/wp\/v2\/types\/product"}],"replies":[{"embeddable":true,"href":"https:\/\/www.musicalmollet.com\/index.php\/wp-json\/wp\/v2\/comments?post=7008"}],"wp:featuredmedia":[{"embeddable":true,"href":"https:\/\/www.musicalmollet.com\/index.php\/wp-json\/wp\/v2\/media\/7009"}],"wp:attachment":[{"href":"https:\/\/www.musicalmollet.com\/index.php\/wp-json\/wp\/v2\/media?parent=7008"}],"wp:term":[{"taxonomy":"product_cat","embeddable":true,"href":"https:\/\/www.musicalmollet.com\/index.php\/wp-json\/wp\/v2\/product_cat?post=7008"},{"taxonomy":"product_tag","embeddable":true,"href":"https:\/\/www.musicalmollet.com\/index.php\/wp-json\/wp\/v2\/product_tag?post=7008"}],"curies":[{"name":"wp","href":"https:\/\/api.w.org\/{rel}","templated":true}]}}