{"id":7014,"date":"2024-05-23T11:59:06","date_gmt":"2024-05-23T09:59:06","guid":{"rendered":"https:\/\/www.musicalmollet.com\/?post_type=product&#038;p=7014"},"modified":"2024-05-23T13:27:15","modified_gmt":"2024-05-23T11:27:15","slug":"violin-stentor-student-ii-sh-4-4","status":"publish","type":"product","link":"https:\/\/www.musicalmollet.com\/index.php\/producto\/violin-stentor-student-ii-sh-4-4\/","title":{"rendered":"Violin Stentor Student II SH 4\/4"},"content":{"rendered":"<h2><strong>CARACTER\u00cdSTICAS\u00a0<\/strong><strong>VIOL\u00cdN STENTOR STUDENT II SH:<\/strong><\/h2>\n<ul>\n<li>Tapa de abeto<\/li>\n<li>Fondo y aros de arce<\/li>\n<li>Diapas\u00f3n de \u00e9bano<\/li>\n<li>Perfil incrustado<\/li>\n<li>Clavijas, barbada y bot\u00f3n de \u00e9bano<\/li>\n<li>Cordal con afinadores<\/li>\n<li>Acabado satinado<\/li>\n<\/ul>\n<p><strong>ESTUCHE:<\/strong><\/p>\n<ul>\n<li>Estuche de forma forrado en lona<\/li>\n<li>Cubre viol\u00edn con logo Stentor<\/li>\n<li>Bolsa exterior<\/li>\n<li>Bolsillo exterior para accesorios<\/li>\n<li>Sistema mochila<\/li>\n<li>Reflectores de seguridad<\/li>\n<li>Color granate y negro<\/li>\n<\/ul>\n<p><strong>ARCO:<\/strong><\/p>\n<ul>\n<li>Buen arco de estudio<\/li>\n<li>Madera de brasil<\/li>\n<li>Vara redonda<\/li>\n<li>Nuez de \u00e9bano<\/li>\n<\/ul>\n<p><strong>INCLUYE:<\/strong><\/p>\n<ul>\n<li>Resina de estudio Stentor<\/li>\n<li>Dos correas para colgar tipo mochila<\/li>\n<\/ul>\n","protected":false},"excerpt":{"rendered":"<p>CARACTER\u00cdSTICAS\u00a0VIOL\u00cdN STENTOR STUDENT II SH: Tapa de abeto Fondo y aros de arce Diapas\u00f3n de \u00e9bano Perfil incrustado Clavijas, barbada y bot\u00f3n de \u00e9bano Cordal con afinadores Acabado satinado ESTUCHE: Estuche de forma forrado en lona Cubre viol\u00edn con logo Stentor Bolsa exterior Bolsillo exterior para accesorios Sistema mochila Reflectores de seguridad Color granate y [&hellip;]<\/p>\n","protected":false},"featured_media":7017,"comment_status":"closed","ping_status":"closed","template":"","meta":{"om_disable_all_campaigns":false},"product_cat":[68],"product_tag":[149],"class_list":["post-7014","product","type-product","status-publish","has-post-thumbnail","hentry","product_cat-violines","product_tag-violin"],"aioseo_notices":[],"_links":{"self":[{"href":"https:\/\/www.musicalmollet.com\/index.php\/wp-json\/wp\/v2\/product\/7014","targetHints":{"allow":["GET"]}}],"collection":[{"href":"https:\/\/www.musicalmollet.com\/index.php\/wp-json\/wp\/v2\/product"}],"about":[{"href":"https:\/\/www.musicalmollet.com\/index.php\/wp-json\/wp\/v2\/types\/product"}],"replies":[{"embeddable":true,"href":"https:\/\/www.musicalmollet.com\/index.php\/wp-json\/wp\/v2\/comments?post=7014"}],"wp:featuredmedia":[{"embeddable":true,"href":"https:\/\/www.musicalmollet.com\/index.php\/wp-json\/wp\/v2\/media\/7017"}],"wp:attachment":[{"href":"https:\/\/www.musicalmollet.com\/index.php\/wp-json\/wp\/v2\/media?parent=7014"}],"wp:term":[{"taxonomy":"product_cat","embeddable":true,"href":"https:\/\/www.musicalmollet.com\/index.php\/wp-json\/wp\/v2\/product_cat?post=7014"},{"taxonomy":"product_tag","embeddable":true,"href":"https:\/\/www.musicalmollet.com\/index.php\/wp-json\/wp\/v2\/product_tag?post=7014"}],"curies":[{"name":"wp","href":"https:\/\/api.w.org\/{rel}","templated":true}]}}