{"id":7037,"date":"2024-06-14T13:04:20","date_gmt":"2024-06-14T11:04:20","guid":{"rendered":"https:\/\/www.musicalmollet.com\/?post_type=product&#038;p=7037"},"modified":"2024-06-14T20:19:26","modified_gmt":"2024-06-14T18:19:26","slug":"armonica-hohner-echo-recta-32-voces-no-2309","status":"publish","type":"product","link":"https:\/\/www.musicalmollet.com\/index.php\/producto\/armonica-hohner-echo-recta-32-voces-no-2309\/","title":{"rendered":"Armonica Hohner Echo recta 32 voces n\u00ba 2309"},"content":{"rendered":"<div class=\"maxWidth_1700px product-layout\">\n<div class=\"\">\n<div class=\"row\">\n<div id=\"caracteristicas\" class=\"col-xs-12 product_description-nav product-information-nav caracteristicas padding-lg-top10 padding-bottom20 padding-top20\">\n<h2 id=\"h2FichaCaracteristicas\" class=\"h2-ficha h2-detailsP\">Caracter\u00edsticas de Hohner Echo Recta 32V 2309\/32&#8230;<\/h2>\n<div id=\"caracteristicasDiv\" class=\"fondo-blanco  padding30 \">\n<div class=\"product-features\">\n<p>Arm\u00f3nica Diat\u00f3nica Hohner Echo Recta 32 2309\/32 en DO y 32 voces. Al igual que con los instrumentos de la serie Unsere Lieblinge, la doble fila con las notas de la parte inferior octavadas da a las arm\u00f3nicas Echo un sonido de acorde que los m\u00fasicos tradicionales adoran. Afinaci\u00f3n Richter.<\/p>\n<p>&nbsp;<\/p>\n<p class=\"ref2\">Comprar Hohner Arm\u00f3nica Echo Recta 32V 2309\/32 C<\/p>\n<p class=\"ref2\">\n<p class=\"ref2\">EAN 4009126017516<\/p>\n<\/div>\n<\/div>\n<\/div>\n<\/div>\n<\/div>\n<\/div>\n","protected":false},"excerpt":{"rendered":"<p>Caracter\u00edsticas de Hohner Echo Recta 32V 2309\/32&#8230; Arm\u00f3nica Diat\u00f3nica Hohner Echo Recta 32 2309\/32 en DO y 32 voces. Al igual que con los instrumentos de la serie Unsere Lieblinge, la doble fila con las notas de la parte inferior octavadas da a las arm\u00f3nicas Echo un sonido de acorde que los m\u00fasicos tradicionales adoran. [&hellip;]<\/p>\n","protected":false},"featured_media":7038,"comment_status":"closed","ping_status":"closed","template":"","meta":{"om_disable_all_campaigns":false},"product_cat":[20],"product_tag":[158],"class_list":["post-7037","product","type-product","status-publish","has-post-thumbnail","hentry","product_cat-armonicas","product_tag-armonicas"],"aioseo_notices":[],"_links":{"self":[{"href":"https:\/\/www.musicalmollet.com\/index.php\/wp-json\/wp\/v2\/product\/7037","targetHints":{"allow":["GET"]}}],"collection":[{"href":"https:\/\/www.musicalmollet.com\/index.php\/wp-json\/wp\/v2\/product"}],"about":[{"href":"https:\/\/www.musicalmollet.com\/index.php\/wp-json\/wp\/v2\/types\/product"}],"replies":[{"embeddable":true,"href":"https:\/\/www.musicalmollet.com\/index.php\/wp-json\/wp\/v2\/comments?post=7037"}],"wp:featuredmedia":[{"embeddable":true,"href":"https:\/\/www.musicalmollet.com\/index.php\/wp-json\/wp\/v2\/media\/7038"}],"wp:attachment":[{"href":"https:\/\/www.musicalmollet.com\/index.php\/wp-json\/wp\/v2\/media?parent=7037"}],"wp:term":[{"taxonomy":"product_cat","embeddable":true,"href":"https:\/\/www.musicalmollet.com\/index.php\/wp-json\/wp\/v2\/product_cat?post=7037"},{"taxonomy":"product_tag","embeddable":true,"href":"https:\/\/www.musicalmollet.com\/index.php\/wp-json\/wp\/v2\/product_tag?post=7037"}],"curies":[{"name":"wp","href":"https:\/\/api.w.org\/{rel}","templated":true}]}}