{"id":704,"date":"2016-05-06T09:58:45","date_gmt":"2016-05-06T15:58:45","guid":{"rendered":"http:\/\/www.musicalmollet.com\/wordpress\/?post_type=product&#038;p=704"},"modified":"2016-05-06T09:58:45","modified_gmt":"2016-05-06T15:58:45","slug":"dimitri-kabaleswski-op-39","status":"publish","type":"product","link":"https:\/\/www.musicalmollet.com\/index.php\/producto\/dimitri-kabaleswski-op-39\/","title":{"rendered":"DIMITRI KABALESWSKI OP 39"},"content":{"rendered":"<p>Piezas infantiles para piano, op. 39 &#8211; op. 51, n\u00ba 1 y 3 por Kabalevski, Dimitri portada del Libro: Piezas infantiles para piano, op. 39 &#8211; op. 51, n\u00ba 1 y 3 ISBN: 978-84-387-0137-9 C\u00f3digo del editor: MK16273 Editorial: Real Musical A\u00f1o de la edici\u00f3n: 2004 Encuadernaci\u00f3n: R\u00fastica Formato: 22,5&#215;30,5 P\u00e1ginas: 23 Idiomas: Castellano Tipo: PARTITURA c\u00f3digo del editor: MK16273<\/p>\n","protected":false},"excerpt":{"rendered":"<p>Piezas infantiles para piano, op. 39 &#8211; op. 51, n\u00ba 1 y 3 por Kabalevski, Dimitri portada del Libro: Piezas infantiles para piano, op. 39 &#8211; op. 51, n\u00ba 1 y 3 ISBN: 978-84-387-0137-9 C\u00f3digo del editor: MK16273 Editorial: Real Musical A\u00f1o de la edici\u00f3n: 2004 Encuadernaci\u00f3n: R\u00fastica Formato: 22,5&#215;30,5 P\u00e1ginas: 23 Idiomas: Castellano Tipo: [&hellip;]<\/p>\n","protected":false},"featured_media":705,"comment_status":"open","ping_status":"closed","template":"","meta":{"om_disable_all_campaigns":false},"product_cat":[49],"product_tag":[185],"class_list":["post-704","product","type-product","status-publish","has-post-thumbnail","hentry","product_cat-libreria-y-metodos","product_tag-libreria"],"aioseo_notices":[],"_links":{"self":[{"href":"https:\/\/www.musicalmollet.com\/index.php\/wp-json\/wp\/v2\/product\/704","targetHints":{"allow":["GET"]}}],"collection":[{"href":"https:\/\/www.musicalmollet.com\/index.php\/wp-json\/wp\/v2\/product"}],"about":[{"href":"https:\/\/www.musicalmollet.com\/index.php\/wp-json\/wp\/v2\/types\/product"}],"replies":[{"embeddable":true,"href":"https:\/\/www.musicalmollet.com\/index.php\/wp-json\/wp\/v2\/comments?post=704"}],"wp:featuredmedia":[{"embeddable":true,"href":"https:\/\/www.musicalmollet.com\/index.php\/wp-json\/wp\/v2\/media\/705"}],"wp:attachment":[{"href":"https:\/\/www.musicalmollet.com\/index.php\/wp-json\/wp\/v2\/media?parent=704"}],"wp:term":[{"taxonomy":"product_cat","embeddable":true,"href":"https:\/\/www.musicalmollet.com\/index.php\/wp-json\/wp\/v2\/product_cat?post=704"},{"taxonomy":"product_tag","embeddable":true,"href":"https:\/\/www.musicalmollet.com\/index.php\/wp-json\/wp\/v2\/product_tag?post=704"}],"curies":[{"name":"wp","href":"https:\/\/api.w.org\/{rel}","templated":true}]}}