{"id":7042,"date":"2023-01-25T19:05:08","date_gmt":"2023-01-25T18:05:08","guid":{"rendered":"https:\/\/www.musicalmollet.com\/?post_type=product&#038;p=7042"},"modified":"2023-01-25T19:05:10","modified_gmt":"2023-01-25T18:05:10","slug":"funda-guitarra-clasica-madarozzo-g050-c4-20-mm","status":"publish","type":"product","link":"https:\/\/www.musicalmollet.com\/index.php\/producto\/funda-guitarra-clasica-madarozzo-g050-c4-20-mm\/","title":{"rendered":"Funda Guitarra Cl\u00e1sica Madarozzo G050-C4 20 mm"},"content":{"rendered":"<h1 class=\"font-weight-semi-bold mt-2 mb-3 mb-sm-0\">Madarozzo Elegant G050 C4\/BG Funda para guitarra cl\u00e1sica Negro<\/h1>\n<div data-analytics-actions=\"[&quot;sendClick&quot;]\" data-analytics-data-click-event=\"[&quot;{\\&quot;trackers\\&quot;:[\\&quot;mainTracker\\&quot;,\\&quot;generalTracker\\&quot;],\\&quot;fieldsObject\\&quot;:{\\&quot;hitType\\&quot;:\\&quot;event\\&quot;,\\&quot;eventCategory\\&quot;:\\&quot;Reviews link\\&quot;,\\&quot;eventAction\\&quot;:\\&quot;click\\&quot;,\\&quot;eventLabel\\&quot;:\\&quot;19210\\&quot;,\\&quot;nonInteraction\\&quot;:true}}&quot;]\">\n<div class=\"d-flex align-items-center mt-1 go-to-rating cursor-pointer\" data-analytics-click-to-link=\"\">\n<div class=\"mr-2\" title=\"5\">\n<div class=\"back-stars\"><i class=\"fa fa-star\" aria-hidden=\"true\"><\/i> <i class=\"fa fa-star\" aria-hidden=\"true\"><\/i> <i class=\"fa fa-star\" aria-hidden=\"true\"><\/i> <i class=\"fa fa-star\" aria-hidden=\"true\"><\/i> <i class=\"fa fa-star\" aria-hidden=\"true\"><\/i><\/p>\n<div class=\"front-stars\"><\/div>\n<\/div>\n<\/div>\n<div class=\"mr-2 p-md orange font-weight-bold lh-1\"><\/div>\n<\/div>\n<\/div>\n<div class=\"mt-3\">\n<div class=\"mb-1 p-14\" data-analytics-actions=\"[&quot;sendClick&quot;]\" data-analytics-data-click-event=\"[&quot;{\\&quot;trackers\\&quot;:[\\&quot;mainTracker\\&quot;,\\&quot;generalTracker\\&quot;],\\&quot;fieldsObject\\&quot;:{\\&quot;hitType\\&quot;:\\&quot;event\\&quot;,\\&quot;eventCategory\\&quot;:\\&quot;Product info description\\&quot;,\\&quot;eventAction\\&quot;:\\&quot;click\\&quot;,\\&quot;eventLabel\\&quot;:\\&quot;19210\\&quot;,\\&quot;nonInteraction\\&quot;:true}}&quot;]\">\n<div class=\"lines-2\">Bolsa acolchada de 20 mm para guitarra cl\u00e1sica, Color: negro, elegante, todo clima 420D poli\u00e9ster. Correas de mochila ajustables, correas. Manija de transporte acolchada de lujo.. Cremallera 8 con pr\u00e1cticos extractores de tela de marca.<\/div>\n<\/div>\n<\/div>\n","protected":false},"excerpt":{"rendered":"<p>Madarozzo Elegant G050 C4\/BG Funda para guitarra cl\u00e1sica Negro Bolsa acolchada de 20 mm para guitarra cl\u00e1sica, Color: negro, elegante, todo clima 420D poli\u00e9ster. Correas de mochila ajustables, correas. Manija de transporte acolchada de lujo.. Cremallera 8 con pr\u00e1cticos extractores de tela de marca.<\/p>\n","protected":false},"featured_media":7043,"comment_status":"closed","ping_status":"closed","template":"","meta":{"om_disable_all_campaigns":false},"product_cat":[79],"product_tag":[299],"class_list":["post-7042","product","type-product","status-publish","has-post-thumbnail","hentry","product_cat-funda-guitarra-clasica","product_tag-fundas"],"aioseo_notices":[],"_links":{"self":[{"href":"https:\/\/www.musicalmollet.com\/index.php\/wp-json\/wp\/v2\/product\/7042","targetHints":{"allow":["GET"]}}],"collection":[{"href":"https:\/\/www.musicalmollet.com\/index.php\/wp-json\/wp\/v2\/product"}],"about":[{"href":"https:\/\/www.musicalmollet.com\/index.php\/wp-json\/wp\/v2\/types\/product"}],"replies":[{"embeddable":true,"href":"https:\/\/www.musicalmollet.com\/index.php\/wp-json\/wp\/v2\/comments?post=7042"}],"wp:featuredmedia":[{"embeddable":true,"href":"https:\/\/www.musicalmollet.com\/index.php\/wp-json\/wp\/v2\/media\/7043"}],"wp:attachment":[{"href":"https:\/\/www.musicalmollet.com\/index.php\/wp-json\/wp\/v2\/media?parent=7042"}],"wp:term":[{"taxonomy":"product_cat","embeddable":true,"href":"https:\/\/www.musicalmollet.com\/index.php\/wp-json\/wp\/v2\/product_cat?post=7042"},{"taxonomy":"product_tag","embeddable":true,"href":"https:\/\/www.musicalmollet.com\/index.php\/wp-json\/wp\/v2\/product_tag?post=7042"}],"curies":[{"name":"wp","href":"https:\/\/api.w.org\/{rel}","templated":true}]}}