{"id":7133,"date":"2023-02-11T13:43:07","date_gmt":"2023-02-11T12:43:07","guid":{"rendered":"https:\/\/www.musicalmollet.com\/?post_type=product&#038;p=7133"},"modified":"2023-02-11T13:43:07","modified_gmt":"2023-02-11T12:43:07","slug":"ukelele-soprano-fzone-fzu-002","status":"publish","type":"product","link":"https:\/\/www.musicalmollet.com\/index.php\/producto\/ukelele-soprano-fzone-fzu-002\/","title":{"rendered":"Ukelele Soprano Fzone FZU-002"},"content":{"rendered":"<div id=\"productdaas-accordion-description\" class=\"content collapse  show\" role=\"tabpanel\">\n<div class=\"product-description\">\n<div class=\"rte-content\">\n<h2>Ukulele FZONE FZU-002 Soprano.<\/h2>\n<h3>Caracter\u00edsticas:<\/h3>\n<ul class=\"ul-conttab\">\n<li>Cuerpo de Basswood. Diapas\u00f3n y puente de Palorrosa<\/li>\n<li>12 trastes en nickel plateado<\/li>\n<li>Clavijeros mec\u00e1nicos con pastillas de pl\u00e1stico<\/li>\n<li>Cuerdas de nylon<\/li>\n<li>Color: Azul<\/li>\n<li>Incluye funda de protecci\u00f3n y transporte<\/li>\n<\/ul>\n<\/div>\n<\/div>\n<\/div>\n","protected":false},"excerpt":{"rendered":"<p>Ukulele FZONE FZU-002 Soprano. Caracter\u00edsticas: Cuerpo de Basswood. Diapas\u00f3n y puente de Palorrosa 12 trastes en nickel plateado Clavijeros mec\u00e1nicos con pastillas de pl\u00e1stico Cuerdas de nylon Color: Azul Incluye funda de protecci\u00f3n y transporte<\/p>\n","protected":false},"featured_media":7134,"comment_status":"closed","ping_status":"closed","template":"","meta":{"om_disable_all_campaigns":false},"product_cat":[67],"product_tag":[172],"class_list":["post-7133","product","type-product","status-publish","has-post-thumbnail","hentry","product_cat-ukeleles","product_tag-ukelele"],"aioseo_notices":[],"_links":{"self":[{"href":"https:\/\/www.musicalmollet.com\/index.php\/wp-json\/wp\/v2\/product\/7133","targetHints":{"allow":["GET"]}}],"collection":[{"href":"https:\/\/www.musicalmollet.com\/index.php\/wp-json\/wp\/v2\/product"}],"about":[{"href":"https:\/\/www.musicalmollet.com\/index.php\/wp-json\/wp\/v2\/types\/product"}],"replies":[{"embeddable":true,"href":"https:\/\/www.musicalmollet.com\/index.php\/wp-json\/wp\/v2\/comments?post=7133"}],"wp:featuredmedia":[{"embeddable":true,"href":"https:\/\/www.musicalmollet.com\/index.php\/wp-json\/wp\/v2\/media\/7134"}],"wp:attachment":[{"href":"https:\/\/www.musicalmollet.com\/index.php\/wp-json\/wp\/v2\/media?parent=7133"}],"wp:term":[{"taxonomy":"product_cat","embeddable":true,"href":"https:\/\/www.musicalmollet.com\/index.php\/wp-json\/wp\/v2\/product_cat?post=7133"},{"taxonomy":"product_tag","embeddable":true,"href":"https:\/\/www.musicalmollet.com\/index.php\/wp-json\/wp\/v2\/product_tag?post=7133"}],"curies":[{"name":"wp","href":"https:\/\/api.w.org\/{rel}","templated":true}]}}