{"id":7262,"date":"2023-03-14T12:32:33","date_gmt":"2023-03-14T11:32:33","guid":{"rendered":"https:\/\/www.musicalmollet.com\/?post_type=product&#038;p=7262"},"modified":"2023-03-14T12:32:34","modified_gmt":"2023-03-14T11:32:34","slug":"caja-db0106-metalica-14-x-55","status":"publish","type":"product","link":"https:\/\/www.musicalmollet.com\/index.php\/producto\/caja-db0106-metalica-14-x-55\/","title":{"rendered":"Caja DB0106 Met\u00e1lica 14&#8243; X 5,5&#8243;"},"content":{"rendered":"<h1>[1287] Caja 14&#8243;X5.5&#8243; 6 Div.Md Db0106<\/h1>\n<form action=\"\/shop\/cart\/update\" method=\"POST\">\n<div class=\"js_product js_main_product\">\n<div class=\"product_price mt16\">\n<h4 class=\"oe_price_h4 css_editable_mode_hidden\"><b class=\"oe_price\" data-oe-type=\"monetary\" data-oe-expression=\"combination_info['price']\"><span class=\"oe_currency_value\">89,62<\/span>\u00a0\u20ac<\/b><\/h4>\n<\/div>\n<div class=\"availability_messages o_not_editable\">\n<div class=\"availability_message_9315 text-danger mt16\"><\/div>\n<\/div>\n<div id=\"product_option_block\"><\/div>\n<\/div>\n<\/form>\n<hr \/>\n<div id=\"product_full_description\" class=\"oe_structure mt16\">\n<p>Casco de abedul y aros met\u00e1licos. 6 divisiones. Con bord\u00f3n. Parche blanco liso. Incluye llave de tensi\u00f3n. Peso: 2,58Kg. DB Percussion.<\/p>\n<\/div>\n<div class=\"js_show_barcode_variant\">\n<p class=\"text-muted\"><i class=\"fa fa-barcode mr-2\"><\/i> <span class=\"oe_product_variant_barcode\">8435258213780<\/span><\/p>\n<\/div>\n<div>\n<p class=\"text-muted mt-3\">\n<div id=\"product_attributes_simple\">\n<hr \/>\n<p class=\"text-muted\">Color: 015 &#8211; Azul<\/p>\n<\/div>\n<\/div>\n","protected":false},"excerpt":{"rendered":"<p>[1287] Caja 14&#8243;X5.5&#8243; 6 Div.Md Db0106 89,62\u00a0\u20ac Casco de abedul y aros met\u00e1licos. 6 divisiones. Con bord\u00f3n. Parche blanco liso. Incluye llave de tensi\u00f3n. Peso: 2,58Kg. DB Percussion. 8435258213780 Color: 015 &#8211; Azul<\/p>\n","protected":false},"featured_media":7263,"comment_status":"closed","ping_status":"closed","template":"","meta":{"om_disable_all_campaigns":false},"product_cat":[100],"product_tag":[165],"class_list":["post-7262","product","type-product","status-publish","has-post-thumbnail","hentry","product_cat-cajas-metalicas","product_tag-cajas"],"aioseo_notices":[],"_links":{"self":[{"href":"https:\/\/www.musicalmollet.com\/index.php\/wp-json\/wp\/v2\/product\/7262","targetHints":{"allow":["GET"]}}],"collection":[{"href":"https:\/\/www.musicalmollet.com\/index.php\/wp-json\/wp\/v2\/product"}],"about":[{"href":"https:\/\/www.musicalmollet.com\/index.php\/wp-json\/wp\/v2\/types\/product"}],"replies":[{"embeddable":true,"href":"https:\/\/www.musicalmollet.com\/index.php\/wp-json\/wp\/v2\/comments?post=7262"}],"wp:featuredmedia":[{"embeddable":true,"href":"https:\/\/www.musicalmollet.com\/index.php\/wp-json\/wp\/v2\/media\/7263"}],"wp:attachment":[{"href":"https:\/\/www.musicalmollet.com\/index.php\/wp-json\/wp\/v2\/media?parent=7262"}],"wp:term":[{"taxonomy":"product_cat","embeddable":true,"href":"https:\/\/www.musicalmollet.com\/index.php\/wp-json\/wp\/v2\/product_cat?post=7262"},{"taxonomy":"product_tag","embeddable":true,"href":"https:\/\/www.musicalmollet.com\/index.php\/wp-json\/wp\/v2\/product_tag?post=7262"}],"curies":[{"name":"wp","href":"https:\/\/api.w.org\/{rel}","templated":true}]}}