{"id":7271,"date":"2025-10-30T12:25:29","date_gmt":"2025-10-30T11:25:29","guid":{"rendered":"https:\/\/www.musicalmollet.com\/?post_type=product&#038;p=7271"},"modified":"2025-10-30T19:21:24","modified_gmt":"2025-10-30T18:21:24","slug":"cuerdas-daddario-ej46-hard-tension-2-juegos","status":"publish","type":"product","link":"https:\/\/www.musicalmollet.com\/index.php\/producto\/cuerdas-daddario-ej46-hard-tension-2-juegos\/","title":{"rendered":"Cuerdas D\u00b4addario EJ46 Hard Tension  (2 Juegos)"},"content":{"rendered":"<p>CARACTER\u00cdSTICAS<\/p>\n<p>&nbsp;<\/p>\n<ul class=\"fa-ul\">\n<li><i class=\"fa-li fa fa-check\"><\/i>Tensi\u00f3n dura que proporciona mayor resistencia, volumen y proyecci\u00f3n<\/li>\n<li><i class=\"fa-li fa fa-check\"><\/i>Cuerdas agudas de nylon transparente clasificadas mediante un sistema l\u00e1ser para proporcionar entonaci\u00f3n consistente y precisa<\/li>\n<li><i class=\"fa-li fa fa-check\"><\/i>Cuerdas graves con entorchado de precisi\u00f3n para lograr un tono c\u00e1lido, con proyecci\u00f3n y la m\u00e1xima consistencia<\/li>\n<li><i class=\"fa-li fa fa-check\"><\/i>Fabricado en EE. UU. para ofrecer la m\u00e1xima calidad y rendimiento<\/li>\n<li><i class=\"fa-li fa fa-check\"><\/i>Calibres de las cuerdas: Agudos .0285, .0327, .0410 Graves .030, .036, .044<\/li>\n<li><i class=\"fa-li fa fa-check\"><\/i>Paquete ecol\u00f3gico y resistente a la corrosi\u00f3n para conservar la frescura de las cuerdas<\/li>\n<\/ul>\n","protected":false},"excerpt":{"rendered":"<p><img loading=\"lazy\" decoding=\"async\" class=\"aligncenter size-medium wp-image-7272\" src=\"https:\/\/www.musicalmollet.com\/wp-content\/uploads\/Cuerdas-D\u00b4addario-Ej46-300x300.jpg\" alt=\"\" width=\"300\" height=\"300\" srcset=\"https:\/\/www.musicalmollet.com\/wp-content\/uploads\/Cuerdas-D\u00b4addario-Ej46-300x300.jpg 300w, https:\/\/www.musicalmollet.com\/wp-content\/uploads\/Cuerdas-D\u00b4addario-Ej46-150x150.jpg 150w, https:\/\/www.musicalmollet.com\/wp-content\/uploads\/Cuerdas-D\u00b4addario-Ej46-600x600.jpg 600w, https:\/\/www.musicalmollet.com\/wp-content\/uploads\/Cuerdas-D\u00b4addario-Ej46-100x100.jpg 100w, https:\/\/www.musicalmollet.com\/wp-content\/uploads\/Cuerdas-D\u00b4addario-Ej46.jpg 645w\" sizes=\"auto, (max-width: 300px) 100vw, 300px\" \/><\/p>\n","protected":false},"featured_media":7272,"comment_status":"closed","ping_status":"closed","template":"","meta":{"om_disable_all_campaigns":false},"product_cat":[103],"product_tag":[171],"class_list":["post-7271","product","type-product","status-publish","has-post-thumbnail","hentry","product_cat-cuerdas-guitarra-clasica","product_tag-cuerdas"],"aioseo_notices":[],"_links":{"self":[{"href":"https:\/\/www.musicalmollet.com\/index.php\/wp-json\/wp\/v2\/product\/7271","targetHints":{"allow":["GET"]}}],"collection":[{"href":"https:\/\/www.musicalmollet.com\/index.php\/wp-json\/wp\/v2\/product"}],"about":[{"href":"https:\/\/www.musicalmollet.com\/index.php\/wp-json\/wp\/v2\/types\/product"}],"replies":[{"embeddable":true,"href":"https:\/\/www.musicalmollet.com\/index.php\/wp-json\/wp\/v2\/comments?post=7271"}],"wp:featuredmedia":[{"embeddable":true,"href":"https:\/\/www.musicalmollet.com\/index.php\/wp-json\/wp\/v2\/media\/7272"}],"wp:attachment":[{"href":"https:\/\/www.musicalmollet.com\/index.php\/wp-json\/wp\/v2\/media?parent=7271"}],"wp:term":[{"taxonomy":"product_cat","embeddable":true,"href":"https:\/\/www.musicalmollet.com\/index.php\/wp-json\/wp\/v2\/product_cat?post=7271"},{"taxonomy":"product_tag","embeddable":true,"href":"https:\/\/www.musicalmollet.com\/index.php\/wp-json\/wp\/v2\/product_tag?post=7271"}],"curies":[{"name":"wp","href":"https:\/\/api.w.org\/{rel}","templated":true}]}}