{"id":7278,"date":"2024-03-07T12:01:23","date_gmt":"2024-03-07T11:01:23","guid":{"rendered":"https:\/\/www.musicalmollet.com\/?post_type=product&#038;p=7278"},"modified":"2024-03-07T12:26:29","modified_gmt":"2024-03-07T11:26:29","slug":"charrasquita-pearl-pcq-20","status":"publish","type":"product","link":"https:\/\/www.musicalmollet.com\/index.php\/producto\/charrasquita-pearl-pcq-20\/","title":{"rendered":"Charrasquita Pearl PCQ-20"},"content":{"rendered":"<div class=\"ng-tns-c276-4 ng-star-inserted\">\n<h2 class=\"mat-display-1 group-name ng-tns-c276-4 ng-star-inserted\">Pearl PCQ20<\/h2>\n<div class=\"panel-wrapper ng-tns-c276-4\">\n<div class=\"ng-tns-c276-4 lh panel-expandido\">Basado en un instrumento tradicional venezolano de tubo de acero llamadoCharrasca, esta versi\u00f3n m\u00e1s peque\u00f1a a\u00f1adir\u00e1 un sonido \u00fanico a su conjunto. La Charrasquita de PearlCharrasquita puede ser tocada a mano o montada (montaje incluido), y produceproduce una serie de efectos de tri\u00e1ngulo a guiro a la campana y casi cualquierentre ellos. Se suministra con 2 golpeadores de metal. Su creatividad r\u00edtmicar\u00edtmica se ver\u00e1 reforzada.<\/div>\n<\/div>\n<\/div>\n<div class=\"ng-tns-c276-4 lh top-features ng-star-inserted\">\n<p><span class=\"mat-display-1 group-name ng-tns-c276-4\"> Caracteristicas <\/span><\/p>\n<div class=\"feature-group ng-tns-c276-4\">\n<div class=\"ng-tns-c276-4 ng-star-inserted\">\n<div class=\"ng-tns-c276-4 ng-star-inserted\"><i class=\"material-icons icon-green ng-tns-c276-4\">check_circle_outline<\/i><\/div>\n<div class=\"featuresTopics ng-tns-c276-4\">Basado en la charrasca venezolana<\/div>\n<\/div>\n<div class=\"ng-tns-c276-4 ng-star-inserted\">\n<div class=\"ng-tns-c276-4 ng-star-inserted\"><i class=\"material-icons icon-green ng-tns-c276-4\">check_circle_outline<\/i><\/div>\n<div class=\"featuresTopics ng-tns-c276-4\">Produce efectos desde el tri\u00e1ngulo hasta el guiro y la campana<\/div>\n<\/div>\n<div class=\"ng-tns-c276-4 ng-star-inserted\">\n<div class=\"ng-tns-c276-4 ng-star-inserted\"><i class=\"material-icons icon-green ng-tns-c276-4\">check_circle_outline<\/i><\/div>\n<div class=\"featuresTopics ng-tns-c276-4\">Fabricado en acero<\/div>\n<\/div>\n<\/div>\n<\/div>\n","protected":false},"excerpt":{"rendered":"<h4>!!ATENCION!! Solo 2 unidades en existencias<\/h4>\n","protected":false},"featured_media":7279,"comment_status":"closed","ping_status":"closed","template":"","meta":{"om_disable_all_campaigns":false},"product_cat":[10],"product_tag":[264],"class_list":["post-7278","product","type-product","status-publish","has-post-thumbnail","hentry","product_cat-accesoriobateria","product_tag-accesorios-de-bateria"],"aioseo_notices":[],"_links":{"self":[{"href":"https:\/\/www.musicalmollet.com\/index.php\/wp-json\/wp\/v2\/product\/7278","targetHints":{"allow":["GET"]}}],"collection":[{"href":"https:\/\/www.musicalmollet.com\/index.php\/wp-json\/wp\/v2\/product"}],"about":[{"href":"https:\/\/www.musicalmollet.com\/index.php\/wp-json\/wp\/v2\/types\/product"}],"replies":[{"embeddable":true,"href":"https:\/\/www.musicalmollet.com\/index.php\/wp-json\/wp\/v2\/comments?post=7278"}],"wp:featuredmedia":[{"embeddable":true,"href":"https:\/\/www.musicalmollet.com\/index.php\/wp-json\/wp\/v2\/media\/7279"}],"wp:attachment":[{"href":"https:\/\/www.musicalmollet.com\/index.php\/wp-json\/wp\/v2\/media?parent=7278"}],"wp:term":[{"taxonomy":"product_cat","embeddable":true,"href":"https:\/\/www.musicalmollet.com\/index.php\/wp-json\/wp\/v2\/product_cat?post=7278"},{"taxonomy":"product_tag","embeddable":true,"href":"https:\/\/www.musicalmollet.com\/index.php\/wp-json\/wp\/v2\/product_tag?post=7278"}],"curies":[{"name":"wp","href":"https:\/\/api.w.org\/{rel}","templated":true}]}}