{"id":7301,"date":"2023-03-23T20:16:39","date_gmt":"2023-03-23T19:16:39","guid":{"rendered":"https:\/\/www.musicalmollet.com\/?post_type=product&#038;p=7301"},"modified":"2023-03-23T20:19:33","modified_gmt":"2023-03-23T19:19:33","slug":"enganche-seguridad-correa-schaller-s-lock-cromado","status":"publish","type":"product","link":"https:\/\/www.musicalmollet.com\/index.php\/producto\/enganche-seguridad-correa-schaller-s-lock-cromado\/","title":{"rendered":"Enganche Seguridad Correa Schaller S-Lock Cromado"},"content":{"rendered":"<section class=\"product-description-section block-section\"><span class=\"section-title section-title-active\">Descripci\u00f3n<\/span><\/p>\n<div class=\"section-content product-tabs-open\">\n<div class=\"product-description \">\n<div class=\"rte-content\">\n<p><strong>Schaller S-Locks Chrome<\/strong><\/p>\n<div>\n<ul>\n<li>Estos nuevos revolucionarios S-Locks son silenciosos. Cuentan con botones de correa de acero endurecido de una pieza, dise\u00f1o est\u00e9tico, manejo perfecto, una elegante rueda de bloqueo y todos los contratiempos anteriores se han abordado.<\/li>\n<li>Nuevo y \u00fanico bot\u00f3n s\u00f3lido de una sola pieza en acero endurecido con rosca de madera autorroscante. Simplemente atorn\u00edllelo con una llave Allen (tama\u00f1o 3 mm \/ 1\/8 \u00ab).<\/li>\n<li>Tornillo de 4 mm \/ 5\/32 \u00abcon rosca de madera autorroscante. Se adapta a todos los botones de correa existentes incl. Gibson para un reemplazo perfecto sin ajustes en agujeros y tornillos existentes.<\/li>\n<li>El acero endurecido y m\u00e1s del doble grosor del bot\u00f3n de la correa garantiza la m\u00e1xima seguridad contra roturas.<\/li>\n<li>Incluyendo arandelas de fieltro de alta calidad para la m\u00e1xima protecci\u00f3n del acabado de la guitarra.<\/li>\n<li>Longitud de rosca extendida para sujetar correas de hasta 6 mm de grosor.<\/li>\n<li>Perno de bloqueo inclinado de nuevo dise\u00f1o en acero inoxidable para una precisi\u00f3n permanente, un rendimiento confiable y un acabado sin desgaste.<\/li>\n<li>Nueva bola de pull-up dise\u00f1ada para un f\u00e1cil agarre de bloqueo y liberaci\u00f3n.<\/li>\n<\/ul>\n<\/div>\n<\/div>\n<\/div>\n<\/div>\n<\/section>\n","protected":false},"excerpt":{"rendered":"<p>Descripci\u00f3n Schaller S-Locks Chrome Estos nuevos revolucionarios S-Locks son silenciosos. Cuentan con botones de correa de acero endurecido de una pieza, dise\u00f1o est\u00e9tico, manejo perfecto, una elegante rueda de bloqueo y todos los contratiempos anteriores se han abordado. Nuevo y \u00fanico bot\u00f3n s\u00f3lido de una sola pieza en acero endurecido con rosca de madera autorroscante. [&hellip;]<\/p>\n","protected":false},"featured_media":7302,"comment_status":"closed","ping_status":"closed","template":"","meta":{"om_disable_all_campaigns":false},"product_cat":[490],"product_tag":[318],"class_list":["post-7301","product","type-product","status-publish","has-post-thumbnail","hentry","product_cat-enganche-correa","product_tag-accesorios-de-guitarra"],"aioseo_notices":[],"_links":{"self":[{"href":"https:\/\/www.musicalmollet.com\/index.php\/wp-json\/wp\/v2\/product\/7301","targetHints":{"allow":["GET"]}}],"collection":[{"href":"https:\/\/www.musicalmollet.com\/index.php\/wp-json\/wp\/v2\/product"}],"about":[{"href":"https:\/\/www.musicalmollet.com\/index.php\/wp-json\/wp\/v2\/types\/product"}],"replies":[{"embeddable":true,"href":"https:\/\/www.musicalmollet.com\/index.php\/wp-json\/wp\/v2\/comments?post=7301"}],"wp:featuredmedia":[{"embeddable":true,"href":"https:\/\/www.musicalmollet.com\/index.php\/wp-json\/wp\/v2\/media\/7302"}],"wp:attachment":[{"href":"https:\/\/www.musicalmollet.com\/index.php\/wp-json\/wp\/v2\/media?parent=7301"}],"wp:term":[{"taxonomy":"product_cat","embeddable":true,"href":"https:\/\/www.musicalmollet.com\/index.php\/wp-json\/wp\/v2\/product_cat?post=7301"},{"taxonomy":"product_tag","embeddable":true,"href":"https:\/\/www.musicalmollet.com\/index.php\/wp-json\/wp\/v2\/product_tag?post=7301"}],"curies":[{"name":"wp","href":"https:\/\/api.w.org\/{rel}","templated":true}]}}