{"id":7305,"date":"2025-03-21T13:13:15","date_gmt":"2025-03-21T12:13:15","guid":{"rendered":"https:\/\/www.musicalmollet.com\/?post_type=product&#038;p=7305"},"modified":"2025-03-21T12:47:07","modified_gmt":"2025-03-21T11:47:07","slug":"manguera-de-microfonos-work-box-12-10-m","status":"publish","type":"product","link":"https:\/\/www.musicalmollet.com\/index.php\/producto\/manguera-de-microfonos-work-box-12-10-m\/","title":{"rendered":"Manguera de micr\u00f3fonos Work Box 12 10 m."},"content":{"rendered":"<div class=\"row\">\n<div class=\"col-md-12\">\n<h3 class=\"slogan\">Caja de conexi\u00f3n 10 envios\/2 retornos XLR 3pin<\/h3>\n<p>&nbsp;<\/p>\n<p>La compacta caja de conexionado BOX 12 facilita la planificaci\u00f3n de cualquier espect\u00e1culo profesional. Su uso permite el enrutamiento del conexionado de una gran cantidad de micr\u00f3fonos en el escenario para que desaparezcan las masas de cable. Liber espacio en el escenario y facilita la identificaci\u00f3n de cada cable poara poder sustituirlo r\u00e1pidamente durante actuaciones en vivo, gracias al n\u00famero identificativo en cada conector.<br \/>\nCon su manguera de conexi\u00f3n de 10 m., los cables llegan sin ning\u00fan problema a la mesa de mezclas sin perder calidad.<br \/>\nBOX 12 consta de 10 env\u00edos de micr\u00f3fono con conectores XLR3 hembra. La unidad incorpora 2 env\u00edos\/retornos balanceados conb conector Jack 1\/4&#8243;. Se puede as\u00ed transmitir una se\u00f1al de audio balanceada desde y hacia cualquier direcci\u00f3n.<\/p>\n<p>&nbsp;<\/p>\n<\/div>\n<\/div>\n<div class=\"row\">\n<div class=\"col-md-12\">\n<div id=\"section3\" class=\"tabs nomargin-top nomargin-bottom productpage-tabs\">\n<ul class=\"nav nav-tabs buytabs\">\n<li class=\"active\"><a href=\"https:\/\/productos.equipson.es\/box-12#techData\" data-toggle=\"tab\"><i class=\"fa fa-cogs\" aria-hidden=\"true\"><\/i> Datos T\u00e9cnicos<\/a><\/li>\n<li><a href=\"https:\/\/productos.equipson.es\/box-12#questions\" data-toggle=\"tab\"><i class=\"fa fa-question-circle\" aria-hidden=\"true\"><\/i> Preguntas y Respuestas<\/a><\/li>\n<\/ul>\n<div class=\"tab-content transparent\">\n<div id=\"techData\" class=\"tab-pane active\">10 env\u00edos de micr\u00f3fono con conector XLR 3 hembra base.<br \/>\n2 env\u00edos\/retornos de l\u00ednea bal. con conector de Jack 1\/4&#8243; base.<br \/>\nManguera con conectores macho (XLR3\/Jack 1\/4&#8243; est\u00e9reo).<br \/>\nDimensiones: 175 x 100 x 40 mm.<br \/>\nPeso: 4,15 kg.<\/div>\n<\/div>\n<\/div>\n<\/div>\n<\/div>\n","protected":false},"excerpt":{"rendered":"<p>Caja de conexi\u00f3n 10 envios\/2 retornos XLR 3pin &nbsp; La compacta caja de conexionado BOX 12 facilita la planificaci\u00f3n de cualquier espect\u00e1culo profesional. Su uso permite el enrutamiento del conexionado de una gran cantidad de micr\u00f3fonos en el escenario para que desaparezcan las masas de cable. Liber espacio en el escenario y facilita la identificaci\u00f3n [&hellip;]<\/p>\n","protected":false},"featured_media":7306,"comment_status":"closed","ping_status":"closed","template":"","meta":{"om_disable_all_campaigns":false},"product_cat":[492],"product_tag":[164],"class_list":["post-7305","product","type-product","status-publish","has-post-thumbnail","hentry","product_cat-mangueras-micrfonia","product_tag-cables"],"aioseo_notices":[],"_links":{"self":[{"href":"https:\/\/www.musicalmollet.com\/index.php\/wp-json\/wp\/v2\/product\/7305","targetHints":{"allow":["GET"]}}],"collection":[{"href":"https:\/\/www.musicalmollet.com\/index.php\/wp-json\/wp\/v2\/product"}],"about":[{"href":"https:\/\/www.musicalmollet.com\/index.php\/wp-json\/wp\/v2\/types\/product"}],"replies":[{"embeddable":true,"href":"https:\/\/www.musicalmollet.com\/index.php\/wp-json\/wp\/v2\/comments?post=7305"}],"wp:featuredmedia":[{"embeddable":true,"href":"https:\/\/www.musicalmollet.com\/index.php\/wp-json\/wp\/v2\/media\/7306"}],"wp:attachment":[{"href":"https:\/\/www.musicalmollet.com\/index.php\/wp-json\/wp\/v2\/media?parent=7305"}],"wp:term":[{"taxonomy":"product_cat","embeddable":true,"href":"https:\/\/www.musicalmollet.com\/index.php\/wp-json\/wp\/v2\/product_cat?post=7305"},{"taxonomy":"product_tag","embeddable":true,"href":"https:\/\/www.musicalmollet.com\/index.php\/wp-json\/wp\/v2\/product_tag?post=7305"}],"curies":[{"name":"wp","href":"https:\/\/api.w.org\/{rel}","templated":true}]}}