{"id":7331,"date":"2023-03-30T12:57:52","date_gmt":"2023-03-30T10:57:52","guid":{"rendered":"https:\/\/www.musicalmollet.com\/?post_type=product&#038;p=7331"},"modified":"2023-03-30T12:57:53","modified_gmt":"2023-03-30T10:57:53","slug":"clavijero-guitarra-acustica-yellow-ez1721c","status":"publish","type":"product","link":"https:\/\/www.musicalmollet.com\/index.php\/producto\/clavijero-guitarra-acustica-yellow-ez1721c\/","title":{"rendered":"Clavijero Guitarra Acustica Yellow EZ1721C"},"content":{"rendered":"<p>Clavijas cromadas de afinaci\u00f3n para guitarras ac\u00fasticas. Disposici\u00f3n 3+3<\/p>\n","protected":false},"excerpt":{"rendered":"<p>Clavijas cromadas de afinaci\u00f3n para guitarras ac\u00fasticas. Disposici\u00f3n 3+3<\/p>\n","protected":false},"featured_media":7332,"comment_status":"closed","ping_status":"closed","template":"","meta":{"om_disable_all_campaigns":false},"product_cat":[76],"product_tag":[142],"class_list":["post-7331","product","type-product","status-publish","has-post-thumbnail","hentry","product_cat-clavijeros","product_tag-clavijeros"],"aioseo_notices":[],"_links":{"self":[{"href":"https:\/\/www.musicalmollet.com\/index.php\/wp-json\/wp\/v2\/product\/7331","targetHints":{"allow":["GET"]}}],"collection":[{"href":"https:\/\/www.musicalmollet.com\/index.php\/wp-json\/wp\/v2\/product"}],"about":[{"href":"https:\/\/www.musicalmollet.com\/index.php\/wp-json\/wp\/v2\/types\/product"}],"replies":[{"embeddable":true,"href":"https:\/\/www.musicalmollet.com\/index.php\/wp-json\/wp\/v2\/comments?post=7331"}],"wp:featuredmedia":[{"embeddable":true,"href":"https:\/\/www.musicalmollet.com\/index.php\/wp-json\/wp\/v2\/media\/7332"}],"wp:attachment":[{"href":"https:\/\/www.musicalmollet.com\/index.php\/wp-json\/wp\/v2\/media?parent=7331"}],"wp:term":[{"taxonomy":"product_cat","embeddable":true,"href":"https:\/\/www.musicalmollet.com\/index.php\/wp-json\/wp\/v2\/product_cat?post=7331"},{"taxonomy":"product_tag","embeddable":true,"href":"https:\/\/www.musicalmollet.com\/index.php\/wp-json\/wp\/v2\/product_tag?post=7331"}],"curies":[{"name":"wp","href":"https:\/\/api.w.org\/{rel}","templated":true}]}}