{"id":7398,"date":"2023-04-18T12:58:49","date_gmt":"2023-04-18T10:58:49","guid":{"rendered":"https:\/\/www.musicalmollet.com\/?post_type=product&#038;p=7398"},"modified":"2023-04-18T13:12:30","modified_gmt":"2023-04-18T11:12:30","slug":"soporte-columna-vonyx-ls02k","status":"publish","type":"product","link":"https:\/\/www.musicalmollet.com\/index.php\/producto\/soporte-columna-vonyx-ls02k\/","title":{"rendered":"Soporte Columna Vonyx LS02K"},"content":{"rendered":"<h1 id=\"title\" class=\"a-size-large a-spacing-none\"><span id=\"productTitle\" class=\"a-size-medium product-title-word-break product-title-resize\">Vonyx LS02K Pareja de tr\u00edpodes para altavoces, capacidad de carga m\u00e1xima de 20 kg, pasador de fijaci\u00f3n seguro, ideal para todos los altavoces con Vaso (tophat) de 35 mm altura max 1,15m. <\/span><\/h1>\n","protected":false},"excerpt":{"rendered":"<p>Vonyx LS02K Pareja de tr\u00edpodes para altavoces, capacidad de carga m\u00e1xima de 20 kg, pasador de fijaci\u00f3n seguro, ideal para todos los altavoces con Vaso (tophat) de 35 mm altura max 1,15m.<\/p>\n","protected":false},"featured_media":7399,"comment_status":"closed","ping_status":"closed","template":"","meta":{"om_disable_all_campaigns":false},"product_cat":[137],"product_tag":[359],"class_list":["post-7398","product","type-product","status-publish","has-post-thumbnail","hentry","product_cat-soporte-columnas","product_tag-soportes-varios"],"aioseo_notices":[],"_links":{"self":[{"href":"https:\/\/www.musicalmollet.com\/index.php\/wp-json\/wp\/v2\/product\/7398","targetHints":{"allow":["GET"]}}],"collection":[{"href":"https:\/\/www.musicalmollet.com\/index.php\/wp-json\/wp\/v2\/product"}],"about":[{"href":"https:\/\/www.musicalmollet.com\/index.php\/wp-json\/wp\/v2\/types\/product"}],"replies":[{"embeddable":true,"href":"https:\/\/www.musicalmollet.com\/index.php\/wp-json\/wp\/v2\/comments?post=7398"}],"wp:featuredmedia":[{"embeddable":true,"href":"https:\/\/www.musicalmollet.com\/index.php\/wp-json\/wp\/v2\/media\/7399"}],"wp:attachment":[{"href":"https:\/\/www.musicalmollet.com\/index.php\/wp-json\/wp\/v2\/media?parent=7398"}],"wp:term":[{"taxonomy":"product_cat","embeddable":true,"href":"https:\/\/www.musicalmollet.com\/index.php\/wp-json\/wp\/v2\/product_cat?post=7398"},{"taxonomy":"product_tag","embeddable":true,"href":"https:\/\/www.musicalmollet.com\/index.php\/wp-json\/wp\/v2\/product_tag?post=7398"}],"curies":[{"name":"wp","href":"https:\/\/api.w.org\/{rel}","templated":true}]}}