{"id":7457,"date":"2023-05-03T18:33:36","date_gmt":"2023-05-03T16:33:36","guid":{"rendered":"https:\/\/www.musicalmollet.com\/?post_type=product&#038;p=7457"},"modified":"2023-05-03T18:33:37","modified_gmt":"2023-05-03T16:33:37","slug":"amplificador-peavey-rage-158","status":"publish","type":"product","link":"https:\/\/www.musicalmollet.com\/index.php\/producto\/amplificador-peavey-rage-158\/","title":{"rendered":"Amplificador Peavey Rage 158"},"content":{"rendered":"<div class=\"padding-left15 padding-right15\">\n<h1 class=\"h1product-title  \">Peavey Rage 158 Amplificador para Guitarra El\u00e9ctrica<\/h1>\n<\/div>\n<div class=\"col-md-7  slider-img positionStickyImg\">\n<div class=\"row\">\n<div class=\" col-xs-12\"><\/div>\n<\/div>\n<\/div>\n<div class=\"col-md-12\"><\/div>\n<div class=\"col-md-7  slider-img positionStickyImg\">\n<div class=\"row\">\n<div class=\" col-xs-12\">\n<div id=\"product-image-container fondo-blanco\" class=\"positionRelative fondo-blanco product-image-container\">\n<div class=\"row  product-slide-thumbs \"><\/div>\n<\/div>\n<\/div>\n<\/div>\n<\/div>\n<div id=\"productData\" class=\"col-md-5 col-lg-4 data0 padding-right40 padding-right50 padding-right100 g\">\n<div class=\"product-data\">\n<div class=\"fondo-blanco padding15\">\n<div class=\"padding-top5 padding-bottom5 divDescripcionCorta\">\n<ul>\n<li>Amplificador combo de guitarra<\/li>\n<li>Potencia: 15 W<\/li>\n<li>Altavoz Blue Marvel de 8<\/li>\n<li>Emulaci\u00f3n de v\u00e1lvulas TransTube patentado<\/li>\n<li>Acabado: Black<\/li>\n<\/ul>\n<\/div>\n<\/div>\n<\/div>\n<\/div>\n","protected":false},"excerpt":{"rendered":"<p>Peavey Rage 158 Amplificador para Guitarra El\u00e9ctrica Amplificador combo de guitarra Potencia: 15 W Altavoz Blue Marvel de 8 Emulaci\u00f3n de v\u00e1lvulas TransTube patentado Acabado: Black<\/p>\n","protected":false},"featured_media":7458,"comment_status":"closed","ping_status":"closed","template":"","meta":{"om_disable_all_campaigns":false},"product_cat":[19],"product_tag":[156],"class_list":["post-7457","product","type-product","status-publish","has-post-thumbnail","hentry","product_cat-amplificadoresguitarra","product_tag-amplificadores"],"aioseo_notices":[],"_links":{"self":[{"href":"https:\/\/www.musicalmollet.com\/index.php\/wp-json\/wp\/v2\/product\/7457","targetHints":{"allow":["GET"]}}],"collection":[{"href":"https:\/\/www.musicalmollet.com\/index.php\/wp-json\/wp\/v2\/product"}],"about":[{"href":"https:\/\/www.musicalmollet.com\/index.php\/wp-json\/wp\/v2\/types\/product"}],"replies":[{"embeddable":true,"href":"https:\/\/www.musicalmollet.com\/index.php\/wp-json\/wp\/v2\/comments?post=7457"}],"wp:featuredmedia":[{"embeddable":true,"href":"https:\/\/www.musicalmollet.com\/index.php\/wp-json\/wp\/v2\/media\/7458"}],"wp:attachment":[{"href":"https:\/\/www.musicalmollet.com\/index.php\/wp-json\/wp\/v2\/media?parent=7457"}],"wp:term":[{"taxonomy":"product_cat","embeddable":true,"href":"https:\/\/www.musicalmollet.com\/index.php\/wp-json\/wp\/v2\/product_cat?post=7457"},{"taxonomy":"product_tag","embeddable":true,"href":"https:\/\/www.musicalmollet.com\/index.php\/wp-json\/wp\/v2\/product_tag?post=7457"}],"curies":[{"name":"wp","href":"https:\/\/api.w.org\/{rel}","templated":true}]}}