{"id":748,"date":"2024-10-04T10:15:34","date_gmt":"2024-10-04T08:15:34","guid":{"rendered":"http:\/\/www.musicalmollet.com\/wordpress\/?post_type=product&#038;p=748"},"modified":"2025-03-26T18:01:02","modified_gmt":"2025-03-26T17:01:02","slug":"guitarra-electrica-paso-a-paso","status":"publish","type":"product","link":"https:\/\/www.musicalmollet.com\/index.php\/producto\/guitarra-electrica-paso-a-paso\/","title":{"rendered":"Guitarra electrica paso a paso Vol 1"},"content":{"rendered":"<p>Para Tocar (solista y acompa\u00f1amiento)<br \/>\nPor cifra f\u00e1cil (tablatura) y solfeo razonado<br \/>\nPara seguir una partitura<br \/>\nAcordes, arpegios, digitaci\u00f3n, ensayos y ejercicios<br \/>\nEscalas, solos, temas y canciones de todos os g\u00e9neros y estilos<br \/>\nReferencias, comentarios y otras informaciones<\/p>\n","protected":false},"excerpt":{"rendered":"<p>Para Tocar (solista y acompa\u00f1amiento) Por cifra f\u00e1cil (tablatura) y solfeo razonado Para seguir una partitura Acordes, arpegios, digitaci\u00f3n, ensayos y ejercicios Escalas, solos, temas y canciones de todos os g\u00e9neros y estilos Referencias, comentarios y otras informaciones<\/p>\n","protected":false},"featured_media":749,"comment_status":"open","ping_status":"closed","template":"","meta":{"om_disable_all_campaigns":false},"product_cat":[49],"product_tag":[185],"class_list":["post-748","product","type-product","status-publish","has-post-thumbnail","hentry","product_cat-libreria-y-metodos","product_tag-libreria"],"aioseo_notices":[],"_links":{"self":[{"href":"https:\/\/www.musicalmollet.com\/index.php\/wp-json\/wp\/v2\/product\/748","targetHints":{"allow":["GET"]}}],"collection":[{"href":"https:\/\/www.musicalmollet.com\/index.php\/wp-json\/wp\/v2\/product"}],"about":[{"href":"https:\/\/www.musicalmollet.com\/index.php\/wp-json\/wp\/v2\/types\/product"}],"replies":[{"embeddable":true,"href":"https:\/\/www.musicalmollet.com\/index.php\/wp-json\/wp\/v2\/comments?post=748"}],"wp:featuredmedia":[{"embeddable":true,"href":"https:\/\/www.musicalmollet.com\/index.php\/wp-json\/wp\/v2\/media\/749"}],"wp:attachment":[{"href":"https:\/\/www.musicalmollet.com\/index.php\/wp-json\/wp\/v2\/media?parent=748"}],"wp:term":[{"taxonomy":"product_cat","embeddable":true,"href":"https:\/\/www.musicalmollet.com\/index.php\/wp-json\/wp\/v2\/product_cat?post=748"},{"taxonomy":"product_tag","embeddable":true,"href":"https:\/\/www.musicalmollet.com\/index.php\/wp-json\/wp\/v2\/product_tag?post=748"}],"curies":[{"name":"wp","href":"https:\/\/api.w.org\/{rel}","templated":true}]}}