{"id":7481,"date":"2023-05-08T20:29:42","date_gmt":"2023-05-08T18:29:42","guid":{"rendered":"https:\/\/www.musicalmollet.com\/?post_type=product&#038;p=7481"},"modified":"2023-11-30T13:36:10","modified_gmt":"2023-11-30T12:36:10","slug":"funda-de-saxofon-alto-ortola-bsh180","status":"publish","type":"product","link":"https:\/\/www.musicalmollet.com\/index.php\/producto\/funda-de-saxofon-alto-ortola-bsh180\/","title":{"rendered":"Funda de Saxof\u00f3n Alto Ortol\u00e1 BSH180"},"content":{"rendered":"<div id=\"tab-description\" class=\"tab-pane tab-content active\">\n<h2>Funda ORTOL\u00c1 BSH180 para saxof\u00f3n alto<\/h2>\n<p class=\"p1\">Fundas de poliester pl\u00e1stificado, forro de polyester y acolchada 25mm.Mochila, bolsillo y dos asas.<\/p>\n<\/div>\n","protected":false},"excerpt":{"rendered":"<p>Funda ORTOL\u00c1 BSH180 para saxof\u00f3n alto Fundas de poliester pl\u00e1stificado, forro de polyester y acolchada 25mm.Mochila, bolsillo y dos asas.<\/p>\n","protected":false},"featured_media":7482,"comment_status":"closed","ping_status":"closed","template":"","meta":{"om_disable_all_campaigns":false},"product_cat":[499],"product_tag":[299],"class_list":["post-7481","product","type-product","status-publish","has-post-thumbnail","hentry","product_cat-funda-de-saxofon","product_tag-fundas"],"aioseo_notices":[],"_links":{"self":[{"href":"https:\/\/www.musicalmollet.com\/index.php\/wp-json\/wp\/v2\/product\/7481","targetHints":{"allow":["GET"]}}],"collection":[{"href":"https:\/\/www.musicalmollet.com\/index.php\/wp-json\/wp\/v2\/product"}],"about":[{"href":"https:\/\/www.musicalmollet.com\/index.php\/wp-json\/wp\/v2\/types\/product"}],"replies":[{"embeddable":true,"href":"https:\/\/www.musicalmollet.com\/index.php\/wp-json\/wp\/v2\/comments?post=7481"}],"wp:featuredmedia":[{"embeddable":true,"href":"https:\/\/www.musicalmollet.com\/index.php\/wp-json\/wp\/v2\/media\/7482"}],"wp:attachment":[{"href":"https:\/\/www.musicalmollet.com\/index.php\/wp-json\/wp\/v2\/media?parent=7481"}],"wp:term":[{"taxonomy":"product_cat","embeddable":true,"href":"https:\/\/www.musicalmollet.com\/index.php\/wp-json\/wp\/v2\/product_cat?post=7481"},{"taxonomy":"product_tag","embeddable":true,"href":"https:\/\/www.musicalmollet.com\/index.php\/wp-json\/wp\/v2\/product_tag?post=7481"}],"curies":[{"name":"wp","href":"https:\/\/api.w.org\/{rel}","templated":true}]}}