{"id":7576,"date":"2023-05-26T13:03:29","date_gmt":"2023-05-26T11:03:29","guid":{"rendered":"https:\/\/www.musicalmollet.com\/?post_type=product&#038;p=7576"},"modified":"2023-05-26T13:26:16","modified_gmt":"2023-05-26T11:26:16","slug":"cantonera-metalica-grande-de-3-patas-c105-mark","status":"publish","type":"product","link":"https:\/\/www.musicalmollet.com\/index.php\/producto\/cantonera-metalica-grande-de-3-patas-c105-mark\/","title":{"rendered":"Cantonera Met\u00e1lica grande de 3 patas C105 Mark"},"content":{"rendered":"<p>Cantonera met\u00e1lica grande de 3 patas 6 puntos de fijaci\u00f3n<\/p>\n<p>Zincada<\/p>\n<p>Dimensiones 65 X 65 mm<\/p>\n","protected":false},"excerpt":{"rendered":"<h5>!!ATENCI\u00d3N!!\u00a0 \u00a0 Quedan 15 unidades en existencias<\/h5>\n<h5><img loading=\"lazy\" decoding=\"async\" class=\"aligncenter size-medium wp-image-7579\" src=\"https:\/\/www.musicalmollet.com\/wp-content\/uploads\/P1000628-300x225.jpg\" alt=\"\" width=\"300\" height=\"225\" srcset=\"https:\/\/www.musicalmollet.com\/wp-content\/uploads\/P1000628-300x225.jpg 300w, https:\/\/www.musicalmollet.com\/wp-content\/uploads\/P1000628-1024x768.jpg 1024w, https:\/\/www.musicalmollet.com\/wp-content\/uploads\/P1000628-1536x1152.jpg 1536w, https:\/\/www.musicalmollet.com\/wp-content\/uploads\/P1000628-2048x1536.jpg 2048w, https:\/\/www.musicalmollet.com\/wp-content\/uploads\/P1000628-600x450.jpg 600w\" sizes=\"auto, (max-width: 300px) 100vw, 300px\" \/><\/h5>\n","protected":false},"featured_media":7577,"comment_status":"closed","ping_status":"closed","template":"","meta":{"om_disable_all_campaigns":false},"product_cat":[503],"product_tag":[268],"class_list":["post-7576","product","type-product","status-publish","has-post-thumbnail","hentry","product_cat-cantoneras","product_tag-accesorios"],"aioseo_notices":[],"_links":{"self":[{"href":"https:\/\/www.musicalmollet.com\/index.php\/wp-json\/wp\/v2\/product\/7576","targetHints":{"allow":["GET"]}}],"collection":[{"href":"https:\/\/www.musicalmollet.com\/index.php\/wp-json\/wp\/v2\/product"}],"about":[{"href":"https:\/\/www.musicalmollet.com\/index.php\/wp-json\/wp\/v2\/types\/product"}],"replies":[{"embeddable":true,"href":"https:\/\/www.musicalmollet.com\/index.php\/wp-json\/wp\/v2\/comments?post=7576"}],"wp:featuredmedia":[{"embeddable":true,"href":"https:\/\/www.musicalmollet.com\/index.php\/wp-json\/wp\/v2\/media\/7577"}],"wp:attachment":[{"href":"https:\/\/www.musicalmollet.com\/index.php\/wp-json\/wp\/v2\/media?parent=7576"}],"wp:term":[{"taxonomy":"product_cat","embeddable":true,"href":"https:\/\/www.musicalmollet.com\/index.php\/wp-json\/wp\/v2\/product_cat?post=7576"},{"taxonomy":"product_tag","embeddable":true,"href":"https:\/\/www.musicalmollet.com\/index.php\/wp-json\/wp\/v2\/product_tag?post=7576"}],"curies":[{"name":"wp","href":"https:\/\/api.w.org\/{rel}","templated":true}]}}