{"id":7596,"date":"2023-05-31T13:27:40","date_gmt":"2023-05-31T11:27:40","guid":{"rendered":"https:\/\/www.musicalmollet.com\/?post_type=product&#038;p=7596"},"modified":"2023-05-31T13:27:41","modified_gmt":"2023-05-31T11:27:41","slug":"ukelele-sopranino-keiki-k1-rd","status":"publish","type":"product","link":"https:\/\/www.musicalmollet.com\/index.php\/producto\/ukelele-sopranino-keiki-k1-rd\/","title":{"rendered":"Ukelele Sopranino Keiki K1-RD"},"content":{"rendered":"<div class=\"information expandable-section \">\n<div class=\"title\">Informaci\u00f3n<\/p>\n<div class=\"icon\"><\/div>\n<\/div>\n<div class=\"content\">Ukelele Sopranino Keiki K1-MM. (mas peque\u00f1o que el soprano, escala 248mm). Acabado satinado en color rojo. Cuerpo y m\u00e1stil de okoume, diapas\u00f3n y puente de nogal. Tapa de okoume grabada a laser con dise\u00f1o \u00abtortuga\u00b4\u00b4. Clavijeros cromados y negros. Monta cuerdas Ortega UWNY-4-SO para Soprano standard.<\/div>\n<\/div>\n<div class=\"upsell-products adagio-slider \">\n<div class=\"header\">\n<div class=\"title\"><\/div>\n<\/div>\n<\/div>\n","protected":false},"excerpt":{"rendered":"<p>Informaci\u00f3n Ukelele Sopranino Keiki K1-MM. (mas peque\u00f1o que el soprano, escala 248mm). Acabado satinado en color rojo. Cuerpo y m\u00e1stil de okoume, diapas\u00f3n y puente de nogal. Tapa de okoume grabada a laser con dise\u00f1o \u00abtortuga\u00b4\u00b4. Clavijeros cromados y negros. Monta cuerdas Ortega UWNY-4-SO para Soprano standard.<\/p>\n","protected":false},"featured_media":7597,"comment_status":"closed","ping_status":"closed","template":"","meta":{"om_disable_all_campaigns":false},"product_cat":[67],"product_tag":[172],"class_list":["post-7596","product","type-product","status-publish","has-post-thumbnail","hentry","product_cat-ukeleles","product_tag-ukelele"],"aioseo_notices":[],"_links":{"self":[{"href":"https:\/\/www.musicalmollet.com\/index.php\/wp-json\/wp\/v2\/product\/7596","targetHints":{"allow":["GET"]}}],"collection":[{"href":"https:\/\/www.musicalmollet.com\/index.php\/wp-json\/wp\/v2\/product"}],"about":[{"href":"https:\/\/www.musicalmollet.com\/index.php\/wp-json\/wp\/v2\/types\/product"}],"replies":[{"embeddable":true,"href":"https:\/\/www.musicalmollet.com\/index.php\/wp-json\/wp\/v2\/comments?post=7596"}],"wp:featuredmedia":[{"embeddable":true,"href":"https:\/\/www.musicalmollet.com\/index.php\/wp-json\/wp\/v2\/media\/7597"}],"wp:attachment":[{"href":"https:\/\/www.musicalmollet.com\/index.php\/wp-json\/wp\/v2\/media?parent=7596"}],"wp:term":[{"taxonomy":"product_cat","embeddable":true,"href":"https:\/\/www.musicalmollet.com\/index.php\/wp-json\/wp\/v2\/product_cat?post=7596"},{"taxonomy":"product_tag","embeddable":true,"href":"https:\/\/www.musicalmollet.com\/index.php\/wp-json\/wp\/v2\/product_tag?post=7596"}],"curies":[{"name":"wp","href":"https:\/\/api.w.org\/{rel}","templated":true}]}}