{"id":7608,"date":"2023-06-07T11:23:38","date_gmt":"2023-06-07T09:23:38","guid":{"rendered":"https:\/\/www.musicalmollet.com\/?post_type=product&#038;p=7608"},"modified":"2023-06-07T11:23:39","modified_gmt":"2023-06-07T09:23:39","slug":"parche-remo-muffle-14","status":"publish","type":"product","link":"https:\/\/www.musicalmollet.com\/index.php\/producto\/parche-remo-muffle-14\/","title":{"rendered":"Parche Remo Muffle 14&#8243;"},"content":{"rendered":"<div id=\"description\" class=\"tab-pane fade in active\" role=\"tabpanel\">\n<div class=\"product-description\">\n<h2>Muffle remo anillo 14.<\/h2>\n<p>Muffl Ring Control REMO de 14 de di\u00e1metro. Los aros de control son discos de espuma para amortiguaci\u00f3n parcial del sonido de los tambores de la bater\u00eda. Una bandeja especial de pl\u00e1stico perimetral les aseguran en su sitio siendo f\u00e1ciles de montaje entre el parche y la parte superior del borde del casco. Su sistema de triple diente asegura su estabilidad sin adhesivos, incluso en los bombos con baja tensi\u00f3n en el parche.<\/p>\n<h3>Caracter\u00edsticas:<\/h3>\n<ul class=\"ul-conttab\">\n<li>Sistema ajustable.<\/li>\n<li>Amortiguaci\u00f3n parcial del sonido.<\/li>\n<li>Los aros de control son discos de espuma.<\/li>\n<li>Di\u00e1metro:14.<\/li>\n<li>Sistema de triple diente.<\/li>\n<li>Muy estable sin necesidad de adhesivos.<\/li>\n<li>Color negro.<\/li>\n<\/ul>\n<\/div>\n<\/div>\n","protected":false},"excerpt":{"rendered":"<p>Muffle remo anillo 14. Muffl Ring Control REMO de 14 de di\u00e1metro. Los aros de control son discos de espuma para amortiguaci\u00f3n parcial del sonido de los tambores de la bater\u00eda. Una bandeja especial de pl\u00e1stico perimetral les aseguran en su sitio siendo f\u00e1ciles de montaje entre el parche y la parte superior del borde [&hellip;]<\/p>\n","protected":false},"featured_media":7609,"comment_status":"closed","ping_status":"closed","template":"","meta":{"om_disable_all_campaigns":false},"product_cat":[303],"product_tag":[328],"class_list":["post-7608","product","type-product","status-publish","has-post-thumbnail","hentry","product_cat-parches-accesoriobateria","product_tag-parches"],"aioseo_notices":[],"_links":{"self":[{"href":"https:\/\/www.musicalmollet.com\/index.php\/wp-json\/wp\/v2\/product\/7608","targetHints":{"allow":["GET"]}}],"collection":[{"href":"https:\/\/www.musicalmollet.com\/index.php\/wp-json\/wp\/v2\/product"}],"about":[{"href":"https:\/\/www.musicalmollet.com\/index.php\/wp-json\/wp\/v2\/types\/product"}],"replies":[{"embeddable":true,"href":"https:\/\/www.musicalmollet.com\/index.php\/wp-json\/wp\/v2\/comments?post=7608"}],"wp:featuredmedia":[{"embeddable":true,"href":"https:\/\/www.musicalmollet.com\/index.php\/wp-json\/wp\/v2\/media\/7609"}],"wp:attachment":[{"href":"https:\/\/www.musicalmollet.com\/index.php\/wp-json\/wp\/v2\/media?parent=7608"}],"wp:term":[{"taxonomy":"product_cat","embeddable":true,"href":"https:\/\/www.musicalmollet.com\/index.php\/wp-json\/wp\/v2\/product_cat?post=7608"},{"taxonomy":"product_tag","embeddable":true,"href":"https:\/\/www.musicalmollet.com\/index.php\/wp-json\/wp\/v2\/product_tag?post=7608"}],"curies":[{"name":"wp","href":"https:\/\/api.w.org\/{rel}","templated":true}]}}