{"id":7698,"date":"2023-07-13T19:13:34","date_gmt":"2023-07-13T17:13:34","guid":{"rendered":"https:\/\/www.musicalmollet.com\/?post_type=product&#038;p=7698"},"modified":"2023-07-13T19:19:33","modified_gmt":"2023-07-13T17:19:33","slug":"escobillas-para-bateria-vater-metalicas-wire-tap","status":"publish","type":"product","link":"https:\/\/www.musicalmollet.com\/index.php\/producto\/escobillas-para-bateria-vater-metalicas-wire-tap\/","title":{"rendered":"Escobillas para bater\u00eda Vater met\u00e1licas Wire Tap"},"content":{"rendered":"<p>.- Escobillas met\u00e1licas Vater<\/p>\n","protected":false},"excerpt":{"rendered":"<p>.- Escobillas met\u00e1licas Vater<\/p>\n","protected":false},"featured_media":7700,"comment_status":"closed","ping_status":"closed","template":"","meta":{"om_disable_all_campaigns":false},"product_cat":[120],"product_tag":[264],"class_list":["post-7698","product","type-product","status-publish","has-post-thumbnail","hentry","product_cat-baquetas-mazas-claves-etc","product_tag-accesorios-de-bateria"],"aioseo_notices":[],"_links":{"self":[{"href":"https:\/\/www.musicalmollet.com\/index.php\/wp-json\/wp\/v2\/product\/7698","targetHints":{"allow":["GET"]}}],"collection":[{"href":"https:\/\/www.musicalmollet.com\/index.php\/wp-json\/wp\/v2\/product"}],"about":[{"href":"https:\/\/www.musicalmollet.com\/index.php\/wp-json\/wp\/v2\/types\/product"}],"replies":[{"embeddable":true,"href":"https:\/\/www.musicalmollet.com\/index.php\/wp-json\/wp\/v2\/comments?post=7698"}],"wp:featuredmedia":[{"embeddable":true,"href":"https:\/\/www.musicalmollet.com\/index.php\/wp-json\/wp\/v2\/media\/7700"}],"wp:attachment":[{"href":"https:\/\/www.musicalmollet.com\/index.php\/wp-json\/wp\/v2\/media?parent=7698"}],"wp:term":[{"taxonomy":"product_cat","embeddable":true,"href":"https:\/\/www.musicalmollet.com\/index.php\/wp-json\/wp\/v2\/product_cat?post=7698"},{"taxonomy":"product_tag","embeddable":true,"href":"https:\/\/www.musicalmollet.com\/index.php\/wp-json\/wp\/v2\/product_tag?post=7698"}],"curies":[{"name":"wp","href":"https:\/\/api.w.org\/{rel}","templated":true}]}}