{"id":774,"date":"2023-02-24T10:24:59","date_gmt":"2023-02-24T09:24:59","guid":{"rendered":"http:\/\/www.musicalmollet.com\/wordpress\/?post_type=product&#038;p=774"},"modified":"2023-02-24T18:55:11","modified_gmt":"2023-02-24T17:55:11","slug":"manual-didactico-guitarra-flamenca-vol-1","status":"publish","type":"product","link":"https:\/\/www.musicalmollet.com\/index.php\/producto\/manual-didactico-guitarra-flamenca-vol-1\/","title":{"rendered":"MANUAL DIDACTICO GUITARRA FLAMENCA VOL 1"},"content":{"rendered":"<p>Resumen del libro Manual pedag\u00f3gico para el estudio de los estilos b\u00e1sicos flamencos: SOLE\u00c1, SIGUIRIYAS, ALEGR\u00cdAS, TIENTOS, TANGOS y BULER\u00cdAS. En notaci\u00f3n MUSICAL y CIFRA. Edici\u00f3n biling\u00fce Espa\u00f1ol-Ingl\u00e9s. Libro 63 p\u00e1g. + CD. MANUEL GRANADOS<\/p>\n","protected":false},"excerpt":{"rendered":"<p>Resumen del libro Manual pedag\u00f3gico para el estudio de los estilos b\u00e1sicos flamencos: SOLE\u00c1, SIGUIRIYAS, ALEGR\u00cdAS, TIENTOS, TANGOS y BULER\u00cdAS. En notaci\u00f3n MUSICAL y CIFRA. Edici\u00f3n biling\u00fce Espa\u00f1ol-Ingl\u00e9s. Libro 63 p\u00e1g. + CD. MANUEL GRANADOS<\/p>\n","protected":false},"featured_media":775,"comment_status":"open","ping_status":"closed","template":"","meta":{"om_disable_all_campaigns":false},"product_cat":[49],"product_tag":[185,210],"class_list":["post-774","product","type-product","status-publish","has-post-thumbnail","hentry","product_cat-libreria-y-metodos","product_tag-libreria","product_tag-libreria-y-metodos"],"aioseo_notices":[],"_links":{"self":[{"href":"https:\/\/www.musicalmollet.com\/index.php\/wp-json\/wp\/v2\/product\/774","targetHints":{"allow":["GET"]}}],"collection":[{"href":"https:\/\/www.musicalmollet.com\/index.php\/wp-json\/wp\/v2\/product"}],"about":[{"href":"https:\/\/www.musicalmollet.com\/index.php\/wp-json\/wp\/v2\/types\/product"}],"replies":[{"embeddable":true,"href":"https:\/\/www.musicalmollet.com\/index.php\/wp-json\/wp\/v2\/comments?post=774"}],"wp:featuredmedia":[{"embeddable":true,"href":"https:\/\/www.musicalmollet.com\/index.php\/wp-json\/wp\/v2\/media\/775"}],"wp:attachment":[{"href":"https:\/\/www.musicalmollet.com\/index.php\/wp-json\/wp\/v2\/media?parent=774"}],"wp:term":[{"taxonomy":"product_cat","embeddable":true,"href":"https:\/\/www.musicalmollet.com\/index.php\/wp-json\/wp\/v2\/product_cat?post=774"},{"taxonomy":"product_tag","embeddable":true,"href":"https:\/\/www.musicalmollet.com\/index.php\/wp-json\/wp\/v2\/product_tag?post=774"}],"curies":[{"name":"wp","href":"https:\/\/api.w.org\/{rel}","templated":true}]}}