{"id":7752,"date":"2025-10-30T12:10:54","date_gmt":"2025-10-30T11:10:54","guid":{"rendered":"https:\/\/www.musicalmollet.com\/?post_type=product&#038;p=7752"},"modified":"2025-10-30T19:22:06","modified_gmt":"2025-10-30T18:22:06","slug":"cuerdas-daddario-guitarra-electrica-10-46-exl110","status":"publish","type":"product","link":"https:\/\/www.musicalmollet.com\/index.php\/producto\/cuerdas-daddario-guitarra-electrica-10-46-exl110\/","title":{"rendered":"Cuerdas D\u00b4Addario guitarra electrica 10\/46 EXL110"},"content":{"rendered":"<p>Juego de Cuerdas para Guitarra El\u00e9ctrica XL Series Nickel Wound Regular Light (010 &#8211; 013 &#8211; 017 &#8211; 026 &#8211; 036 &#8211; 046). Las cuerdas D&#8217;Addario XL para Guitarra El\u00e9ctricas han sido reconocidas mundialmentecomo \u00bbLa Opci\u00f3n del Guitarrista\u00bb entre los guitarristas de todos los g\u00e9neros y estilos. Las cuerdas XL se enrollan con gran precisi\u00f3n con acero recubierto de n\u00edquel sobre un n\u00facleo en forma hexagonal, dando como resultado cuerdas con un tono distintivo, brillante y una excelente entonaci\u00f3n.<\/p>\n","protected":false},"excerpt":{"rendered":"<p>Juego de Cuerdas para Guitarra El\u00e9ctrica XL Series Nickel Wound Regular Light (010 &#8211; 013 &#8211; 017 &#8211; 026 &#8211; 036 &#8211; 046). Las cuerdas D&#8217;Addario XL para Guitarra El\u00e9ctricas han sido reconocidas mundialmentecomo \u00bbLa Opci\u00f3n del Guitarrista\u00bb entre los guitarristas de todos los g\u00e9neros y estilos. Las cuerdas XL se enrollan con gran precisi\u00f3n [&hellip;]<\/p>\n","protected":false},"featured_media":7753,"comment_status":"closed","ping_status":"closed","template":"","meta":{"om_disable_all_campaigns":false},"product_cat":[104],"product_tag":[171],"class_list":["post-7752","product","type-product","status-publish","has-post-thumbnail","hentry","product_cat-cuerdas-guitarra-electrica","product_tag-cuerdas"],"aioseo_notices":[],"_links":{"self":[{"href":"https:\/\/www.musicalmollet.com\/index.php\/wp-json\/wp\/v2\/product\/7752","targetHints":{"allow":["GET"]}}],"collection":[{"href":"https:\/\/www.musicalmollet.com\/index.php\/wp-json\/wp\/v2\/product"}],"about":[{"href":"https:\/\/www.musicalmollet.com\/index.php\/wp-json\/wp\/v2\/types\/product"}],"replies":[{"embeddable":true,"href":"https:\/\/www.musicalmollet.com\/index.php\/wp-json\/wp\/v2\/comments?post=7752"}],"wp:featuredmedia":[{"embeddable":true,"href":"https:\/\/www.musicalmollet.com\/index.php\/wp-json\/wp\/v2\/media\/7753"}],"wp:attachment":[{"href":"https:\/\/www.musicalmollet.com\/index.php\/wp-json\/wp\/v2\/media?parent=7752"}],"wp:term":[{"taxonomy":"product_cat","embeddable":true,"href":"https:\/\/www.musicalmollet.com\/index.php\/wp-json\/wp\/v2\/product_cat?post=7752"},{"taxonomy":"product_tag","embeddable":true,"href":"https:\/\/www.musicalmollet.com\/index.php\/wp-json\/wp\/v2\/product_tag?post=7752"}],"curies":[{"name":"wp","href":"https:\/\/api.w.org\/{rel}","templated":true}]}}