{"id":7754,"date":"2023-08-03T12:56:33","date_gmt":"2023-08-03T10:56:33","guid":{"rendered":"https:\/\/www.musicalmollet.com\/?post_type=product&#038;p=7754"},"modified":"2023-08-03T12:56:33","modified_gmt":"2023-08-03T10:56:33","slug":"caja-honsuy-355-x-16-cm-metalica-cromada","status":"publish","type":"product","link":"https:\/\/www.musicalmollet.com\/index.php\/producto\/caja-honsuy-355-x-16-cm-metalica-cromada\/","title":{"rendered":"Caja Honsuy 35,5 x 16 cm Met\u00e1lica Cromada"},"content":{"rendered":"<p>.- Cascos met\u00e1licos<\/p>\n<p>.- Aros acorazados<\/p>\n<p>.- Tensi\u00f3n independiente<\/p>\n<p>.- 10 tensores por parche<\/p>\n<p>.- Apagador interior<\/p>\n<p>.- Bordonero automatico<\/p>\n<p>.- Parches de pl\u00e1stico<\/p>\n<p>.-Cromado Brillante<\/p>\n","protected":false},"excerpt":{"rendered":"<p>.- Cascos met\u00e1licos .- Aros acorazados .- Tensi\u00f3n independiente .- 10 tensores por parche .- Apagador interior .- Bordonero automatico .- Parches de pl\u00e1stico .-Cromado Brillante<\/p>\n","protected":false},"featured_media":7755,"comment_status":"closed","ping_status":"closed","template":"","meta":{"om_disable_all_campaigns":false},"product_cat":[100],"product_tag":[165],"class_list":["post-7754","product","type-product","status-publish","has-post-thumbnail","hentry","product_cat-cajas-metalicas","product_tag-cajas"],"aioseo_notices":[],"_links":{"self":[{"href":"https:\/\/www.musicalmollet.com\/index.php\/wp-json\/wp\/v2\/product\/7754","targetHints":{"allow":["GET"]}}],"collection":[{"href":"https:\/\/www.musicalmollet.com\/index.php\/wp-json\/wp\/v2\/product"}],"about":[{"href":"https:\/\/www.musicalmollet.com\/index.php\/wp-json\/wp\/v2\/types\/product"}],"replies":[{"embeddable":true,"href":"https:\/\/www.musicalmollet.com\/index.php\/wp-json\/wp\/v2\/comments?post=7754"}],"wp:featuredmedia":[{"embeddable":true,"href":"https:\/\/www.musicalmollet.com\/index.php\/wp-json\/wp\/v2\/media\/7755"}],"wp:attachment":[{"href":"https:\/\/www.musicalmollet.com\/index.php\/wp-json\/wp\/v2\/media?parent=7754"}],"wp:term":[{"taxonomy":"product_cat","embeddable":true,"href":"https:\/\/www.musicalmollet.com\/index.php\/wp-json\/wp\/v2\/product_cat?post=7754"},{"taxonomy":"product_tag","embeddable":true,"href":"https:\/\/www.musicalmollet.com\/index.php\/wp-json\/wp\/v2\/product_tag?post=7754"}],"curies":[{"name":"wp","href":"https:\/\/api.w.org\/{rel}","templated":true}]}}