{"id":7805,"date":"2023-09-02T13:21:20","date_gmt":"2023-09-02T11:21:20","guid":{"rendered":"https:\/\/www.musicalmollet.com\/?post_type=product&#038;p=7805"},"modified":"2023-09-02T13:21:21","modified_gmt":"2023-09-02T11:21:21","slug":"batuta-pick-boy-fiberglas-150j","status":"publish","type":"product","link":"https:\/\/www.musicalmollet.com\/index.php\/producto\/batuta-pick-boy-fiberglas-150j\/","title":{"rendered":"Batuta Pick-Boy Fiberglas 150J"},"content":{"rendered":"<p>Batuta de Fiberglas marca Pick Boy modelo 150J<br \/>\nCaracter\u00edsticas<br \/>\nMaterial: fibra (35\u00d715)<br \/>\nMango: corcho<br \/>\nTama\u00f1o: 340mm<\/p>\n","protected":false},"excerpt":{"rendered":"<p>Batuta de Fiberglas marca Pick Boy modelo 150J Caracter\u00edsticas Material: fibra (35\u00d715) Mango: corcho Tama\u00f1o: 340mm<\/p>\n","protected":false},"featured_media":7806,"comment_status":"closed","ping_status":"closed","template":"","meta":{"om_disable_all_campaigns":false},"product_cat":[377],"product_tag":[516],"class_list":["post-7805","product","type-product","status-publish","has-post-thumbnail","hentry","product_cat-batutas","product_tag-banda"],"aioseo_notices":[],"_links":{"self":[{"href":"https:\/\/www.musicalmollet.com\/index.php\/wp-json\/wp\/v2\/product\/7805","targetHints":{"allow":["GET"]}}],"collection":[{"href":"https:\/\/www.musicalmollet.com\/index.php\/wp-json\/wp\/v2\/product"}],"about":[{"href":"https:\/\/www.musicalmollet.com\/index.php\/wp-json\/wp\/v2\/types\/product"}],"replies":[{"embeddable":true,"href":"https:\/\/www.musicalmollet.com\/index.php\/wp-json\/wp\/v2\/comments?post=7805"}],"wp:featuredmedia":[{"embeddable":true,"href":"https:\/\/www.musicalmollet.com\/index.php\/wp-json\/wp\/v2\/media\/7806"}],"wp:attachment":[{"href":"https:\/\/www.musicalmollet.com\/index.php\/wp-json\/wp\/v2\/media?parent=7805"}],"wp:term":[{"taxonomy":"product_cat","embeddable":true,"href":"https:\/\/www.musicalmollet.com\/index.php\/wp-json\/wp\/v2\/product_cat?post=7805"},{"taxonomy":"product_tag","embeddable":true,"href":"https:\/\/www.musicalmollet.com\/index.php\/wp-json\/wp\/v2\/product_tag?post=7805"}],"curies":[{"name":"wp","href":"https:\/\/api.w.org\/{rel}","templated":true}]}}