{"id":7900,"date":"2023-10-26T13:09:49","date_gmt":"2023-10-26T11:09:49","guid":{"rendered":"https:\/\/www.musicalmollet.com\/?post_type=product&#038;p=7900"},"modified":"2023-10-26T13:10:13","modified_gmt":"2023-10-26T11:10:13","slug":"trombon-tenor-sib-tb450-j-michael","status":"publish","type":"product","link":"https:\/\/www.musicalmollet.com\/index.php\/producto\/trombon-tenor-sib-tb450-j-michael\/","title":{"rendered":"Trombon Tenor Sib TB450 J. Michael"},"content":{"rendered":"<div class=\"product attribute description description2\">\n<div class=\"value\">\n<p><strong>TB450<\/strong><\/p>\n<p><strong>Tromb\u00f3n J. MICHAEL tenor en SI bemol<\/strong><\/p>\n<p>Lacado.<\/p>\n<p>Con estuche.<\/p>\n<div class=\"product attribute description description2\">\n<div class=\"value\">\n<div class=\"product attribute description description2\">\n<div class=\"value\">\n<div class=\"product attribute description description2\">\n<div class=\"value\">\n<div class=\"product attribute description description2\">\n<div class=\"value\">\n<div class=\"product attribute description description2\">\n<div class=\"value\">\n<div class=\"product attribute description description2\">\n<div class=\"value\">\n<div class=\"product attribute description description2\">\n<div class=\"value\">\n<div class=\"product attribute description description2\">\n<div class=\"value\">\n<div class=\"product attribute description description2\">\n<div class=\"value\">\n<p>&nbsp;<\/p>\n<\/div>\n<\/div>\n<\/div>\n<\/div>\n<\/div>\n<\/div>\n<\/div>\n<\/div>\n<\/div>\n<\/div>\n<\/div>\n<\/div>\n<\/div>\n<\/div>\n<\/div>\n<\/div>\n<\/div>\n<\/div>\n<p>&nbsp;<\/p>\n<p>&nbsp;<\/p>\n<\/div>\n<\/div>\n<div id=\"shoppinglist-product-list\" class=\"wk-shoppinglist-product-container\" data-bind=\"scope:'shoppinglist-product-field'\">\n<div class=\"pull-right pinned-dropdown\">\n<div class=\"btn-group btn-group--flex\"><\/div>\n<\/div>\n<\/div>\n<div class=\"product-info-main\">\n<div id=\"shoppinglist-product-list\" class=\"wk-shoppinglist-product-container\" data-bind=\"scope:'shoppinglist-product-field'\">\n<div class=\"pull-right pinned-dropdown\">\n<div class=\"btn-group btn-group--flex\"><\/div>\n<\/div>\n<\/div>\n<div class=\"product-social-links\">\n<div class=\"product-addto-links\" data-role=\"add-to-links\"><\/div>\n<div class=\"addthis_inline_share_toolbox\"><\/div>\n<\/div>\n<\/div>\n<div class=\"clearer\"><\/div>\n<div class=\"product info detailed \">\n<div class=\"product data items \" role=\"tablist\">\n<div id=\"tab-label-catalog.product.related2\" class=\"data item title active\" tabindex=\"0\" role=\"tab\" aria-labeledby=\"tab-label-catalog.product.related2-title\" data-role=\"collapsible\" data-collapsible=\"true\" aria-controls=\"catalog.product.related2\" aria-selected=\"false\" aria-expanded=\"true\"><a id=\"tab-label-catalog.product.related2-title\" class=\"data switch\" tabindex=\"-1\" href=\"https:\/\/www.enriquekeller.com\/es\/viento\/viento-metal-y-madera\/amadeus\/trombones\/trombon-de-varas-j-michael-sib-tb450-es.html#catalog.product.related2\" data-toggle=\"switch\"> Art\u00edculos relacionados <\/a><\/div>\n<div id=\"catalog.product.related2\" class=\"data item content\" role=\"tabpanel\" data-role=\"content\" aria-labelledby=\"tab-label-catalog.product.related2\" aria-hidden=\"false\">\n<div class=\"block related owl-top-narrow\" data-limit=\"0\" data-shuffle=\"0\">\n<div class=\"clearer\"><\/div>\n<div class=\"block-title title\"><strong id=\"block-related-heading\" role=\"heading\" aria-level=\"2\">Art\u00edculos relacionados<\/strong><\/div>\n<div class=\"block-content content\" aria-labelledby=\"block-related-heading\">\n<div class=\"block-actions\"><\/div>\n<div class=\"products wrapper grid products-grid products-related\">\n<div class=\"products list items product-items owl-carousel owl-theme owl-loaded owl-drag\">\n<div class=\"owl-stage-outer\">\n<div class=\"owl-stage\"><\/div>\n<\/div>\n<\/div>\n<\/div>\n<\/div>\n<\/div>\n<\/div>\n<\/div>\n<\/div>\n<div id=\"catalog.product.related2\" class=\"data item content\" role=\"tabpanel\" data-role=\"content\" aria-labelledby=\"tab-label-catalog.product.related2\" aria-hidden=\"false\">\n<div class=\"block related owl-top-narrow\" data-limit=\"0\" data-shuffle=\"0\">\n<div class=\"block-content content\" aria-labelledby=\"block-related-heading\">\n<div class=\"products wrapper grid products-grid products-related\">\n<div class=\"products list items product-items owl-carousel owl-theme owl-loaded owl-drag\">\n<div class=\"owl-controls\"><\/div>\n<\/div>\n<\/div>\n<\/div>\n<\/div>\n<\/div>\n<div id=\"tab-label-news-content\" class=\"data item title\" tabindex=\"0\" role=\"tab\" aria-labeledby=\"tab-label-news-content-title\" data-role=\"collapsible\" data-collapsible=\"true\" aria-controls=\"news-content\" aria-selected=\"false\" aria-expanded=\"false\"><a id=\"tab-label-news-content-title\" class=\"data switch\" tabindex=\"-1\" href=\"https:\/\/www.enriquekeller.com\/es\/viento\/viento-metal-y-madera\/amadeus\/trombones\/trombon-de-varas-j-michael-sib-tb450-es.html#news-content\" data-toggle=\"switch\"> Nuevos art\u00edculos <\/a><\/div>\n<div id=\"tab-label-description3\" class=\"data item title\" tabindex=\"0\" role=\"tab\" aria-labeledby=\"tab-label-description3-title\" data-role=\"collapsible\" data-collapsible=\"true\" aria-controls=\"description3\" aria-selected=\"false\" aria-expanded=\"false\"><a id=\"tab-label-description3-title\" class=\"data switch\" tabindex=\"-1\" href=\"https:\/\/www.enriquekeller.com\/es\/viento\/viento-metal-y-madera\/amadeus\/trombones\/trombon-de-varas-j-michael-sib-tb450-es.html#description3\" data-toggle=\"switch\"> Detalles <\/a><\/div>\n","protected":false},"excerpt":{"rendered":"<p>TB450 Tromb\u00f3n J. MICHAEL tenor en SI bemol Lacado. Con estuche. &nbsp; &nbsp; &nbsp; Art\u00edculos relacionados Art\u00edculos relacionados Nuevos art\u00edculos Detalles<\/p>\n","protected":false},"featured_media":7901,"comment_status":"closed","ping_status":"closed","template":"","meta":{"om_disable_all_campaigns":false},"product_cat":[400],"product_tag":[521],"class_list":["post-7900","product","type-product","status-publish","has-post-thumbnail","hentry","product_cat-trombones","product_tag-trombones-de-varas"],"aioseo_notices":[],"_links":{"self":[{"href":"https:\/\/www.musicalmollet.com\/index.php\/wp-json\/wp\/v2\/product\/7900","targetHints":{"allow":["GET"]}}],"collection":[{"href":"https:\/\/www.musicalmollet.com\/index.php\/wp-json\/wp\/v2\/product"}],"about":[{"href":"https:\/\/www.musicalmollet.com\/index.php\/wp-json\/wp\/v2\/types\/product"}],"replies":[{"embeddable":true,"href":"https:\/\/www.musicalmollet.com\/index.php\/wp-json\/wp\/v2\/comments?post=7900"}],"wp:featuredmedia":[{"embeddable":true,"href":"https:\/\/www.musicalmollet.com\/index.php\/wp-json\/wp\/v2\/media\/7901"}],"wp:attachment":[{"href":"https:\/\/www.musicalmollet.com\/index.php\/wp-json\/wp\/v2\/media?parent=7900"}],"wp:term":[{"taxonomy":"product_cat","embeddable":true,"href":"https:\/\/www.musicalmollet.com\/index.php\/wp-json\/wp\/v2\/product_cat?post=7900"},{"taxonomy":"product_tag","embeddable":true,"href":"https:\/\/www.musicalmollet.com\/index.php\/wp-json\/wp\/v2\/product_tag?post=7900"}],"curies":[{"name":"wp","href":"https:\/\/api.w.org\/{rel}","templated":true}]}}