{"id":8082,"date":"2025-07-14T18:19:11","date_gmt":"2025-07-14T16:19:11","guid":{"rendered":"https:\/\/www.musicalmollet.com\/?post_type=product&#038;p=8082"},"modified":"2026-03-17T11:58:02","modified_gmt":"2026-03-17T10:58:02","slug":"torque-drum-f-zone-std618n-gris-jaspeado-6-8-notas","status":"publish","type":"product","link":"https:\/\/www.musicalmollet.com\/index.php\/producto\/torque-drum-f-zone-std618n-gris-jaspeado-6-8-notas\/","title":{"rendered":"Torque Drum F-Zone STD618N Gris jaspeado (6&#8243; 8 notas)"},"content":{"rendered":"<div class=\"tab-content  ec-single-pro-tab-content\">\n<div id=\"ec-spt-nav-details\" class=\"tab-pane fade show active\">\n<div class=\"ec-single-pro-tab-desc\">\n<p>Hecho de aleaci\u00f3n de acero y titanio y recubierto con una pintura duradera que protege contra el deslustre, desgastes y rayas. Hecho a mano por artesanos, Estos tambores producen un sonido limpio, et\u00e9reo, parecido al de Buda. Escala diat\u00f3nica.<\/p>\n<p>Incluye mazas y dedales para tocar con ellos o con las mismas manos.<\/p>\n<p>Disponibles en distintos colores, tama\u00f1os y n\u00fameros de leng\u00fcetas.<\/p>\n<p>CUIDADO! :\u00a0<u>En la foto s\u00f3lo coincide el color. El n\u00famero de leng\u00fcetas y el tama\u00f1o pueden variar.<\/u><\/p>\n<p>Lee atentamente la descripci\u00f3n del producto para asegurarte que escoges correctamente el n\u00famero de leng\u00fcetas y tama\u00f1o del Tongue.<\/p>\n<\/div>\n<\/div>\n<\/div>\n","protected":false},"excerpt":{"rendered":"<p>Hecho de aleaci\u00f3n de acero y titanio y recubierto con una pintura duradera que protege contra el deslustre, desgastes y rayas. Hecho a mano por artesanos, Estos tambores producen un sonido limpio, et\u00e9reo, parecido al de Buda. Escala diat\u00f3nica. Incluye mazas y dedales para tocar con ellos o con las mismas manos. Disponibles en distintos [&hellip;]<\/p>\n","protected":false},"featured_media":8083,"comment_status":"closed","ping_status":"closed","template":"","meta":{"om_disable_all_campaigns":false},"product_cat":[130],"product_tag":[193],"class_list":["post-8082","product","type-product","status-publish","has-post-thumbnail","hentry","product_cat-varios-percusion","product_tag-percusion"],"aioseo_notices":[],"_links":{"self":[{"href":"https:\/\/www.musicalmollet.com\/index.php\/wp-json\/wp\/v2\/product\/8082","targetHints":{"allow":["GET"]}}],"collection":[{"href":"https:\/\/www.musicalmollet.com\/index.php\/wp-json\/wp\/v2\/product"}],"about":[{"href":"https:\/\/www.musicalmollet.com\/index.php\/wp-json\/wp\/v2\/types\/product"}],"replies":[{"embeddable":true,"href":"https:\/\/www.musicalmollet.com\/index.php\/wp-json\/wp\/v2\/comments?post=8082"}],"wp:featuredmedia":[{"embeddable":true,"href":"https:\/\/www.musicalmollet.com\/index.php\/wp-json\/wp\/v2\/media\/8083"}],"wp:attachment":[{"href":"https:\/\/www.musicalmollet.com\/index.php\/wp-json\/wp\/v2\/media?parent=8082"}],"wp:term":[{"taxonomy":"product_cat","embeddable":true,"href":"https:\/\/www.musicalmollet.com\/index.php\/wp-json\/wp\/v2\/product_cat?post=8082"},{"taxonomy":"product_tag","embeddable":true,"href":"https:\/\/www.musicalmollet.com\/index.php\/wp-json\/wp\/v2\/product_tag?post=8082"}],"curies":[{"name":"wp","href":"https:\/\/api.w.org\/{rel}","templated":true}]}}