{"id":8107,"date":"2026-02-07T19:00:51","date_gmt":"2026-02-07T18:00:51","guid":{"rendered":"https:\/\/www.musicalmollet.com\/?post_type=product&#038;p=8107"},"modified":"2026-02-12T19:35:18","modified_gmt":"2026-02-12T18:35:18","slug":"teclado-casio-ct-s300-casiotone","status":"publish","type":"product","link":"https:\/\/www.musicalmollet.com\/index.php\/producto\/teclado-casio-ct-s300-casiotone\/","title":{"rendered":"Teclado Casio CT-S300 Casiotone"},"content":{"rendered":"<h2 id=\"h2FichaCaracteristicas\" class=\"h2-ficha h2-detailsP \">Caracter\u00edsticas de Casio CT-S300<\/h2>\n<div id=\"caracteristicasDiv\" class=\"fondo-blanco  padding30 \">\n<div class=\" product-features\">\n<div id=\"textoCompleto\" class=\"\">\n<p><strong>CASIO CT-S300 Teclado Port\u00e1til de 61 Teclas\u00a0<\/strong><\/p>\n<ul>\n<li><strong>Fuente de sonido<\/strong>\n<ul>\n<li>Polifon\u00eda: 48<\/li>\n<li>Pulsaci\u00f3n din\u00e1mica: 2 tipos, desactivaci\u00f3n<\/li>\n<li>N\u00famero de tonos programables: 400<\/li>\n<\/ul>\n<\/li>\n<li><strong>Teclado<\/strong>\n<ul>\n<li>N\u00famero de teclas: 61 sensibles al tacto.<\/li>\n<\/ul>\n<\/li>\n<li><strong>Efectos<\/strong>\n<ul>\n<li>Reverberaci\u00f3n: 10 tipos, desactivaci\u00f3n<\/li>\n<li>Volume sync EQ:<\/li>\n<\/ul>\n<\/li>\n<li><strong>Banco de canciones<\/strong>\n<ul>\n<li>N\u00famero de canciones programadas: 60<\/li>\n<\/ul>\n<\/li>\n<li><strong>Funci\u00f3n de aprendizaje<\/strong>\n<ul>\n<li>Parte act.\/desact. (lesson part\/part off):\u00a0 (izquierda, derecha, ambas manos)<\/li>\n<\/ul>\n<\/li>\n<li><strong>Acompa\u00f1amiento autom\u00e1tico<\/strong>\n<ul>\n<li>N\u00famero de ritmos programados: 77<\/li>\n<li>Programa One Touch: 77<\/li>\n<li>Synchro Start:<\/li>\n<li>Elementos de ritmo: normal\/fill-in, variation\/fill-in, Intro\/ending<\/li>\n<\/ul>\n<\/li>\n<li><strong>Modo de m\u00fasica dance<\/strong>\n<ul>\n<li>Modo de m\u00fasica dance<\/li>\n<li>Patr\u00f3n de dance: 50<\/li>\n<li>FX (efecto DSP)<\/li>\n<li>Voz de m\u00fasica dance:\u00a0 (12 muestras)<\/li>\n<\/ul>\n<\/li>\n<li><strong>Registro<\/strong>\n<ul>\n<li>my set up button (favourite setting)<\/li>\n<\/ul>\n<\/li>\n<li><strong>Controlador<\/strong>\n<ul>\n<li>Rueda de inflexi\u00f3n de tonos<\/li>\n<\/ul>\n<\/li>\n<li><strong>MIDI<\/strong>\n<ul>\n<li>Recepci\u00f3n<\/li>\n<li>Nivel GM 1<\/li>\n<\/ul>\n<\/li>\n<li><strong>Funci\u00f3n de la aplicaci\u00f3n<\/strong>\n<ul>\n<li>Chordana Play For Keyboard<\/li>\n<\/ul>\n<\/li>\n<li><strong>Entradas<\/strong>\n<ul>\n<li>Auriculares \/ Salida: Minijack est\u00e9reo<\/li>\n<li>Entrada de Audo Minijack est\u00e9reo<\/li>\n<li>USB (a host)\u00a0 (Micro B)<\/li>\n<li>Pedal Sustain<\/li>\n<\/ul>\n<\/li>\n<li><strong>Altavoces<\/strong>\n<ul>\n<li>Medidas: (13 cm x 6 cm) x 2<\/li>\n<\/ul>\n<\/li>\n<li><strong>Amplificador<\/strong>\n<ul>\n<li>Vatios: 2,5 W + 2,5 W<\/li>\n<\/ul>\n<\/li>\n<li><strong>Fuente de alimentaci\u00f3n<\/strong>\n<ul>\n<li>Adaptador de red: AD-E95100L<\/li>\n<li>Pilas alcalinas (opcional)): 6 x pilas AA<\/li>\n<li>Tiempo de funcionamiento con pilas (aprox.)<\/li>\n<li>El tiempo de funcionamiento real puede ser inferior en funci\u00f3n del tipo de pila, tipo de uso y entorno operativo.: 19 horas<\/li>\n<\/ul>\n<\/li>\n<\/ul>\n<p>&nbsp;<\/p>\n<\/div>\n<\/div>\n<\/div>\n","protected":false},"excerpt":{"rendered":"<p>Caracter\u00edsticas de Casio CT-S300 CASIO CT-S300 Teclado Port\u00e1til de 61 Teclas\u00a0 Fuente de sonido Polifon\u00eda: 48 Pulsaci\u00f3n din\u00e1mica: 2 tipos, desactivaci\u00f3n N\u00famero de tonos programables: 400 Teclado N\u00famero de teclas: 61 sensibles al tacto. Efectos Reverberaci\u00f3n: 10 tipos, desactivaci\u00f3n Volume sync EQ: Banco de canciones N\u00famero de canciones programadas: 60 Funci\u00f3n de aprendizaje Parte act.\/desact. [&hellip;]<\/p>\n","protected":false},"featured_media":8108,"comment_status":"closed","ping_status":"closed","template":"","meta":{"om_disable_all_campaigns":false},"product_cat":[65],"product_tag":[279],"class_list":["post-8107","product","type-product","status-publish","has-post-thumbnail","hentry","product_cat-teclados-portatiles","product_tag-teclados"],"aioseo_notices":[],"_links":{"self":[{"href":"https:\/\/www.musicalmollet.com\/index.php\/wp-json\/wp\/v2\/product\/8107","targetHints":{"allow":["GET"]}}],"collection":[{"href":"https:\/\/www.musicalmollet.com\/index.php\/wp-json\/wp\/v2\/product"}],"about":[{"href":"https:\/\/www.musicalmollet.com\/index.php\/wp-json\/wp\/v2\/types\/product"}],"replies":[{"embeddable":true,"href":"https:\/\/www.musicalmollet.com\/index.php\/wp-json\/wp\/v2\/comments?post=8107"}],"wp:featuredmedia":[{"embeddable":true,"href":"https:\/\/www.musicalmollet.com\/index.php\/wp-json\/wp\/v2\/media\/8108"}],"wp:attachment":[{"href":"https:\/\/www.musicalmollet.com\/index.php\/wp-json\/wp\/v2\/media?parent=8107"}],"wp:term":[{"taxonomy":"product_cat","embeddable":true,"href":"https:\/\/www.musicalmollet.com\/index.php\/wp-json\/wp\/v2\/product_cat?post=8107"},{"taxonomy":"product_tag","embeddable":true,"href":"https:\/\/www.musicalmollet.com\/index.php\/wp-json\/wp\/v2\/product_tag?post=8107"}],"curies":[{"name":"wp","href":"https:\/\/api.w.org\/{rel}","templated":true}]}}