{"id":8117,"date":"2024-03-07T12:07:08","date_gmt":"2024-03-07T11:07:08","guid":{"rendered":"https:\/\/www.musicalmollet.com\/?post_type=product&#038;p=8117"},"modified":"2024-03-07T12:07:08","modified_gmt":"2024-03-07T11:07:08","slug":"charrasquita-pearl-pcq-20-2","status":"publish","type":"product","link":"https:\/\/www.musicalmollet.com\/index.php\/producto\/charrasquita-pearl-pcq-20-2\/","title":{"rendered":"Charrasquita Pearl PCQ-20"},"content":{"rendered":"<h2 class=\"mat-display-1 group-name ng-tns-c276-4 ng-star-inserted\">Pearl PCQ20<\/h2>\n<div class=\"panel-wrapper ng-tns-c276-4\">\n<div class=\"ng-tns-c276-4 lh panel-expandido\">Basado en un instrumento tradicional venezolano de tubo de acero llamadoCharrasca, esta versi\u00f3n m\u00e1s peque\u00f1a a\u00f1adir\u00e1 un sonido \u00fanico a su conjunto. La Charrasquita de PearlCharrasquita puede ser tocada a mano o montada (montaje incluido), y produceproduce una serie de efectos de tri\u00e1ngulo a guiro a la campana y casi cualquierentre ellos. Se suministra con 2 golpeadores de metal. Su creatividad r\u00edtmicar\u00edtmica se ver\u00e1 reforzada.<\/div>\n<\/div>\n","protected":false},"excerpt":{"rendered":"<p><img loading=\"lazy\" decoding=\"async\" class=\"alignnone size-medium wp-image-8119\" src=\"https:\/\/www.musicalmollet.com\/wp-content\/uploads\/P1000667-300x225.jpg\" alt=\"\" width=\"300\" height=\"225\" srcset=\"https:\/\/www.musicalmollet.com\/wp-content\/uploads\/P1000667-300x225.jpg 300w, https:\/\/www.musicalmollet.com\/wp-content\/uploads\/P1000667-1024x768.jpg 1024w, https:\/\/www.musicalmollet.com\/wp-content\/uploads\/P1000667-1536x1152.jpg 1536w, https:\/\/www.musicalmollet.com\/wp-content\/uploads\/P1000667-2048x1536.jpg 2048w, https:\/\/www.musicalmollet.com\/wp-content\/uploads\/P1000667-600x450.jpg 600w\" sizes=\"auto, (max-width: 300px) 100vw, 300px\" \/><\/p>\n","protected":false},"featured_media":8118,"comment_status":"closed","ping_status":"closed","template":"","meta":{"om_disable_all_campaigns":false},"product_cat":[10],"product_tag":[264],"class_list":["post-8117","product","type-product","status-publish","has-post-thumbnail","hentry","product_cat-accesoriobateria","product_tag-accesorios-de-bateria"],"aioseo_notices":[],"_links":{"self":[{"href":"https:\/\/www.musicalmollet.com\/index.php\/wp-json\/wp\/v2\/product\/8117","targetHints":{"allow":["GET"]}}],"collection":[{"href":"https:\/\/www.musicalmollet.com\/index.php\/wp-json\/wp\/v2\/product"}],"about":[{"href":"https:\/\/www.musicalmollet.com\/index.php\/wp-json\/wp\/v2\/types\/product"}],"replies":[{"embeddable":true,"href":"https:\/\/www.musicalmollet.com\/index.php\/wp-json\/wp\/v2\/comments?post=8117"}],"wp:featuredmedia":[{"embeddable":true,"href":"https:\/\/www.musicalmollet.com\/index.php\/wp-json\/wp\/v2\/media\/8118"}],"wp:attachment":[{"href":"https:\/\/www.musicalmollet.com\/index.php\/wp-json\/wp\/v2\/media?parent=8117"}],"wp:term":[{"taxonomy":"product_cat","embeddable":true,"href":"https:\/\/www.musicalmollet.com\/index.php\/wp-json\/wp\/v2\/product_cat?post=8117"},{"taxonomy":"product_tag","embeddable":true,"href":"https:\/\/www.musicalmollet.com\/index.php\/wp-json\/wp\/v2\/product_tag?post=8117"}],"curies":[{"name":"wp","href":"https:\/\/api.w.org\/{rel}","templated":true}]}}