{"id":8140,"date":"2024-03-21T11:39:43","date_gmt":"2024-03-21T10:39:43","guid":{"rendered":"https:\/\/www.musicalmollet.com\/?post_type=product&#038;p=8140"},"modified":"2024-03-21T11:39:43","modified_gmt":"2024-03-21T10:39:43","slug":"microfono-ek-audio-lavalier-wr25l","status":"publish","type":"product","link":"https:\/\/www.musicalmollet.com\/index.php\/producto\/microfono-ek-audio-lavalier-wr25l\/","title":{"rendered":"Microfono EK Audio Lavalier WR25L"},"content":{"rendered":"<div class=\"product-info-main\">\n<div class=\"page-title-wrapper product\">\n<h1 class=\"page-title\"><span class=\"base\" data-ui-id=\"page-title-wrapper\">MICR\u00d3FONO INAL\u00c1MBRICO DE SOLAPA EK UHF<\/span><\/h1>\n<\/div>\n<div class=\"product attribute sku sku2\"><strong class=\"type\">SKU<\/strong><\/p>\n<div class=\"value\">WR25L<\/div>\n<\/div>\n<div class=\"product-add-form\"><\/div>\n<div class=\"product-info-price\">\n<div class=\"price-box price-final_price\" data-role=\"priceBox\" data-product-id=\"3809\" data-price-box=\"product-id-3809\">\n<div class=\"semaforo_product_wrapper d-flex align-items-center py-3\"><span class=\"status_txt\">En existencia<\/span><\/div>\n<\/div>\n<\/div>\n<div class=\"product attribute description description2\">\n<div class=\"value\">\n<p><strong>Micr\u00f3fono Inal\u00e1mbrico de cabeza\u00a0 EK audio Sistema WR-25 UHF<\/strong><\/p>\n<p><strong>SISTEMA DIVERSITY<\/strong><\/p>\n<p>Con pantalla de informaci\u00f3n LED<\/p>\n<p>Salida XLR equilibrado y salida de 1\/4 \u00bb no balanceadas.<\/p>\n<p>Con tecnolog\u00eda de control sintetizada PLL<\/p>\n<p>8 canales seleccionables.<\/p>\n<p><strong>RECEPTOR WR-25<\/strong><\/p>\n<p>Gama de frecuencia: 460-970MHz<\/p>\n<p>Sensibilidad de recepci\u00f3n: -105dBm<\/p>\n<p>Radio se\u00f1al \/ ruido: -105dB<\/p>\n<p>Borde al rechazo de canal&gt; 70 dB<\/p>\n<p>Distorsion Arm\u00f3nica Total (THD): &lt;1%<\/p>\n<p>Nivel de salida: 0-300mV<\/p>\n<p>Alimentaci\u00f3n: 13-15V DC nominal 300mA<\/p>\n<p>Dimensiones: 17,5 x 13,5 x 4,3 cm<\/p>\n<p><strong>PETACA PT-25<\/strong><\/p>\n<p>Salida de RF:&gt; 10dBm<\/p>\n<p>Tipo de modulaci\u00f3n: FM<\/p>\n<p>Desviaci\u00f3n m\u00e1xima: \u00b1 40KHz<\/p>\n<p>Emisi\u00f3n espuria:&gt; 53dBc<\/p>\n<p>Drenaje de corriente nominal: &lt;40mA<\/p>\n<p>Alimentaci\u00f3n: 2 x 1,5 V AA<\/p>\n<p>Dimensiones: 10,5 x 6,5 x 3 cm.<\/p>\n<p>Con Micr\u00f3fono de solapa.<\/p>\n<p>&nbsp;<\/p>\n<p>&nbsp;<\/p>\n<p>&nbsp;<\/p>\n<p>&nbsp;<\/p>\n<p>&nbsp;<\/p>\n<p>&nbsp;<\/p>\n<\/div>\n<\/div>\n<div class=\"product-social-links\">\n<div class=\"product-addto-links\" data-role=\"add-to-links\"><\/div>\n<div class=\"addthis_inline_share_toolbox\"><\/div>\n<\/div>\n<\/div>\n<div class=\"clearer\"><\/div>\n<div class=\"product info detailed  \">\n<div class=\"product data items \" role=\"tablist\">\n<div id=\"tab-label-news-content\" class=\"data item title active\" tabindex=\"0\" role=\"tab\" aria-labeledby=\"tab-label-news-content-title\" data-role=\"collapsible\" data-collapsible=\"true\" aria-controls=\"news-content\" aria-selected=\"false\" aria-expanded=\"true\"><a id=\"tab-label-news-content-title\" class=\"data switch\" tabindex=\"-1\" href=\"https:\/\/www.enriquekeller.com\/es\/audio\/microphones\/microphones-sans-fil\/sistema-uhf-microfonia-inalambrica-solapa-ek-audio.html#news-content\" data-toggle=\"switch\"> Nuevos art\u00edculos <\/a><\/div>\n<div id=\"news-content\" class=\"data item content\" role=\"tabpanel\" data-role=\"content\" aria-labelledby=\"tab-label-news-content\" aria-hidden=\"false\">\n<h2>S\u00faper precio<\/h2>\n<p>&nbsp;<\/p>\n<div class=\"products wrapper grid columns4 products-grid   \">\n<ol class=\"filterproducts products list items product-items \">\n<li class=\"item product product-item nth-child-2np1 nth-child-3np1 nth-child-4np1 nth-child-5np1 nth-child-6np1 nth-child-7np1 nth-child-8np1\">\n<div class=\"product-item-info type1\" data-container=\"product-grid\">\n<div class=\"product photo product-item-photo\"><a tabindex=\"-1\" href=\"https:\/\/www.enriquekeller.com\/es\/bazo-soporte-para-microfono.html\"> <img loading=\"lazy\" decoding=\"async\" class=\"product-image-photo default_image \" src=\"https:\/\/www.enriquekeller.com\/media\/catalog\/product\/cache\/4b5a824b17b49a443cff9dfcef912a4b\/b\/s\/bsm35-1.jpg\" alt=\"\" width=\"212\" height=\"263\" \/> <\/a><\/div>\n<div class=\"product details product-item-details\"><strong class=\"product name product-item-name\"> <a class=\"product-item-link\" href=\"https:\/\/www.enriquekeller.com\/es\/bazo-soporte-para-microfono.html\"> BRAZO SOPORTE PARA MICR\u00d3FONO <\/a> <\/strong><\/p>\n<div class=\"product-reviews-summary short\">\n<div class=\"rating-summary\"><span class=\"label\">Rating:<\/span><\/p>\n<div class=\"rating-result\" title=\"0%\">0%<\/div>\n<\/div>\n<\/div>\n<div class=\"price-box price-final_price\" data-role=\"priceBox\" data-product-id=\"12808\" data-price-box=\"product-id-12808\">\n<div class=\"price_sku\">SKU: BSM35<\/div>\n<div class=\"price-pvp\">PVPR: 8,50 \u20ac<\/div>\n<div class=\"semaforo_product_wrapper d-flex align-items-center py-3\">\n<ul class=\"semaforo_product d-flex test status_508 productID_12808 mr-3\">\n<li><\/li>\n<li><\/li>\n<li><\/li>\n<\/ul>\n<p><span class=\"status_txt\">En existencia<\/span><\/div>\n<\/div>\n<div class=\"product-item-inner\">\n<div class=\"product actions product-item-actions\">\n<div class=\"actions-primary\"><\/div>\n<\/div>\n<\/div>\n<\/div>\n<\/div>\n<\/li>\n<li class=\"item product product-item nth-child-2n\">\n<div class=\"product-item-info type1\" data-container=\"product-grid\">\n<div class=\"product photo product-item-photo\"><a tabindex=\"-1\" href=\"https:\/\/www.enriquekeller.com\/es\/ag26a-ek-audio-bateria.html\"> <img loading=\"lazy\" decoding=\"async\" class=\"product-image-photo default_image \" src=\"https:\/\/www.enriquekeller.com\/media\/catalog\/product\/cache\/4b5a824b17b49a443cff9dfcef912a4b\/a\/g\/ag26a_frente\" alt=\"\" width=\"212\" height=\"263\" \/> <\/a><\/div>\n<div class=\"product details product-item-details\"><strong class=\"product name product-item-name\"> <a class=\"product-item-link\" href=\"https:\/\/www.enriquekeller.com\/es\/ag26a-ek-audio-bateria.html\"> AG26A AMPLIFICADOR GUITARRA AC\u00daSTICA EK AUDIO DE 25W CON BATER\u00cdA RECARGABLE <\/a> <\/strong><\/p>\n<div class=\"product-reviews-summary short\">\n<div class=\"rating-summary\"><span class=\"label\">Rating:<\/span><\/p>\n<div class=\"rating-result\" title=\"0%\">0%<\/div>\n<\/div>\n<\/div>\n<div class=\"price-box price-final_price\" data-role=\"priceBox\" data-product-id=\"4039\" data-price-box=\"product-id-4039\">\n<div class=\"price_sku\">SKU: AG26A<\/div>\n<div class=\"price-pvp\">PVPR: 229,00 \u20ac<\/div>\n<div class=\"semaforo_product_wrapper d-flex align-items-center py-3\">\n<ul class=\"semaforo_product d-flex test status_508 productID_4039 mr-3\">\n<li><\/li>\n<li><\/li>\n<li><\/li>\n<\/ul>\n<p><span class=\"status_txt\">En existencia<\/span><\/div>\n<\/div>\n<div class=\"product-item-inner\">\n<div class=\"product actions product-item-actions\">\n<div class=\"actions-primary\"><\/div>\n<\/div>\n<\/div>\n<\/div>\n<\/div>\n<\/li>\n<li class=\"item product product-item nth-child-2np1 nth-child-3n\">\n<div class=\"product-item-info type1\" data-container=\"product-grid\">\n<div class=\"product photo product-item-photo\"><a tabindex=\"-1\" href=\"https:\/\/www.enriquekeller.com\/es\/support-de-clavier-pliable-ks037-fr.html\"> <img loading=\"lazy\" decoding=\"async\" class=\"product-image-photo default_image \" src=\"https:\/\/www.enriquekeller.com\/media\/catalog\/product\/cache\/4b5a824b17b49a443cff9dfcef912a4b\/k\/s\/ks037.jpg\" alt=\"\" width=\"212\" height=\"263\" \/> <\/a><\/div>\n<div class=\"product details product-item-details\"><strong class=\"product name product-item-name\"> <a class=\"product-item-link\" href=\"https:\/\/www.enriquekeller.com\/es\/support-de-clavier-pliable-ks037-fr.html\"> SOPORTE DE TECLADO PLEGABLE ADMIRA KS037 <\/a> <\/strong><\/p>\n<div class=\"product-reviews-summary short\">\n<div class=\"rating-summary\"><span class=\"label\">Rating:<\/span><\/p>\n<div class=\"rating-result\" title=\"0%\">0%<\/div>\n<\/div>\n<\/div>\n<div class=\"price-box price-final_price\" data-role=\"priceBox\" data-product-id=\"3551\" data-price-box=\"product-id-3551\">\n<div class=\"price_sku\">SKU: KS037<\/div>\n<div class=\"price-pvp\">PVPR: 46,00 \u20ac<\/div>\n<div class=\"semaforo_product_wrapper d-flex align-items-center py-3\">\n<ul class=\"semaforo_product d-flex test status_508 productID_3551 mr-3\">\n<li><\/li>\n<li><\/li>\n<li><\/li>\n<\/ul>\n<p><span class=\"status_txt\">En existencia<\/span><\/div>\n<\/div>\n<div class=\"product-item-inner\">\n<div class=\"product actions product-item-actions\">\n<div class=\"actions-primary\"><\/div>\n<\/div>\n<\/div>\n<\/div>\n<\/div>\n<\/li>\n<li class=\"item product product-item nth-child-2n nth-child-3np1 nth-child-4n\">\n<div class=\"product-item-info type1\" data-container=\"product-grid\">\n<div class=\"product photo product-item-photo\"><a tabindex=\"-1\" href=\"https:\/\/www.enriquekeller.com\/es\/support-de-guitare-admira-fr.html\"> <img loading=\"lazy\" decoding=\"async\" class=\"product-image-photo default_image \" src=\"https:\/\/www.enriquekeller.com\/media\/catalog\/product\/cache\/4b5a824b17b49a443cff9dfcef912a4b\/g\/s\/gs006_vista_1.jpg\" alt=\"\" width=\"212\" height=\"263\" \/> <\/a><\/div>\n<div class=\"product details product-item-details\"><strong class=\"product name product-item-name\"> <a class=\"product-item-link\" href=\"https:\/\/www.enriquekeller.com\/es\/support-de-guitare-admira-fr.html\"> SOPORTE ADMIRA PARA GUITARRA GS006 <\/a> <\/strong><\/p>\n<div class=\"product-reviews-summary short\">\n<div class=\"rating-summary\"><span class=\"label\">Rating:<\/span><\/p>\n<div class=\"rating-result\" title=\"0%\">0%<\/div>\n<\/div>\n<\/div>\n<div class=\"price-box price-final_price\" data-role=\"priceBox\" data-product-id=\"3351\" data-price-box=\"product-id-3351\">\n<div class=\"price_sku\">SKU: GS006<\/div>\n<div class=\"price-pvp\">PVPR: 9,00 \u20ac<\/div>\n<div class=\"semaforo_product_wrapper d-flex align-items-center py-3\">\n<ul class=\"semaforo_product d-flex test status_508 productID_3351 mr-3\">\n<li><\/li>\n<li><\/li>\n<li><\/li>\n<\/ul>\n<p><span class=\"status_txt\">En existencia<\/span><\/div>\n<\/div>\n<div class=\"product-item-inner\">\n<div class=\"product actions product-item-actions\">\n<div class=\"actions-primary\"><\/div>\n<\/div>\n<\/div>\n<\/div>\n<\/div>\n<\/li>\n<li class=\"item product product-item nth-child-2np1 nth-child-4np1 nth-child-5n\">\n<div class=\"product-item-info type1\" data-container=\"product-grid\">\n<div class=\"product photo product-item-photo\"><a tabindex=\"-1\" href=\"https:\/\/www.enriquekeller.com\/es\/tuner-admira-\u00e0-10-fr.html\"> <img loading=\"lazy\" decoding=\"async\" class=\"product-image-photo default_image \" src=\"https:\/\/www.enriquekeller.com\/media\/catalog\/product\/cache\/4b5a824b17b49a443cff9dfcef912a4b\/a\/t\/at10_2.jpg\" alt=\"\" width=\"212\" height=\"263\" \/> <\/a><\/div>\n<div class=\"product details product-item-details\"><strong class=\"product name product-item-name\"> <a class=\"product-item-link\" href=\"https:\/\/www.enriquekeller.com\/es\/tuner-admira-\u00e0-10-fr.html\"> AFINADOR DE PINZA ADMIRA AT10 <\/a> <\/strong><\/p>\n<div class=\"product-reviews-summary short\">\n<div class=\"rating-summary\"><span class=\"label\">Rating:<\/span><\/p>\n<div class=\"rating-result\" title=\"0%\">0%<\/div>\n<\/div>\n<\/div>\n<div class=\"price-box price-final_price\" data-role=\"priceBox\" data-product-id=\"3037\" data-price-box=\"product-id-3037\">\n<div class=\"price_sku\">SKU: AT10<\/div>\n<div class=\"price-pvp\">PVPR: 8,90 \u20ac<\/div>\n<div class=\"semaforo_product_wrapper d-flex align-items-center py-3\">\n<ul class=\"semaforo_product d-flex test status_508 productID_3037 mr-3\">\n<li><\/li>\n<li><\/li>\n<li><\/li>\n<\/ul>\n<p><span class=\"status_txt\">En existencia<\/span><\/div>\n<\/div>\n<div class=\"product-item-inner\">\n<div class=\"product actions product-item-actions\">\n<div class=\"actions-primary\"><\/div>\n<\/div>\n<\/div>\n<\/div>\n<\/div>\n<\/li>\n<li class=\"item product product-item nth-child-2n nth-child-3n nth-child-5np1 nth-child-6n\">\n<div class=\"product-item-info type1\" data-container=\"product-grid\">\n<div class=\"product photo product-item-photo\"><a tabindex=\"-1\" href=\"https:\/\/www.enriquekeller.com\/es\/cejilla-clasica-admira-cct1c.html\"> <img loading=\"lazy\" decoding=\"async\" class=\"product-image-photo default_image \" src=\"https:\/\/www.enriquekeller.com\/media\/catalog\/product\/cache\/4b5a824b17b49a443cff9dfcef912a4b\/c\/c\/cct1c_vista_1_1.png\" alt=\"\" width=\"212\" height=\"263\" \/> <\/a><\/div>\n<div class=\"product details product-item-details\"><strong class=\"product name product-item-name\"> <a class=\"product-item-link\" href=\"https:\/\/www.enriquekeller.com\/es\/cejilla-clasica-admira-cct1c.html\"> CEJILLA PARA CL\u00c1SICA ADMIRA CCT1C <\/a> <\/strong><\/p>\n<div class=\"product-reviews-summary short\">\n<div class=\"rating-summary\"><span class=\"label\">Rating:<\/span><\/p>\n<div class=\"rating-result\" title=\"0%\">0%<\/div>\n<\/div>\n<\/div>\n<div class=\"price-box price-final_price\" data-role=\"priceBox\" data-product-id=\"3034\" data-price-box=\"product-id-3034\">\n<div class=\"price_sku\">SKU: CCT1C<\/div>\n<div class=\"price-pvp\">PVPR: 10,00 \u20ac<\/div>\n<div class=\"semaforo_product_wrapper d-flex align-items-center py-3\">\n<ul class=\"semaforo_product d-flex test status_508 productID_3034 mr-3\">\n<li><\/li>\n<li><\/li>\n<li><\/li>\n<\/ul>\n<p><span class=\"status_txt\">En existencia<\/span><\/div>\n<\/div>\n<div class=\"product-item-inner\">\n<div class=\"product actions product-item-actions\">\n<div class=\"actions-primary\"><\/div>\n<\/div>\n<\/div>\n<\/div>\n<\/div>\n<\/li>\n<li class=\"item product product-item nth-child-2np1 nth-child-3np1 nth-child-6np1 nth-child-7n\">\n<div class=\"product-item-info type1\" data-container=\"product-grid\">\n<div class=\"product photo product-item-photo\"><a tabindex=\"-1\" href=\"https:\/\/www.enriquekeller.com\/es\/atril-pie-ms10bk-negro.html\"> <img loading=\"lazy\" decoding=\"async\" class=\"product-image-photo default_image \" src=\"https:\/\/www.enriquekeller.com\/media\/catalog\/product\/cache\/4b5a824b17b49a443cff9dfcef912a4b\/M\/S\/MS10BK.jpg\" alt=\"\" width=\"212\" height=\"263\" \/> <\/a><\/div>\n<div class=\"product details product-item-details\"><strong class=\"product name product-item-name\"> <a class=\"product-item-link\" href=\"https:\/\/www.enriquekeller.com\/es\/atril-pie-ms10bk-negro.html\"> ATRIL ADMIRA MS10BK NEGRO CON FUNDA <\/a> <\/strong><\/p>\n<div class=\"product-reviews-summary short\">\n<div class=\"rating-summary\"><span class=\"label\">Rating:<\/span><\/p>\n<div class=\"rating-result\" title=\"0%\">0%<\/div>\n<\/div>\n<\/div>\n<div class=\"price-box price-final_price\" data-role=\"priceBox\" data-product-id=\"2196\" data-price-box=\"product-id-2196\">\n<div class=\"price_sku\">SKU: MS10BK<\/div>\n<div class=\"price-pvp\">PVPR: 15,00 \u20ac<\/div>\n<div class=\"semaforo_product_wrapper d-flex align-items-center py-3\">\n<ul class=\"semaforo_product d-flex test status_508 productID_2196 mr-3\">\n<li><\/li>\n<li><\/li>\n<li><\/li>\n<\/ul>\n<p><span class=\"status_txt\">En existencia<\/span><\/div>\n<\/div>\n<div class=\"product-item-inner\">\n<div class=\"product actions product-item-actions\">\n<div class=\"actions-primary\"><\/div>\n<\/div>\n<\/div>\n<\/div>\n<\/div>\n<\/li>\n<li class=\"item product product-item nth-child-2n nth-child-4n nth-child-7np1 nth-child-8n\">\n<div class=\"product-item-info type1\" data-container=\"product-grid\">\n<div class=\"product photo product-item-photo\"><a tabindex=\"-1\" href=\"https:\/\/www.enriquekeller.com\/es\/cajon-rumbero-ritmo-1.html\"> <img loading=\"lazy\" decoding=\"async\" class=\"product-image-photo default_image \" src=\"https:\/\/www.enriquekeller.com\/media\/catalog\/product\/cache\/4b5a824b17b49a443cff9dfcef912a4b\/c\/r\/cr1-2_vista_2_2.png\" alt=\"\" width=\"212\" height=\"263\" \/> <\/a><\/div>\n<div class=\"product details product-item-details\"><strong class=\"product name product-item-name\"> <a class=\"product-item-link\" href=\"https:\/\/www.enriquekeller.com\/es\/cajon-rumbero-ritmo-1.html\"> CAJ\u00d3N RUMBERO RITMO CR1 <\/a> <\/strong><\/p>\n<div class=\"product-reviews-summary short\">\n<div class=\"rating-summary\"><span class=\"label\">Rating:<\/span><\/p>\n<div class=\"rating-result\" title=\"0%\">0%<\/div>\n<\/div>\n<\/div>\n<div class=\"price-box price-final_price\" data-role=\"priceBox\" data-product-id=\"1709\" data-price-box=\"product-id-1709\">\n<div class=\"price_sku\">SKU: CR1<\/div>\n<div class=\"price-pvp\">PVPR: 85,00 \u20ac<\/div>\n<div class=\"semaforo_product_wrapper d-flex align-items-center py-3\">\n<ul class=\"semaforo_product d-flex test status_508 productID_1709 mr-3\">\n<li><\/li>\n<li><\/li>\n<li><\/li>\n<\/ul>\n<p><span class=\"status_txt\">En existencia<\/span><\/div>\n<\/div>\n<div class=\"product-item-inner\">\n<div class=\"product actions product-item-actions\">\n<div class=\"actions-primary\"><\/div>\n<\/div>\n<\/div>\n<\/div>\n<\/div>\n<\/li>\n<\/ol>\n<\/div>\n<p>&nbsp;<\/p>\n<\/div>\n<div id=\"tab-label-description3\" class=\"data item title\" tabindex=\"0\" role=\"tab\" aria-labeledby=\"tab-label-description3-title\" data-role=\"collapsible\" data-collapsible=\"true\" aria-controls=\"description3\" aria-selected=\"false\" aria-expanded=\"false\"><a id=\"tab-label-description3-title\" class=\"data switch\" tabindex=\"-1\" href=\"https:\/\/www.enriquekeller.com\/es\/audio\/microphones\/microphones-sans-fil\/sistema-uhf-microfonia-inalambrica-solapa-ek-audio.html#description3\" data-toggle=\"switch\"> Detalles <\/a><\/div>\n<\/div>\n<\/div>\n","protected":false},"excerpt":{"rendered":"<p>MICR\u00d3FONO INAL\u00c1MBRICO DE SOLAPA EK UHF SKU WR25L En existencia Micr\u00f3fono Inal\u00e1mbrico de cabeza\u00a0 EK audio Sistema WR-25 UHF SISTEMA DIVERSITY Con pantalla de informaci\u00f3n LED Salida XLR equilibrado y salida de 1\/4 \u00bb no balanceadas. Con tecnolog\u00eda de control sintetizada PLL 8 canales seleccionables. RECEPTOR WR-25 Gama de frecuencia: 460-970MHz Sensibilidad de recepci\u00f3n: -105dBm [&hellip;]<\/p>\n","protected":false},"featured_media":8138,"comment_status":"closed","ping_status":"closed","template":"","meta":{"om_disable_all_campaigns":false},"product_cat":[54],"product_tag":[190],"class_list":["post-8140","product","type-product","status-publish","has-post-thumbnail","hentry","product_cat-microfonos","product_tag-microfono"],"aioseo_notices":[],"_links":{"self":[{"href":"https:\/\/www.musicalmollet.com\/index.php\/wp-json\/wp\/v2\/product\/8140","targetHints":{"allow":["GET"]}}],"collection":[{"href":"https:\/\/www.musicalmollet.com\/index.php\/wp-json\/wp\/v2\/product"}],"about":[{"href":"https:\/\/www.musicalmollet.com\/index.php\/wp-json\/wp\/v2\/types\/product"}],"replies":[{"embeddable":true,"href":"https:\/\/www.musicalmollet.com\/index.php\/wp-json\/wp\/v2\/comments?post=8140"}],"wp:featuredmedia":[{"embeddable":true,"href":"https:\/\/www.musicalmollet.com\/index.php\/wp-json\/wp\/v2\/media\/8138"}],"wp:attachment":[{"href":"https:\/\/www.musicalmollet.com\/index.php\/wp-json\/wp\/v2\/media?parent=8140"}],"wp:term":[{"taxonomy":"product_cat","embeddable":true,"href":"https:\/\/www.musicalmollet.com\/index.php\/wp-json\/wp\/v2\/product_cat?post=8140"},{"taxonomy":"product_tag","embeddable":true,"href":"https:\/\/www.musicalmollet.com\/index.php\/wp-json\/wp\/v2\/product_tag?post=8140"}],"curies":[{"name":"wp","href":"https:\/\/api.w.org\/{rel}","templated":true}]}}